{"id":8008,"date":"2024-04-17T15:58:11","date_gmt":"2024-04-17T15:58:11","guid":{"rendered":"https:\/\/bubbleslides.us\/?post_type=product&#038;p=8008"},"modified":"2024-04-17T15:59:14","modified_gmt":"2024-04-17T15:59:14","slug":"pantofole-zucca","status":"publish","type":"product","link":"https:\/\/bubbleslides.us\/it\/pantofole-zucca\/","title":{"rendered":"Pantofole di zucca"},"content":{"rendered":"<h3 class=\"md-end-block md-heading\"><span class=\"md-plain md-expand\">Entra nel comfort accogliente con le nostre adorabili pantofole a forma di zucca<\/span><\/h3>\n<p class=\"md-end-block md-p\">\n<p class=\"md-end-block md-p\"><span class=\"md-plain\">Preparatevi ad abbracciare lo spirito dell&#039;autunno e un comfort senza pari con le nostre graziose Pumpkin Slippers. Queste deliziose pantofole sono progettate per offrire il massimo in termini di comfort e stile, rendendole la scelta perfetta per rilassarsi a casa o celebrare la stagione autunnale.<\/span><\/p>\n<p class=\"md-end-block md-p\">\n<p class=\"md-end-block md-p\"><span class=\"md-plain\">Realizzate con materiali di alta qualit\u00e0, le nostre Pumpkin Slippers danno priorit\u00e0 al tuo comfort e benessere. L&#039;interno morbido e soffice culla delicatamente i tuoi piedi, offrendo ampio calore e supporto, mentre il materiale traspirante della tomaia mantiene i tuoi piedi comodi per tutto il giorno. Il design slip-on assicura una facile calzata e tolta, rendendo queste Pumpkin Slippers il compagno ideale per la tua routine quotidiana di relax.<\/span><\/p>\n<p class=\"md-end-block md-p\">\n<p class=\"md-end-block md-p\"><span class=\"md-plain\">L&#039;accattivante design a forma di zucca \u00e8 il punto focale di queste pantofole, caratterizzate da una vivace tonalit\u00e0 arancione e da una giocosa faccia da zucca di Halloween che cattura l&#039;essenza della stagione autunnale. I dettagli intricati del design a forma di zucca cattureranno sicuramente l&#039;attenzione e ti faranno guadagnare i complimenti di familiari e amici. Che tu sia rannicchiato con una bevanda calda, guardando i tuoi film autunnali preferiti o semplicemente godendoti l&#039;aria frizzante autunnale, le nostre pantofole a forma di zucca ti faranno apparire e sentire al meglio.<\/span><\/p>\n<p class=\"md-end-block md-p\">\n<p class=\"md-end-block md-p\"><span class=\"md-plain\">Ma non fidarti solo della nostra parola; ascolta cosa hanno da dire i nostri entusiasti clienti sulla loro esperienza con queste Pumpkin Slippers. Emma da Boston ne \u00e8 entusiasta: &quot;Adoro le mie Pumpkin Slippers! Sono cos\u00ec calde e comode e il design a forma di zucca \u00e8 semplicemente adorabile&quot;. Liam da Vancouver aggiunge: &quot;Queste Pumpkin Slippers sono diventate il mio punto di riferimento per rilassarmi a casa durante la stagione autunnale. L&#039;interno in peluche \u00e8 cos\u00ec comodo e il design a forma di zucca aggiunge il tocco perfetto di fascino autunnale&quot;.<\/span><\/p>\n<p class=\"md-end-block md-p\">\n<p class=\"md-end-block md-p\"><span class=\"md-plain\">Regalati il massimo del comfort e dello stile stagionale con le nostre Pumpkin Slippers. Queste incantevoli pantofole uniscono intimit\u00e0, calore e un tocco di magia autunnale, rendendole l&#039;aggiunta perfetta alla tua collezione di loungewear autunnale. Quindi perch\u00e9 aspettare? Entra nel lussuoso comfort e fascino delle nostre Pumpkin Slippers oggi stesso e scopri la differenza che un po&#039; di spezie di zucca pu\u00f2 fare nel tuo relax quotidiano.<\/span><\/p>\n<p class=\"md-end-block md-p\">\n<p class=\"md-end-block md-p md-focus\"><span class=\"md-plain md-expand\">Concedetevi il perfetto mix di comfort e stile autunnale con le nostre Pumpkin Slippers, la scelta definitiva per chiunque voglia celebrare lo spirito accogliente dell&#039;autunno. I vostri piedi (e il vostro amore per la stagione) vi ringrazieranno!<\/span><\/p>","protected":false},"excerpt":{"rendered":"<p>Step into Cozy Comfort with Our Adorable Pumpkin Slippers Get ready to embrace the spirit of autumn and unparalleled comfort with our charming Pumpkin Slippers. These delightful slippers are designed to provide the ultimate in coziness and style, making them the perfect choice for lounging at home or celebrating the fall season. Crafted with high-quality [&#8230;]\n","protected":false},"featured_media":8013,"comment_status":"open","ping_status":"closed","template":"","meta":[],"product_brand":[],"product_cat":[154],"product_tag":[163],"class_list":{"0":"post-8008","1":"product","2":"type-product","3":"status-publish","4":"has-post-thumbnail","6":"product_cat-pumpkin-slippers","7":"product_tag-pumpkin-slippers","9":"first","10":"instock","11":"sale","12":"shipping-taxable","13":"purchasable","14":"product-type-variable","15":"has-default-attributes"},"_links":{"self":[{"href":"https:\/\/bubbleslides.us\/it\/wp-json\/wp\/v2\/product\/8008","targetHints":{"allow":["GET"]}}],"collection":[{"href":"https:\/\/bubbleslides.us\/it\/wp-json\/wp\/v2\/product"}],"about":[{"href":"https:\/\/bubbleslides.us\/it\/wp-json\/wp\/v2\/types\/product"}],"replies":[{"embeddable":true,"href":"https:\/\/bubbleslides.us\/it\/wp-json\/wp\/v2\/comments?post=8008"}],"wp:featuredmedia":[{"embeddable":true,"href":"https:\/\/bubbleslides.us\/it\/wp-json\/wp\/v2\/media\/8013"}],"wp:attachment":[{"href":"https:\/\/bubbleslides.us\/it\/wp-json\/wp\/v2\/media?parent=8008"}],"wp:term":[{"taxonomy":"product_brand","embeddable":true,"href":"https:\/\/bubbleslides.us\/it\/wp-json\/wp\/v2\/product_brand?post=8008"},{"taxonomy":"product_cat","embeddable":true,"href":"https:\/\/bubbleslides.us\/it\/wp-json\/wp\/v2\/product_cat?post=8008"},{"taxonomy":"product_tag","embeddable":true,"href":"https:\/\/bubbleslides.us\/it\/wp-json\/wp\/v2\/product_tag?post=8008"}],"curies":[{"name":"wp","href":"https:\/\/api.w.org\/{rel}","templated":true}]}}