{"id":7586,"date":"2023-08-17T02:22:17","date_gmt":"2023-08-17T02:22:17","guid":{"rendered":"https:\/\/bubbleslides.us\/?post_type=product&#038;p=7586"},"modified":"2024-03-14T11:30:36","modified_gmt":"2024-03-14T11:30:36","slug":"ciabatte-infradito-rosa-con-bolle","status":"publish","type":"product","link":"https:\/\/bubbleslides.us\/it\/ciabatte-infradito-rosa-con-bolle\/","title":{"rendered":"Infradito rosa Bubble Slides"},"content":{"rendered":"<p>Infradito rosa Bubble Slides<\/p>\n<p>Diffondi energia allegra durante le giornate impegnative con le infradito rosa Bubble Slides. Realizzato in EVA leggero e traspirante che culla un plantare aperto, questo paio vibrante calma i passi con texture morbide come un cuscino, perfette per una vita attiva con leggerezza.<\/p>\n<p>Una struttura modellata in EVA contorna delicatamente la tomaia e la suola, abbracciando i talloni e le dita dei piedi in un morbido relax mentre l&#039;attivit\u00e0 prende forma. A differenza delle diapositive rigide, il materiale flessibile segue in modo flessibile ogni passo di rimbalzo senza restrizioni.<\/p>\n<p>Un design aperto massimizza le brezze incrociate. Permette anche un rapido drenaggio nel caso in cui l&#039;acqua inumidisca il divertimento. Che si tratti di commissioni sotto la pioggia o di divertimenti a bordo piscina, la suola fluida accelera l&#039;asciugatura tra le dita dei piedi mantenendo un comfort improvvisato.<\/p>\n<p>Piccoli rilievi in EVA che rivestono la comoda suola offrono una trazione affidabile ovunque vaghi l&#039;immaginazione. Il supporto antiscivolo \u00e8 sicuro sia all&#039;interno che durante le esplorazioni pi\u00f9 avventurose. La stabilit\u00e0 \u00e8 costante e consente movimenti gioiosi e illimitati.<\/p>\n<p>Ora emana uno spirito allegro attraverso un tocco rosa brillante. Le morbide texture adorano ogni passo spensierato preso con la massima disinvoltura, adatto per una vivace spontaneit\u00e0 liberamente. Tuta drenante e di trazione per vivere in modo vivace con stravagante facilit\u00e0.<\/p>\n<p>Vivi giornate spensierate trasportate allegramente attraverso movimenti edificanti. Il rosa Bubble Slides ispira le dosi giornaliere raccomandate di gioco fantasioso. Il comfort traspirante e il supporto potenziano le avventure a piedi con fantasie ad ogni rimbalzo.<\/p>","protected":false},"excerpt":{"rendered":"<p>Pink Bubble Slides Flip Flops Spread cheerful energy through busy days with the Pink Bubble Slides Flip Flops. Constructed from lightweight breathable EVA cradling an open footbed, this vibrant pair soothes strides with pillow-soft textures perfect for active living lightly. A molded EVA construction gently contours uppers and sole, hugging heels and toes in smooth [&#8230;]\n","protected":false},"featured_media":7581,"comment_status":"open","ping_status":"closed","template":"","meta":[],"product_brand":[],"product_cat":[64,55,56],"product_tag":[84],"class_list":{"0":"post-7586","1":"product","2":"type-product","3":"status-publish","4":"has-post-thumbnail","6":"product_cat-pink-bubble-slides","7":"product_cat-flip-flops-slides-for-women","8":"product_cat-flip-flops-slides-for-men","9":"product_tag-bubble-slides","11":"first","12":"instock","13":"sale","14":"shipping-taxable","15":"purchasable","16":"product-type-variable","17":"has-default-attributes"},"_links":{"self":[{"href":"https:\/\/bubbleslides.us\/it\/wp-json\/wp\/v2\/product\/7586","targetHints":{"allow":["GET"]}}],"collection":[{"href":"https:\/\/bubbleslides.us\/it\/wp-json\/wp\/v2\/product"}],"about":[{"href":"https:\/\/bubbleslides.us\/it\/wp-json\/wp\/v2\/types\/product"}],"replies":[{"embeddable":true,"href":"https:\/\/bubbleslides.us\/it\/wp-json\/wp\/v2\/comments?post=7586"}],"wp:featuredmedia":[{"embeddable":true,"href":"https:\/\/bubbleslides.us\/it\/wp-json\/wp\/v2\/media\/7581"}],"wp:attachment":[{"href":"https:\/\/bubbleslides.us\/it\/wp-json\/wp\/v2\/media?parent=7586"}],"wp:term":[{"taxonomy":"product_brand","embeddable":true,"href":"https:\/\/bubbleslides.us\/it\/wp-json\/wp\/v2\/product_brand?post=7586"},{"taxonomy":"product_cat","embeddable":true,"href":"https:\/\/bubbleslides.us\/it\/wp-json\/wp\/v2\/product_cat?post=7586"},{"taxonomy":"product_tag","embeddable":true,"href":"https:\/\/bubbleslides.us\/it\/wp-json\/wp\/v2\/product_tag?post=7586"}],"curies":[{"name":"wp","href":"https:\/\/api.w.org\/{rel}","templated":true}]}}