{"id":7578,"date":"2023-08-17T01:08:41","date_gmt":"2023-08-17T01:08:41","guid":{"rendered":"https:\/\/bubbleslides.us\/?post_type=product&#038;p=7578"},"modified":"2024-03-14T12:30:34","modified_gmt":"2024-03-14T12:30:34","slug":"ciabatte-infradito-con-bolle-bianche","status":"publish","type":"product","link":"https:\/\/bubbleslides.us\/it\/ciabatte-infradito-con-bolle-bianche\/","title":{"rendered":"Infradito bianche Bubble Slides"},"content":{"rendered":"<h5>Scivola nel comfort semplice con le infradito bianche Bubble Slides<\/h5>\n<p>Fluttua nelle giornate impegnative con le infradito bianche Bubble Slides. Realizzati in EVA leggero che abbraccia un plantare aperto, questo paio versatile ammortizza ogni passo con texture morbide come un cuscino, ideali per una vita casual.<\/p>\n<p>Una struttura modellata in EVA modella delicatamente la tomaia e la suola fino a coprire i talloni e le dita dei piedi in completo relax mentre commissioni e avventure travolgono la giornata. A differenza delle guide rigide, il materiale elastico segue con flessibilit\u00e0 ogni passo senza costrizioni o affaticamenti.<\/p>\n<p>Un design aperto massimizza la ventilazione incrociata. Consente inoltre un rapido drenaggio nel caso in cui l&#039;acqua inumidisca il tempo di gioco. Che si tratti di tuffi a bordo piscina o commissioni sotto la pioggia, la suola fluida accelera l&#039;asciugatura tra le dita dei piedi in un lampo. Il comfort riprende senza soluzione di continuit\u00e0 qualunque cosa accada dopo!<\/p>\n<p>I piccoli dossi in EVA che rivestono la comoda suola offrono una trazione affidabile ovunque porti l&#039;immaginazione. La trazione antiscivolo rimane assicurata sia che si corre all&#039;interno o che si esplori pi\u00f9 all&#039;aperto. La stabilit\u00e0 \u00e8 costante e consente movimenti spontanei illimitati.<\/p>\n<p>Ora canalizza la semplicit\u00e0 attraverso tonalit\u00e0 bianche nitide. Le texture morbide adorano ogni passo comodo compiuto con la massima disinvoltura, adatto per una vita attiva e libera. Il drenaggio e la trazione si adattano a diversi scenari con leggerezza e facilit\u00e0.<\/p>\n<p>Sperimenta giornate senza stress trasportate senza sforzo attraverso passi di galleggiamento. White Bubble Slides uplift quotidiano consigliato per il relax in movimento. Il comfort traspirante e la trazione sicura consentono di vivere liberamente e spontaneamente con una fantasia leggera attraverso ogni passo rilassato.<\/p>","protected":false},"excerpt":{"rendered":"<p>Slip Into Simple Comfort with White Bubble Slides Flip Flops Float through busy days in the White Bubble Slides Flip Flops. Crafted from lightweight EVA cradling an open footbed, this versatile pair cushions each stride with pillow-soft textures ideal for casual living. A molded EVA construction gently shapes uppers and sole to cup heels and [&#8230;]\n","protected":false},"featured_media":7580,"comment_status":"open","ping_status":"closed","template":"","meta":[],"product_brand":[],"product_cat":[56,55,63],"product_tag":[84],"class_list":{"0":"post-7578","1":"product","2":"type-product","3":"status-publish","4":"has-post-thumbnail","6":"product_cat-flip-flops-slides-for-men","7":"product_cat-flip-flops-slides-for-women","8":"product_cat-white-bubble-slides","9":"product_tag-bubble-slides","11":"first","12":"instock","13":"sale","14":"shipping-taxable","15":"purchasable","16":"product-type-variable","17":"has-default-attributes"},"_links":{"self":[{"href":"https:\/\/bubbleslides.us\/it\/wp-json\/wp\/v2\/product\/7578","targetHints":{"allow":["GET"]}}],"collection":[{"href":"https:\/\/bubbleslides.us\/it\/wp-json\/wp\/v2\/product"}],"about":[{"href":"https:\/\/bubbleslides.us\/it\/wp-json\/wp\/v2\/types\/product"}],"replies":[{"embeddable":true,"href":"https:\/\/bubbleslides.us\/it\/wp-json\/wp\/v2\/comments?post=7578"}],"wp:featuredmedia":[{"embeddable":true,"href":"https:\/\/bubbleslides.us\/it\/wp-json\/wp\/v2\/media\/7580"}],"wp:attachment":[{"href":"https:\/\/bubbleslides.us\/it\/wp-json\/wp\/v2\/media?parent=7578"}],"wp:term":[{"taxonomy":"product_brand","embeddable":true,"href":"https:\/\/bubbleslides.us\/it\/wp-json\/wp\/v2\/product_brand?post=7578"},{"taxonomy":"product_cat","embeddable":true,"href":"https:\/\/bubbleslides.us\/it\/wp-json\/wp\/v2\/product_cat?post=7578"},{"taxonomy":"product_tag","embeddable":true,"href":"https:\/\/bubbleslides.us\/it\/wp-json\/wp\/v2\/product_tag?post=7578"}],"curies":[{"name":"wp","href":"https:\/\/api.w.org\/{rel}","templated":true}]}}