{"id":7576,"date":"2023-08-17T01:02:44","date_gmt":"2023-08-17T01:02:44","guid":{"rendered":"https:\/\/bubbleslides.us\/?post_type=product&#038;p=7576"},"modified":"2024-03-14T09:10:31","modified_gmt":"2024-03-14T09:10:31","slug":"diapositive-con-bolle-di-colore-arancione-dal-design-floreale","status":"publish","type":"product","link":"https:\/\/bubbleslides.us\/it\/diapositive-con-bolle-di-colore-arancione-dal-design-floreale\/","title":{"rendered":"Fiore Design arancione Bubble Slides"},"content":{"rendered":"<h5>Eleva lo spirito con il comfort solare in fiori d&#039;arancio Bubble Slides<\/h5>\n<p>Diffondi energia allegra ovunque i piedi vaghino liberamente con Blossom Design Orange Bubble Slides. Realizzato in EVA leggero e traspirante stampato con fiori, questo vivace paio ammortizza i passi con texture morbide come un cuscino su misura per una vita attiva.<\/p>\n<p>La schiuma EVA contorna delicatamente tomaie e suole flessibili, cullando talloni e dita dei piedi in un morbido relax mentre le avventure si svolgono. A differenza delle guide rigide, il materiale elastico si flette senza costrizioni o fatica. I fiori ravvivano ogni movimento rilassante con il sole.<\/p>\n<p>Un design aperto consente brezze incrociate. Consente inoltre un rapido drenaggio nel caso in cui i rumori provocassero spruzzi. Che si tratti di giardinaggio o di commissioni sotto la pioggia, la suola fluida si asciuga rapidamente tra le dita dei piedi. Il divertimento riprende senza interruzioni in un lampo!<\/p>\n<p>Piccoli dossi in gomma che rivestono la morbida suola garantiscono una trazione affidabile ovunque porti l&#039;immaginazione. La trazione antiscivolo rimane stabile all&#039;interno o durante le esplorazioni. La stabilit\u00e0 sembra costante e consente movimenti allegri e illimitati.<\/p>\n<p>Ora emana uno spirito allegro attraverso stampe floreali su una tonalit\u00e0 solare. Le morbide texture abbracciano ogni passo rivitalizzante compiuto con la massima comodit\u00e0. Tuta drenante e aderente per vivere liberamente con stravagante facilit\u00e0.<\/p>\n<p>Sperimenta giornate spensierate portate senza sforzo attraverso movimenti edificanti. Orange Blossom Bubble Slides aumenta le dosi giornaliere raccomandate di rinnovamento fantasioso. Il comfort traspirante e il supporto sicuro consentono avventure ispirate a piedi con i sorrisi della natura che sbocciano ad ogni rimbalzo!<\/p>","protected":false},"excerpt":{"rendered":"<p>Uplift Spirit with Sunny Comfort in Orange Blossom Bubble Slides Spread cheerful energy wherever feet wander freely in the Blossom Design Orange Bubble Slides. Crafted from lightweight breathable EVA printed with blooms, this vibrant pair cushions strides with pillow-soft textures tailored for active living. EVA foam gently contours pliant uppers and soles, cradling heels and [&#8230;]\n","protected":false},"featured_media":7565,"comment_status":"open","ping_status":"closed","template":"","meta":[],"product_brand":[],"product_cat":[66,89],"product_tag":[84],"class_list":{"0":"post-7576","1":"product","2":"type-product","3":"status-publish","4":"has-post-thumbnail","6":"product_cat-orange-bubble-slides","7":"product_cat-bubble-slides-with-charms","8":"product_tag-bubble-slides","10":"first","11":"instock","12":"sale","13":"shipping-taxable","14":"purchasable","15":"product-type-variable","16":"has-default-attributes"},"_links":{"self":[{"href":"https:\/\/bubbleslides.us\/it\/wp-json\/wp\/v2\/product\/7576","targetHints":{"allow":["GET"]}}],"collection":[{"href":"https:\/\/bubbleslides.us\/it\/wp-json\/wp\/v2\/product"}],"about":[{"href":"https:\/\/bubbleslides.us\/it\/wp-json\/wp\/v2\/types\/product"}],"replies":[{"embeddable":true,"href":"https:\/\/bubbleslides.us\/it\/wp-json\/wp\/v2\/comments?post=7576"}],"wp:featuredmedia":[{"embeddable":true,"href":"https:\/\/bubbleslides.us\/it\/wp-json\/wp\/v2\/media\/7565"}],"wp:attachment":[{"href":"https:\/\/bubbleslides.us\/it\/wp-json\/wp\/v2\/media?parent=7576"}],"wp:term":[{"taxonomy":"product_brand","embeddable":true,"href":"https:\/\/bubbleslides.us\/it\/wp-json\/wp\/v2\/product_brand?post=7576"},{"taxonomy":"product_cat","embeddable":true,"href":"https:\/\/bubbleslides.us\/it\/wp-json\/wp\/v2\/product_cat?post=7576"},{"taxonomy":"product_tag","embeddable":true,"href":"https:\/\/bubbleslides.us\/it\/wp-json\/wp\/v2\/product_tag?post=7576"}],"curies":[{"name":"wp","href":"https:\/\/api.w.org\/{rel}","templated":true}]}}