{"id":7568,"date":"2023-08-17T00:23:40","date_gmt":"2023-08-17T00:23:40","guid":{"rendered":"https:\/\/bubbleslides.us\/?post_type=product&#038;p=7568"},"modified":"2024-03-14T13:30:49","modified_gmt":"2024-03-14T13:30:49","slug":"diapositive-con-bolle-di-colore-rosa-dal-design-floreale","status":"publish","type":"product","link":"https:\/\/bubbleslides.us\/it\/diapositive-con-bolle-di-colore-rosa-dal-design-floreale\/","title":{"rendered":"Fiore Design Rosa Bubble Slides"},"content":{"rendered":"<h5>Il rilassamento radioso sboccia in fiori rosa Bubble Slides<\/h5>\n<p>Momenti vivaci con il Blossom Design Pink Bubble Slides. Composto da EVA leggero e traspirante arricchito da stampe floreali, questo vivace paio ammortizza i passi in texture morbide come un cuscino su misura per una vita attiva.<\/p>\n<p>La schiuma EVA contorna delicatamente tomaie e suole morbide per abbracciare talloni e dita dei piedi in un morbido relax mentre i piedi vagano. A differenza dei materiali duri, l&#039;EVA elastico si modella facilmente con movimenti naturali senza costrizioni o fatica. I fiori ravvivano ogni movimento rilassante.<\/p>\n<p>Un design aperto consente brezze incrociate. Consente inoltre un rapido drenaggio nel caso in cui le avventure portino a spruzzi. Che si tratti di giochi in giardino o di attivit\u00e0 sotto la pioggia, la suola fluida accelera l&#039;asciugatura tra le dita dei piedi in un istante. Il comfort riprende senza soluzione di continuit\u00e0 il divertimento!<\/p>\n<p>Piccoli protuberanze in gomma che rivestono la suola flessibile offrono una trazione affidabile ovunque la creativit\u00e0 guidi. Il supporto antiscivolo rimane sicuro sia che si corre all&#039;interno che pi\u00f9 lontano. La stabilit\u00e0 \u00e8 costante e consente movimenti illimitati.<\/p>\n<p>Ora emana uno spirito allegro attraverso disegni fioriti su uno sfondo rosato. Le morbide texture abbracciano ogni passo disinvolto compiuto con la massima comodit\u00e0 per una vita attiva e libera. Il drenaggio e la trazione si adattano a vari scenari con stravagante semplicit\u00e0.<\/p>\n<p>Vivi giornate spensierate portate senza sforzo attraverso movimenti rigeneranti. Pink Blossom Bubble Slides aumenta le porzioni quotidiane di relax fantasioso. Il comfort traspirante e il supporto sicuro potenziano la vita ispirata con fantasie che sbocciano ad ogni rimbalzo.<\/p>","protected":false},"excerpt":{"rendered":"<p>Radiant Relaxation Blooms in Pink Blossom Bubble Slides Uplift spirited moments with the Blossom Design Pink Bubble Slides. Composed of lightweight breathable EVA enriched by floral prints, this vibrant pair cushions strides in pillow-soft textures tailored for active living. EVA foam gently contours supple uppers and soles to hug heels and toes in smooth relaxation [&#8230;]\n","protected":false},"featured_media":7561,"comment_status":"open","ping_status":"closed","template":"","meta":[],"product_brand":[],"product_cat":[64,89],"product_tag":[92],"class_list":{"0":"post-7568","1":"product","2":"type-product","3":"status-publish","4":"has-post-thumbnail","6":"product_cat-pink-bubble-slides","7":"product_cat-bubble-slides-with-charms","8":"product_tag-bubble-slides-sandals","10":"first","11":"instock","12":"sale","13":"shipping-taxable","14":"purchasable","15":"product-type-variable","16":"has-default-attributes"},"_links":{"self":[{"href":"https:\/\/bubbleslides.us\/it\/wp-json\/wp\/v2\/product\/7568","targetHints":{"allow":["GET"]}}],"collection":[{"href":"https:\/\/bubbleslides.us\/it\/wp-json\/wp\/v2\/product"}],"about":[{"href":"https:\/\/bubbleslides.us\/it\/wp-json\/wp\/v2\/types\/product"}],"replies":[{"embeddable":true,"href":"https:\/\/bubbleslides.us\/it\/wp-json\/wp\/v2\/comments?post=7568"}],"wp:featuredmedia":[{"embeddable":true,"href":"https:\/\/bubbleslides.us\/it\/wp-json\/wp\/v2\/media\/7561"}],"wp:attachment":[{"href":"https:\/\/bubbleslides.us\/it\/wp-json\/wp\/v2\/media?parent=7568"}],"wp:term":[{"taxonomy":"product_brand","embeddable":true,"href":"https:\/\/bubbleslides.us\/it\/wp-json\/wp\/v2\/product_brand?post=7568"},{"taxonomy":"product_cat","embeddable":true,"href":"https:\/\/bubbleslides.us\/it\/wp-json\/wp\/v2\/product_cat?post=7568"},{"taxonomy":"product_tag","embeddable":true,"href":"https:\/\/bubbleslides.us\/it\/wp-json\/wp\/v2\/product_tag?post=7568"}],"curies":[{"name":"wp","href":"https:\/\/api.w.org\/{rel}","templated":true}]}}