{"id":7541,"date":"2023-08-16T15:16:15","date_gmt":"2023-08-16T15:16:15","guid":{"rendered":"https:\/\/bubbleslides.us\/?post_type=product&#038;p=7541"},"modified":"2024-04-17T07:56:33","modified_gmt":"2024-04-17T07:56:33","slug":"ciabatte-grigie-con-faccina-in-rete-antiscivolo","status":"publish","type":"product","link":"https:\/\/bubbleslides.us\/it\/ciabatte-grigie-con-faccina-in-rete-antiscivolo\/","title":{"rendered":"Pantofole grigie con faccina sorridente - Mesh antiscivolo"},"content":{"rendered":"<p class=\"md-end-block md-p\"><span class=\"md-plain md-expand\">Abbracciate il comfort e la positivit\u00e0 con le pantofole Smiley Face grigie - Mesh antiscivolo<\/span><\/p>\n<p class=\"md-end-block md-p\"><span class=\"md-plain\">Scoprite la miscela perfetta di stile, comfort e allegria con le nostre pantofole Smiley Face grigie - Mesh antiscivolo, la scelta di calzature definitiva per chi apprezza sia la funzionalit\u00e0 che una visione allegra della vita. Queste incantevoli pantofole non solo offrono un comfort e un sostegno impareggiabili, ma portano anche un tocco di allegria e positivit\u00e0 alla vostra routine quotidiana. Con il loro giocoso design a faccina, il tessuto a rete traspirante e le suole antiscivolo, queste pantofole sono il compagno ideale per chiunque voglia abbracciare la felicit\u00e0 e il comfort a ogni passo.<\/span><\/p>\n<p class=\"md-end-block md-p\"><span class=\"md-plain\">Le nostre pantofole Smiley Face grigie sono caratterizzate da un design sottile ma accattivante che mostra l'iconica faccina sorridente in una sofisticata tonalit\u00e0 di grigio chiaro. Questo allegro emblema di felicit\u00e0 \u00e8 inserito in un tessuto a rete leggero e traspirante, creando una pantofola che unisce senza sforzo stile e praticit\u00e0. Il materiale a rete consente un'eccellente circolazione dell'aria, assicurando che i piedi rimangano freschi, asciutti e comodi per tutto il giorno, anche nei mesi pi\u00f9 caldi. Dite addio ai piedi sudati e scomodi e date il benvenuto al comfort rinfrescante e arioso delle nostre pantofole Smiley Face grigie.<\/span><\/p>\n<p class=\"md-end-block md-p\"><span class=\"md-plain\">Ma queste pantofole non offrono solo traspirabilit\u00e0, bens\u00ec anche un sostegno e una stabilit\u00e0 eccezionali, grazie alle loro suole antiscivolo. Realizzate con un materiale in gomma resistente e strutturato, le suole delle nostre pantofole Smiley Face offrono un'eccellente trazione su una variet\u00e0 di superfici, consentendovi di muovervi nella vostra giornata con sicurezza e facilit\u00e0. Che si tratti di pavimenti in legno, piastrelle o tappeti, queste pantofole vi terranno fermi sui vostri piedi, riducendo al minimo il rischio di scivolare e cadere. Con le pantofole Smiley Face Grey - Mesh Non-Slip, potrete godere della perfetta combinazione di comfort, sicurezza e stile.<\/span><\/p>\n<p class=\"md-end-block md-p\"><span class=\"md-plain\">Infilando queste deliziose pantofole, sentirete immediatamente la differenza nel vostro umore e nel vostro benessere generale. La soletta morbida e ammortizzata culla delicatamente i piedi, fornendo un ampio sostegno e riducendo i punti di pressione, mentre il tessuto a rete traspirante mantiene i piedi freschi e confortevoli. Il design a forma di faccina sorridente serve a ricordarvi di affrontare la vita con uno sguardo positivo, facendovi sorridere a ogni sguardo sui vostri piedi. Che vi stiate rilassando a casa, facendo commissioni o semplicemente godendo di una giornata informale, le nostre pantofole Smiley Face grigie - Mesh antiscivolo sono le compagne perfette per aiutarvi ad abbracciare la felicit\u00e0 e il comfort a ogni passo.<\/span><\/p>\n<p class=\"md-end-block md-p\"><span class=\"md-plain\">Ma non fidatevi solo della nostra parola; guardate cosa hanno da dire i nostri clienti soddisfatti della loro esperienza con queste pantofole. Jessica di Chicago afferma: \"Adoro le mie pantofole Smiley Face grigie! Sono cos\u00ec comode e le suole antiscivolo mi danno la sicurezza di indossarle in casa senza preoccuparmi di scivolare\". Michael, di Miami, aggiunge: \"Queste pantofole sono diventate il mio punto di riferimento sia per il comfort che per lo stile. La rete traspirante mantiene i miei piedi freschi e le faccine sorridenti mi fanno sempre sorridere\".<\/span><\/p>\n<p class=\"md-end-block md-p\"><span class=\"md-plain\">In un mondo in cui il comfort, lo stile e la felicit\u00e0 sembrano spesso un gioco di equilibri, le nostre pantofole Smiley Face grigie - Mesh antiscivolo offrono la soluzione perfetta. Concedendo ai vostri piedi la lussuosa morbidezza, il sostegno e la traspirabilit\u00e0 di queste pantofole, investirete nel vostro benessere generale e abbraccerete una vita piena di gioia e positivit\u00e0. Quindi perch\u00e9 aspettare? Entrate oggi stesso nella felicit\u00e0 e nel comfort delle nostre pantofole Smiley Face Grey - Mesh Non-Slip e scoprite la differenza che un semplice sorriso pu\u00f2 fare nella vostra vita quotidiana.<\/span><\/p>\n<p class=\"md-end-block md-p md-focus\"><span class=\"md-plain md-expand\">Abbracciate la felicit\u00e0, un passo alla volta, con le pantofole Smiley Face Grey - Mesh Non-Slip - la combinazione definitiva di comfort, stile e positivit\u00e0. I vostri piedi (e il vostro umore) vi ringrazieranno!<\/span><\/p>","protected":false},"excerpt":{"rendered":"<p>Embrace Comfort and Positivity with Grey Smiley Face Slippers &#8211; Mesh Non-Slip Discover the perfect blend of style, comfort, and joy with our Grey Smiley Face Slippers &#8211; Mesh Non-Slip, the ultimate footwear choice for those who value both functionality and a cheerful outlook on life. These charming slippers not only provide unparalleled comfort and [&#8230;]\n","protected":false},"featured_media":7531,"comment_status":"open","ping_status":"closed","template":"","meta":[],"product_brand":[],"product_cat":[127,87,56,55],"product_tag":[91],"class_list":{"0":"post-7541","1":"product","2":"type-product","3":"status-publish","4":"has-post-thumbnail","6":"product_cat-smiley-face-slippers","7":"product_cat-bubble-slides-bathroom-non-slip-series","8":"product_cat-flip-flops-slides-for-men","9":"product_cat-flip-flops-slides-for-women","10":"product_tag-smiley-face-slippers","12":"first","13":"instock","14":"sale","15":"shipping-taxable","16":"purchasable","17":"product-type-variable","18":"has-default-attributes"},"_links":{"self":[{"href":"https:\/\/bubbleslides.us\/it\/wp-json\/wp\/v2\/product\/7541","targetHints":{"allow":["GET"]}}],"collection":[{"href":"https:\/\/bubbleslides.us\/it\/wp-json\/wp\/v2\/product"}],"about":[{"href":"https:\/\/bubbleslides.us\/it\/wp-json\/wp\/v2\/types\/product"}],"replies":[{"embeddable":true,"href":"https:\/\/bubbleslides.us\/it\/wp-json\/wp\/v2\/comments?post=7541"}],"wp:featuredmedia":[{"embeddable":true,"href":"https:\/\/bubbleslides.us\/it\/wp-json\/wp\/v2\/media\/7531"}],"wp:attachment":[{"href":"https:\/\/bubbleslides.us\/it\/wp-json\/wp\/v2\/media?parent=7541"}],"wp:term":[{"taxonomy":"product_brand","embeddable":true,"href":"https:\/\/bubbleslides.us\/it\/wp-json\/wp\/v2\/product_brand?post=7541"},{"taxonomy":"product_cat","embeddable":true,"href":"https:\/\/bubbleslides.us\/it\/wp-json\/wp\/v2\/product_cat?post=7541"},{"taxonomy":"product_tag","embeddable":true,"href":"https:\/\/bubbleslides.us\/it\/wp-json\/wp\/v2\/product_tag?post=7541"}],"curies":[{"name":"wp","href":"https:\/\/api.w.org\/{rel}","templated":true}]}}