{"id":7539,"date":"2023-08-16T15:14:37","date_gmt":"2023-08-16T15:14:37","guid":{"rendered":"https:\/\/bubbleslides.us\/?post_type=product&#038;p=7539"},"modified":"2024-04-17T07:58:08","modified_gmt":"2024-04-17T07:58:08","slug":"ciabatte-con-faccina-nera-in-rete-antiscivolo","status":"publish","type":"product","link":"https:\/\/bubbleslides.us\/it\/ciabatte-con-faccina-nera-in-rete-antiscivolo\/","title":{"rendered":"Pantofole nere con faccina sorridente - Mesh antiscivolo"},"content":{"rendered":"<div>Entra nel comfort e nella gioia con le pantofole nere con faccina sorridente - Maglia antiscivolo<\/div>\n<div><\/div>\n<div>Ecco il mix perfetto di stile, comfort e positivit\u00e0: le nostre pantofole nere Smiley Face - Mesh antiscivolo. Queste deliziose pantofole sono progettate per portare un tocco di stravaganza e felicit\u00e0 nella tua vita quotidiana, offrendo al contempo comfort e supporto senza pari. Con il loro design giocoso con faccina sorridente, tessuto traspirante in mesh e suole antiscivolo, queste pantofole sono la scelta ideale per chiunque desideri abbracciare comfort e gioia a ogni passo.<\/div>\n<div><\/div>\n<div>Le nostre pantofole Black Smiley Face presentano un design audace e accattivante che mette in mostra l&#039;iconica faccina sorridente in una tonalit\u00e0 nera elegante. Questo allegro emblema di felicit\u00e0 si distingue dal tessuto a rete leggero e traspirante, creando una pantofola che unisce senza sforzo stile e funzionalit\u00e0. Il materiale a rete consente un&#039;eccellente circolazione dell&#039;aria, assicurando che i tuoi piedi rimangano freschi, asciutti e comodi per tutto il giorno, anche durante i mesi pi\u00f9 caldi. D\u00ec addio ai piedi sudati e scomodi e dai il benvenuto al comfort rinfrescante e arioso delle nostre pantofole Black Smiley Face.<\/div>\n<div><\/div>\n<div>Ma queste pantofole offrono pi\u00f9 della semplice traspirabilit\u00e0; forniscono anche un supporto e una stabilit\u00e0 eccezionali, grazie alle loro suole antiscivolo. Realizzate con un materiale in gomma resistente e testurizzato, le suole delle nostre pantofole Smiley Face offrono un&#039;eccellente trazione su una variet\u00e0 di superfici, consentendoti di muoverti durante la giornata con sicurezza e facilit\u00e0. Che tu stia navigando su pavimenti in legno, piastrelle o tappeti, queste pantofole ti manterranno stabile sui tuoi piedi, riducendo al minimo il rischio di scivolamenti e cadute. Con le pantofole Smiley Face nere - Mesh antiscivolo, puoi goderti la perfetta combinazione di comfort, sicurezza e stile.<\/div>\n<div><\/div>\n<div>Quando indossi queste deliziose pantofole, sentirai immediatamente la differenza nel tuo umore e nel tuo benessere generale. La morbida soletta ammortizzata culla delicatamente i tuoi piedi, fornendo un ampio supporto e riducendo i punti di pressione, mentre il tessuto traspirante in mesh mantiene i tuoi piedi freschi e comodi. Il design giocoso con faccina sorridente funge da promemoria costante per affrontare la vita con una prospettiva positiva, portando un sorriso sul tuo viso a ogni sguardo ai tuoi piedi. Che tu ti stia rilassando a casa, facendo commissioni o semplicemente godendoti una giornata informale fuori, le nostre pantofole nere con faccina sorridente - mesh antiscivolo sono le compagne perfette per aiutarti ad abbracciare la felicit\u00e0 e il comfort a ogni passo.<\/div>\n<div><\/div>\n<div>Ma non fidarti solo della nostra parola; ascolta cosa hanno da dire i nostri clienti entusiasti sulla loro esperienza con queste pantofole. Amanda da Seattle ne \u00e8 entusiasta: &quot;Adoro assolutamente le mie pantofole nere con la faccina sorridente! Sono cos\u00ec comode e le suole antiscivolo mi danno la sicurezza di indossarle in casa senza preoccuparmi di scivolare&quot;. Chris da Denver aggiunge: &quot;Queste pantofole sono diventate le mie preferite sia per la comodit\u00e0 che per lo stile. La rete traspirante mantiene i miei piedi freschi e le faccine sorridenti mi mettono sempre un sorriso sulla faccia&quot;.<\/div>\n<div><\/div>\n<div>In un mondo in cui comfort, stile e felicit\u00e0 sembrano spesso un gioco di equilibri, le nostre pantofole nere Smiley Face - Mesh antiscivolo offrono la soluzione perfetta. Regala ai tuoi piedi la lussuosa morbidezza, il supporto e la traspirabilit\u00e0 di queste pantofole, investi nel tuo benessere generale e abbracci una vita piena di gioia e positivit\u00e0. Quindi perch\u00e9 aspettare? Entra nella felicit\u00e0 e nel comfort delle nostre pantofole nere Smiley Face - Mesh antiscivolo oggi stesso e scopri la differenza che un semplice sorriso pu\u00f2 fare nella tua vita quotidiana.<\/div>\n<div><\/div>\n<div>Abbraccia la felicit\u00e0, un passo alla volta, con Black Smiley Face Slippers \u2013 Mesh Non-Slip \u2013 la combinazione definitiva di comfort, stile e positivit\u00e0. I tuoi piedi (e il tuo umore) ti ringrazieranno!<\/div>","protected":false},"excerpt":{"rendered":"<p>Step into Comfort and Joy with Black Smiley Face Slippers &#8211; Mesh Non-Slip Introducing the perfect blend of style, comfort, and positivity: our Black Smiley Face Slippers &#8211; Mesh Non-Slip. These delightful slippers are designed to bring a touch of whimsy and happiness to your everyday life while providing unparalleled comfort and support. With their [&#8230;]\n","protected":false},"featured_media":7532,"comment_status":"open","ping_status":"closed","template":"","meta":[],"product_brand":[],"product_cat":[127,87,55,56],"product_tag":[91],"class_list":{"0":"post-7539","1":"product","2":"type-product","3":"status-publish","4":"has-post-thumbnail","6":"product_cat-smiley-face-slippers","7":"product_cat-bubble-slides-bathroom-non-slip-series","8":"product_cat-flip-flops-slides-for-women","9":"product_cat-flip-flops-slides-for-men","10":"product_tag-smiley-face-slippers","12":"first","13":"instock","14":"sale","15":"shipping-taxable","16":"purchasable","17":"product-type-variable","18":"has-default-attributes"},"_links":{"self":[{"href":"https:\/\/bubbleslides.us\/it\/wp-json\/wp\/v2\/product\/7539","targetHints":{"allow":["GET"]}}],"collection":[{"href":"https:\/\/bubbleslides.us\/it\/wp-json\/wp\/v2\/product"}],"about":[{"href":"https:\/\/bubbleslides.us\/it\/wp-json\/wp\/v2\/types\/product"}],"replies":[{"embeddable":true,"href":"https:\/\/bubbleslides.us\/it\/wp-json\/wp\/v2\/comments?post=7539"}],"wp:featuredmedia":[{"embeddable":true,"href":"https:\/\/bubbleslides.us\/it\/wp-json\/wp\/v2\/media\/7532"}],"wp:attachment":[{"href":"https:\/\/bubbleslides.us\/it\/wp-json\/wp\/v2\/media?parent=7539"}],"wp:term":[{"taxonomy":"product_brand","embeddable":true,"href":"https:\/\/bubbleslides.us\/it\/wp-json\/wp\/v2\/product_brand?post=7539"},{"taxonomy":"product_cat","embeddable":true,"href":"https:\/\/bubbleslides.us\/it\/wp-json\/wp\/v2\/product_cat?post=7539"},{"taxonomy":"product_tag","embeddable":true,"href":"https:\/\/bubbleslides.us\/it\/wp-json\/wp\/v2\/product_tag?post=7539"}],"curies":[{"name":"wp","href":"https:\/\/api.w.org\/{rel}","templated":true}]}}