{"id":7494,"date":"2023-08-16T12:55:10","date_gmt":"2023-08-16T12:55:10","guid":{"rendered":"https:\/\/bubbleslides.us\/?post_type=product&#038;p=7494"},"modified":"2024-03-14T13:38:57","modified_gmt":"2024-03-14T13:38:57","slug":"edizione-antiscivolo-sfera-da-massaggio-con-bolle-nere","status":"publish","type":"product","link":"https:\/\/bubbleslides.us\/it\/edizione-antiscivolo-sfera-da-massaggio-con-bolle-nere\/","title":{"rendered":"Palla da massaggio nera Bubble Slides Edizione antiscivolo"},"content":{"rendered":"<h5>Bubble Slides \u2013 Un&#039;esperienza paradisiaca per i tuoi piedi<\/h5>\n<p>Allevia la tensione ad ogni passo con l&#039;edizione antiscivolo della sfera da massaggio nera Bubble Slides<\/p>\n<p>Fuggi istantaneamente dallo stress con un sollievo dalla tensione mirato ad ogni passo della palla da massaggio nera Bubble Slides antiscivolo. Realizzato in leggera schiuma EVA che culla i nodi massaggianti terapeutici, questo design innovativo lenisce l&#039;usura dalla testa ai piedi ovunque guidano i movimenti quotidiani.<\/p>\n<p>L&#039;elegante nero corvino mantiene una raffinata raffinatezza mentre ospita discretamente file di tenere palline da massaggio. Una morbida fodera in pelle scamosciata abbraccia i piedi in un comfort avvolgente su misura progettato per gli spostamenti in movimento. Nodi circolari mirati incorporati nell&#039;intersuola ammortizzata a doppia densit\u00e0 eliminano i nodi con ogni flessione del tendine d&#039;Achille alle dita dei piedi.<\/p>\n<p>Un cinturino elasticizzato alla caviglia mantiene i piedi saldamente ma in posizione flessibile. I punti di pressione automassaggianti alleviano l&#039;affaticamento sia mentre si passeggia per il negozio che si esplora pi\u00f9 lontano. Le scanalature di drenaggio eliminano le gocce in un istante per mantenere la stabilit\u00e0 della trazione su qualsiasi terreno, dal tappeto alle piastrelle e oltre.<\/p>\n<p>I dossi in gomma che ricoprono densamente la suola antiscivolo offrono un controllo sicuro su superfici lisce e ruvide. L&#039;eccellente trazione e l&#039;aderenza rimangono costanti indipendentemente dagli elementi che si possono incontrare, pioggia o sole, bagnato o asciutto. Venti trasversali rinfrescanti fluiscono attraverso le perforazioni per condizionare un interno ben ventilato ogni volta che il calore corporeo aumenta.<\/p>\n<p>L&#039;accesso aperto aumenta questo flusso d&#039;aria naturale, dove spesso \u00e8 pi\u00f9 necessario il relax. I motori di massaggio integrati rinvigoriscono attraverso i movimenti di routine anzich\u00e9 affaticare i muscoli. L&#039;architettura elegante passa senza sforzo dal giorno alla sera, allentando la tensione senza la necessit\u00e0 di rallentare la produttivit\u00e0.<\/p>\n<p>Celebrit\u00e0 e milioni di persone lodano il modo in cui queste diapositive uniche rinnovano il benessere dall&#039;inizio alla fine della giornata. Nodi circolari specializzati risolvono le sollecitazioni intrinsecamente legate ai movimenti tipici. Immergiti nella cura di s\u00e9 preventiva e proattiva portata avanti durante i tuoi impegni in un sofisticato stile antiscivolo.<\/p>\n<p>Sperimenta un invincibile sollievo dallo stress intrinsecamente legato a ogni azione racchiuso in uno strumento di benessere stabile ma versatile: l&#039;edizione antiscivolo con sfera da massaggio nera Bubble Slides!<\/p>","protected":false},"excerpt":{"rendered":"<p>Bubble Slides &#8211; A Heavenly Experience for Your Feet Relieve Tension with Every Step in the Black Bubble Slides Massage Ball Non-Slip Edition Escape stress instantly with targeted tension relief in every stride of the Black Bubble Slides Massage Ball Non-Slip Edition. Crafted from lightweight EVA foam cradling therapeutic massage nodes, this innovative design soothes [&#8230;]\n","protected":false},"featured_media":7496,"comment_status":"open","ping_status":"closed","template":"","meta":[],"product_brand":[],"product_cat":[62,87],"product_tag":[84],"class_list":{"0":"post-7494","1":"product","2":"type-product","3":"status-publish","4":"has-post-thumbnail","6":"product_cat-black-bubble-slides","7":"product_cat-bubble-slides-bathroom-non-slip-series","8":"product_tag-bubble-slides","10":"first","11":"instock","12":"sale","13":"shipping-taxable","14":"purchasable","15":"product-type-variable","16":"has-default-attributes"},"_links":{"self":[{"href":"https:\/\/bubbleslides.us\/it\/wp-json\/wp\/v2\/product\/7494","targetHints":{"allow":["GET"]}}],"collection":[{"href":"https:\/\/bubbleslides.us\/it\/wp-json\/wp\/v2\/product"}],"about":[{"href":"https:\/\/bubbleslides.us\/it\/wp-json\/wp\/v2\/types\/product"}],"replies":[{"embeddable":true,"href":"https:\/\/bubbleslides.us\/it\/wp-json\/wp\/v2\/comments?post=7494"}],"wp:featuredmedia":[{"embeddable":true,"href":"https:\/\/bubbleslides.us\/it\/wp-json\/wp\/v2\/media\/7496"}],"wp:attachment":[{"href":"https:\/\/bubbleslides.us\/it\/wp-json\/wp\/v2\/media?parent=7494"}],"wp:term":[{"taxonomy":"product_brand","embeddable":true,"href":"https:\/\/bubbleslides.us\/it\/wp-json\/wp\/v2\/product_brand?post=7494"},{"taxonomy":"product_cat","embeddable":true,"href":"https:\/\/bubbleslides.us\/it\/wp-json\/wp\/v2\/product_cat?post=7494"},{"taxonomy":"product_tag","embeddable":true,"href":"https:\/\/bubbleslides.us\/it\/wp-json\/wp\/v2\/product_tag?post=7494"}],"curies":[{"name":"wp","href":"https:\/\/api.w.org\/{rel}","templated":true}]}}