{"id":7468,"date":"2023-08-16T12:12:50","date_gmt":"2023-08-16T12:12:50","guid":{"rendered":"https:\/\/bubbleslides.us\/?post_type=product&#038;p=7468"},"modified":"2025-10-07T02:59:41","modified_gmt":"2025-10-07T02:59:41","slug":"esalta-ogni-outfit-con-ledizione-nera-decorata-con-perle-personalizzate-bubble-slides","status":"publish","type":"product","link":"https:\/\/bubbleslides.us\/it\/esalta-ogni-outfit-con-ledizione-nera-decorata-con-perle-personalizzate-bubble-slides\/","title":{"rendered":"Migliora ogni outfit con la Bubble Slides Custom Pearl Decorated Black Edition"},"content":{"rendered":"<h5>Bubble Slides \u2013 Un&#039;esperienza paradisiaca per i tuoi piedi<\/h5>\n<p>Migliora ogni outfit con la Bubble Slides Custom Pearl Decorated Black Edition<\/p>\n<p>Affina il tuo stile con il supporto sofisticato dell&#039;edizione nera decorata con perle personalizzate Bubble Slides. Realizzate in leggera schiuma EVA e accessoriate con scintillanti perle di perle, queste versatili ciabatte sono una dichiarazione di qualit\u00e0 ovunque ti porti la giornata.<\/p>\n<p>Una base nera mezzanotte evidenzia accenti fluttuanti che brillano come un cielo stellato. Punti di perle iridescenti si disperdono in motivi ricorrenti, catturando la luce ad ogni flessione e passo. All&#039;interno, una morbida fodera in raso culla i piedi in una morbidezza burrosa su misura per un comfort totale per tutta la stagione.<\/p>\n<p>Una cinghia elasticizzata garantisce una vestibilit\u00e0 perfetta e regolabile che si flette naturalmente con i contorni del piede. Il supporto imbottito dell&#039;arco plantare deriva da un design a doppia densit\u00e0 che distribuisce il peso in modo uniforme sui gradini. Una sezione posteriore pi\u00f9 solida sostiene i talloni mentre si cammina mentre un&#039;intersuola pi\u00f9 morbida assorbe l&#039;impatto con un&#039;ammortizzazione dell&#039;avampiede che protegge dall&#039;affaticamento.<\/p>\n<p>La massima ventilazione mantiene i piedi freschi e asciutti anche quando fa caldo. Il profilo a punta aperta consente una rinfrescante circolazione dell&#039;aria, mentre le perforazioni strategiche all&#039;interno della suola massimizzano il flusso d&#039;aria rinfrescante. Con una resistenza che dura tutto il giorno e un&#039;elegante raffinatezza, queste ciabatte si adattano perfettamente a vestirsi su o gi\u00f9.<\/p>\n<p>Celebrit\u00e0 e milioni di fan in tutto il mondo lodano la fusione di comfort indulgente e raffinatezza ad ogni passo. Con recensioni acclamate che elogiano la loro caratteristica struttura leggera e il supporto dell&#039;arco plantare, Bubble Slides ha creato un seguito fedele. Ora, uno smalto di mezzanotte e un sottile vestito con scintillii celestiali portano il lusso casual a un nuovo livello.<\/p>\n<p>Scivola nella semplicit\u00e0 e nel comfort senza stress ovunque ti porti la giornata con la Custom Pearl Decored Black Edition. L&#039;ammortizzazione lussuosa si adatta perfettamente al lavoro o all&#039;abbigliamento del fine settimana con uno smalto senza tempo.<\/p>","protected":false},"excerpt":{"rendered":"<p>Bubble Slides &#8211; A Heavenly Experience for Your Feet Elevate Every Outfit with the Bubble Slides Custom Pearl Decorated Black Edition Refine your style with sophisticated support in the Bubble Slides Custom Pearl Decorated Black Edition. Crafted from lightweight EVA foam and accessorized with shimmering pearl beads, these versatile slides make a premium statement wherever [&#8230;]\n","protected":false},"featured_media":7460,"comment_status":"open","ping_status":"closed","template":"","meta":[],"product_brand":[],"product_cat":[62,89],"product_tag":[84],"class_list":{"0":"post-7468","1":"product","2":"type-product","3":"status-publish","4":"has-post-thumbnail","6":"product_cat-black-bubble-slides","7":"product_cat-bubble-slides-with-charms","8":"product_tag-bubble-slides","10":"first","11":"instock","12":"sale","13":"shipping-taxable","14":"purchasable","15":"product-type-variable","16":"has-default-attributes"},"_links":{"self":[{"href":"https:\/\/bubbleslides.us\/it\/wp-json\/wp\/v2\/product\/7468","targetHints":{"allow":["GET"]}}],"collection":[{"href":"https:\/\/bubbleslides.us\/it\/wp-json\/wp\/v2\/product"}],"about":[{"href":"https:\/\/bubbleslides.us\/it\/wp-json\/wp\/v2\/types\/product"}],"replies":[{"embeddable":true,"href":"https:\/\/bubbleslides.us\/it\/wp-json\/wp\/v2\/comments?post=7468"}],"wp:featuredmedia":[{"embeddable":true,"href":"https:\/\/bubbleslides.us\/it\/wp-json\/wp\/v2\/media\/7460"}],"wp:attachment":[{"href":"https:\/\/bubbleslides.us\/it\/wp-json\/wp\/v2\/media?parent=7468"}],"wp:term":[{"taxonomy":"product_brand","embeddable":true,"href":"https:\/\/bubbleslides.us\/it\/wp-json\/wp\/v2\/product_brand?post=7468"},{"taxonomy":"product_cat","embeddable":true,"href":"https:\/\/bubbleslides.us\/it\/wp-json\/wp\/v2\/product_cat?post=7468"},{"taxonomy":"product_tag","embeddable":true,"href":"https:\/\/bubbleslides.us\/it\/wp-json\/wp\/v2\/product_tag?post=7468"}],"curies":[{"name":"wp","href":"https:\/\/api.w.org\/{rel}","templated":true}]}}