{"id":7457,"date":"2023-08-16T12:01:27","date_gmt":"2023-08-16T12:01:27","guid":{"rendered":"https:\/\/bubbleslides.us\/?post_type=product&#038;p=7457"},"modified":"2025-10-07T02:59:42","modified_gmt":"2025-10-07T02:59:42","slug":"vetrini-a-bolle-edizione-personalizzata-decorati-con-perle-bianco","status":"publish","type":"product","link":"https:\/\/bubbleslides.us\/it\/vetrini-a-bolle-edizione-personalizzata-decorati-con-perle-bianco\/","title":{"rendered":"Bubble Slides Edizione bianca decorata con perle personalizzate"},"content":{"rendered":"<h5>Bubble Slides \u2013 Un&#039;esperienza paradisiaca per i tuoi piedi<\/h5>\n<p>Rinnova la tua estate con l&#039;edizione bianca decorata con perle personalizzate Bubble Slides<\/p>\n<p>Unisci lusso e svago con l&#039;elegante ed efficiente Bubble Slides Custom Pearl Decored White Edition. Realizzati in leggera schiuma EVA e impreziositi da decorazioni di perle simili all&#039;iride, questi scivoli ti immergono nello stile costiero progettato per rinfrescare ogni tuo passo.<\/p>\n<p>Un fondotinta bianco immacolato abbaglia con il sottile scintillio delle perle perlescenti sparse tra contorni morbidi. Le loro tonalit\u00e0 rosa nebbiose e acqua si trasformano sotto il sole per un look che cattura la bellezza respirabile della vita al mare. All&#039;interno, una morbida fodera in raso avvolge i piedi nella morbidezza burrosa della seta.<\/p>\n<p>Un cinturino elasticizzato offre una vestibilit\u00e0 perfetta e flessibile, regolabile per avventure di un&#039;intera giornata o per rilassarsi. Il supporto ammortizzato deriva da un design a doppia densit\u00e0 che distribuisce il peso in modo uniforme. Una sezione posteriore pi\u00f9 solida supporta mentre si cammina mentre una zona pi\u00f9 morbida dell&#039;avampiede assorbe l&#039;impatto ad ogni passo.<\/p>\n<p>la ventilazione favorisce ulteriormente un ambiente fresco e asciutto per le estati attive. Il profilo a punta aperta mantiene i piedi leggeri e ventilati. Le perforazioni strategiche all&#039;interno della suola massimizzano il flusso d&#039;aria per eliminare rapidamente il calore e l&#039;umidit\u00e0.<\/p>\n<p>Sia le celebrit\u00e0 che i fan elogiano queste ciabatte per la loro capacit\u00e0 di unire magnificamente comfort e stile. Con i fan di tutto il mondo che pubblicizzano la loro natura terapeutica ammortizzata camminata dopo camminata, Bubble Slides ha creato un seguito devoto.<\/p>\n<p>Ora, i dettagli raffinati degli accenti iridescenti elevano l&#039;esperienza. Immergiti in un relax senza stress ovunque ti guidino i tuoi programmi estivi. Lenisci i piedi stanchi con un comfort premium che sembra lussuoso quanto sembra.<\/p>","protected":false},"excerpt":{"rendered":"<p>Bubble Slides &#8211; A Heavenly Experience for Your Feet Refresh Your Summer with the Bubble Slides Custom Pearl Decorated White Edition Lace up luxury and leisure with the elegantly efficient Bubble Slides Custom Pearl Decorated White Edition. Crafted from lightweight EVA foam and accented with iris-like pearl embellishments, these slides immerse you in coastal style [&#8230;]\n","protected":false},"featured_media":7467,"comment_status":"open","ping_status":"closed","template":"","meta":[],"product_brand":[],"product_cat":[63,89],"product_tag":[84],"class_list":{"0":"post-7457","1":"product","2":"type-product","3":"status-publish","4":"has-post-thumbnail","6":"product_cat-white-bubble-slides","7":"product_cat-bubble-slides-with-charms","8":"product_tag-bubble-slides","10":"first","11":"instock","12":"sale","13":"shipping-taxable","14":"purchasable","15":"product-type-variable","16":"has-default-attributes"},"_links":{"self":[{"href":"https:\/\/bubbleslides.us\/it\/wp-json\/wp\/v2\/product\/7457","targetHints":{"allow":["GET"]}}],"collection":[{"href":"https:\/\/bubbleslides.us\/it\/wp-json\/wp\/v2\/product"}],"about":[{"href":"https:\/\/bubbleslides.us\/it\/wp-json\/wp\/v2\/types\/product"}],"replies":[{"embeddable":true,"href":"https:\/\/bubbleslides.us\/it\/wp-json\/wp\/v2\/comments?post=7457"}],"wp:featuredmedia":[{"embeddable":true,"href":"https:\/\/bubbleslides.us\/it\/wp-json\/wp\/v2\/media\/7467"}],"wp:attachment":[{"href":"https:\/\/bubbleslides.us\/it\/wp-json\/wp\/v2\/media?parent=7457"}],"wp:term":[{"taxonomy":"product_brand","embeddable":true,"href":"https:\/\/bubbleslides.us\/it\/wp-json\/wp\/v2\/product_brand?post=7457"},{"taxonomy":"product_cat","embeddable":true,"href":"https:\/\/bubbleslides.us\/it\/wp-json\/wp\/v2\/product_cat?post=7457"},{"taxonomy":"product_tag","embeddable":true,"href":"https:\/\/bubbleslides.us\/it\/wp-json\/wp\/v2\/product_tag?post=7457"}],"curies":[{"name":"wp","href":"https:\/\/api.w.org\/{rel}","templated":true}]}}