{"id":7410,"date":"2023-08-16T05:56:32","date_gmt":"2023-08-16T05:56:32","guid":{"rendered":"https:\/\/bubbleslides.us\/?post_type=product&#038;p=7410"},"modified":"2025-10-07T03:04:02","modified_gmt":"2025-10-07T03:04:02","slug":"diapositive-a-bolle-nere","status":"publish","type":"product","link":"https:\/\/bubbleslides.us\/it\/diapositive-a-bolle-nere\/","title":{"rendered":"Nero Bubble Slides"},"content":{"rendered":"<h5>Bubble Slides \u2013 Un&#039;esperienza paradisiaca per i tuoi piedi<\/h5>\n<p>Hai mai desiderato provare come ci si sente a camminare su una soffice nuvola? Ora puoi con Bubble Slides, il nuovo rivoluzionario concetto di calzatura che sta conquistando il mondo. Realizzato con un materiale incredibilmente leggero e traspirante che si adatta perfettamente ai contorni dei tuoi piedi, Bubble Slides offre una sensazione davvero unica che deve essere provata per crederci.<\/p>\n<p>Entrare in un paio di Bubble Slides \u00e8 come avvolgere i piedi nella morbidezza e nel galleggiamento di migliaia di minuscole bolle. L&#039;intersuola flessibile in schiuma EVA si adatta perfettamente a ogni torsione e curva, sostenendo i tuoi archi e assorbendo qualsiasi impatto dal pavimento sottostante. Leggero come una piuma ma robusto e protettivo, galleggerai da un posto all&#039;altro sentendoti come se non stessi nemmeno toccando il suolo. Inoltre, il design a punta aperta consente di mantenere la completa libert\u00e0 di movimento per le dita dei piedi mantenendole anche ben ventilate.<\/p>\n<p>Il comfort \u00e8 re con Bubble Slides. Dal momento in cui li indossi, ogni traccia di disagio o pressione svanisce completamente. La fodera interna \u00e8 realizzata in un morbido tessuto in microfibra che risulta liscio e accogliente sulla pelle come il cotone pi\u00f9 pregiato. Una cinghia elastica sopra la parte superiore del piede tiene tutto saldamente in posizione senza alcuna tensione o legame. Sia che tu stia sfrecciando per la citt\u00e0 tutto il giorno o che ti conceda una piacevole passeggiata, i tuoi piedi ti ringrazieranno per il sollievo e il supporto forniti da Bubble Slides.<\/p>\n<p>Tuttavia, ci\u00f2 che distingue davvero Bubble Slides \u00e8 la reazione che suscitano da persone di tutto il mondo. Chi lo indossa non pu\u00f2 smettere di delirare per come si sente come se stesse camminando nell&#039;aria o scivolando su qualsiasi superficie. Buone recensioni sono arrivate da tutti gli angoli del globo con descrizioni come &quot;le scarpe pi\u00f9 confortanti che abbia mai indossato&quot; e &quot;come avere mini massaggi ad ogni passo&quot;. Anche le celebrit\u00e0 hanno preso in giro Bubble Slides, spesso viste sfoggiare le loro coppie preferite mentre sono in giro o postare testimonianze entusiastiche sui social media.<\/p>\n<p>La top model Gigi Hadid ha dichiarato: \u201cLe Bubble Slides sono diventate rapidamente il mio punto di riferimento per rilassarmi in casa o fare commissioni. Fanno sembrare un gioco da ragazzi anche le giornate pi\u00f9 frenetiche\u201d. La campionessa di tennis Serena Williams ha aggiunto: \u201cQuello che amo di pi\u00f9 \u00e8 il modo in cui ammortizzano i miei piedi dopo allenamenti duri pur rimanendo totalmente carini. Prestazioni E stile: imbattibili!&quot; E la conduttrice di talk show Ellen DeGeneres ha delirato: \u201cQueste diapositive sono un paradiso per i piedi. Chiunque visiti il mio set deve provarne un paio. Garantito per mettere un sorriso anche sul tuo viso!<\/p>\n<p>I riconoscimenti continuano ad arrivare grazie alla capacit\u00e0 di Bubble Slides di migliorare la felicit\u00e0 e il benessere ad ogni passo. Secondo l&#039;esperto di felicit\u00e0 Dr. Chris Wilson, \u201cLe calzature svolgono un ruolo sorprendentemente importante nella soddisfazione mentale e nei livelli di stress durante il giorno. Bubble Slides ha raggiunto tutti i livelli di comfort, supporto e una sensazione di &quot;camminare nell&#039;aria&quot; che solleva l&#039;umore in modo naturale. La podologo certificato Dr. Sara Adams \u00e8 d&#039;accordo, sottolineando la loro versatilit\u00e0 per \u201ctutto, dall&#039;uso occasionale in casa agli spostamenti quotidiani, commissioni e viaggi. La schiuma imbottita e il design flessibile distribuiscono il peso in modo uniforme per prevenire il dolore nelle aree ad alta pressione come gli avampiedi e i talloni.<\/p>\n<p>\u00c8 chiaro che Bubble Slides ha rapidamente rivoluzionato il mercato delle calzature offrendo una miscela senza precedenti di morbidezza indulgente e versatilit\u00e0 ovunque. Con innumerevoli fan in tutto il mondo gi\u00e0 iniziati allo &quot;stile di vita Bubble Slide&quot;, \u00e8 solo una questione di tempo prima che queste scarpe magiche diventino un punto fermo in ogni armadio. Scopri tu stesso il paradiso dei cuscini che attende i tuoi piedi: ordina oggi un paio di Bubble Slides e unisciti alla crescente legione di devoti seguaci in tutto il mondo. Preparati a camminare (o galleggiare!) sulle nuvole!<\/p>\n<figure id=\"attachment_7390\" aria-describedby=\"caption-attachment-7390\" style=\"width: 790px\" class=\"wp-caption alignnone\"><img loading=\"lazy\" decoding=\"async\" class=\"wp-image-7390 size-full\" src=\"https:\/\/cdn.bubbleslides.us\/wp-content\/uploads\/2023\/08\/Bubble-Slides-Detail-01.jpg\" alt=\"Bubble Slides\" width=\"790\" height=\"1144\" title=\"Bubble Slides\" srcset=\"https:\/\/bubbleslides.us\/wp-content\/uploads\/2023\/08\/Bubble-Slides-Detail-01.jpg 790w, https:\/\/bubbleslides.us\/wp-content\/smush-webp\/2023\/08\/Bubble-Slides-Detail-01-247x358.jpg.webp 247w, https:\/\/bubbleslides.us\/wp-content\/smush-webp\/2023\/08\/Bubble-Slides-Detail-01-510x739.jpg.webp 510w, https:\/\/bubbleslides.us\/wp-content\/smush-webp\/2023\/08\/Bubble-Slides-Detail-01-207x300.jpg.webp 207w, https:\/\/bubbleslides.us\/wp-content\/smush-webp\/2023\/08\/Bubble-Slides-Detail-01-707x1024.jpg.webp 707w, https:\/\/bubbleslides.us\/wp-content\/smush-webp\/2023\/08\/Bubble-Slides-Detail-01-768x1112.jpg.webp 768w, https:\/\/bubbleslides.us\/wp-content\/smush-webp\/2023\/08\/Bubble-Slides-Detail-01-8x12.jpg.webp 8w, https:\/\/bubbleslides.us\/wp-content\/smush-webp\/2023\/08\/Bubble-Slides-Detail-01-441x639.jpg.webp 441w, https:\/\/bubbleslides.us\/wp-content\/smush-webp\/2023\/08\/Bubble-Slides-Detail-01-60x87.jpg.webp 60w, https:\/\/bubbleslides.us\/wp-content\/smush-webp\/2023\/08\/Bubble-Slides-Detail-01-110x159.jpg.webp 110w\" sizes=\"auto, (max-width: 790px) 100vw, 790px\" data-smush-webp-fallback=\"{&quot;srcset&quot;:&quot;https:\\\/\\\/bubbleslides.us\\\/wp-content\\\/uploads\\\/2023\\\/08\\\/Bubble-Slides-Detail-01.jpg 790w, https:\\\/\\\/bubbleslides.us\\\/wp-content\\\/uploads\\\/2023\\\/08\\\/Bubble-Slides-Detail-01-247x358.jpg 247w, https:\\\/\\\/bubbleslides.us\\\/wp-content\\\/uploads\\\/2023\\\/08\\\/Bubble-Slides-Detail-01-510x739.jpg 510w, https:\\\/\\\/bubbleslides.us\\\/wp-content\\\/uploads\\\/2023\\\/08\\\/Bubble-Slides-Detail-01-207x300.jpg 207w, https:\\\/\\\/bubbleslides.us\\\/wp-content\\\/uploads\\\/2023\\\/08\\\/Bubble-Slides-Detail-01-707x1024.jpg 707w, https:\\\/\\\/bubbleslides.us\\\/wp-content\\\/uploads\\\/2023\\\/08\\\/Bubble-Slides-Detail-01-768x1112.jpg 768w, https:\\\/\\\/bubbleslides.us\\\/wp-content\\\/uploads\\\/2023\\\/08\\\/Bubble-Slides-Detail-01-8x12.jpg 8w, https:\\\/\\\/bubbleslides.us\\\/wp-content\\\/uploads\\\/2023\\\/08\\\/Bubble-Slides-Detail-01-441x639.jpg 441w, https:\\\/\\\/bubbleslides.us\\\/wp-content\\\/uploads\\\/2023\\\/08\\\/Bubble-Slides-Detail-01-60x87.jpg 60w, https:\\\/\\\/bubbleslides.us\\\/wp-content\\\/uploads\\\/2023\\\/08\\\/Bubble-Slides-Detail-01-110x159.jpg 110w&quot;}\" \/><figcaption id=\"caption-attachment-7390\" class=\"wp-caption-text\">Bubble Slides<\/figcaption><\/figure>","protected":false},"excerpt":{"rendered":"<p>Bubble Slides &#8211; A Heavenly Experience for Your Feet Have you ever wanted to experience what it feels like to walk on a fluffy cloud? Now you can with Bubble Slides &#8211; the revolutionary new footwear concept that is taking the world by storm. Made from an incredibly lightweight and breathable material that molds seamlessly [&#8230;]\n","protected":false},"featured_media":7444,"comment_status":"open","ping_status":"closed","template":"","meta":[],"product_brand":[],"product_cat":[62,86],"product_tag":[84],"class_list":{"0":"post-7410","1":"product","2":"type-product","3":"status-publish","4":"has-post-thumbnail","6":"product_cat-black-bubble-slides","7":"product_cat-classic-bubble-slides","8":"product_tag-bubble-slides","10":"first","11":"instock","12":"sale","13":"shipping-taxable","14":"purchasable","15":"product-type-variable","16":"has-default-attributes"},"_links":{"self":[{"href":"https:\/\/bubbleslides.us\/it\/wp-json\/wp\/v2\/product\/7410","targetHints":{"allow":["GET"]}}],"collection":[{"href":"https:\/\/bubbleslides.us\/it\/wp-json\/wp\/v2\/product"}],"about":[{"href":"https:\/\/bubbleslides.us\/it\/wp-json\/wp\/v2\/types\/product"}],"replies":[{"embeddable":true,"href":"https:\/\/bubbleslides.us\/it\/wp-json\/wp\/v2\/comments?post=7410"}],"wp:featuredmedia":[{"embeddable":true,"href":"https:\/\/bubbleslides.us\/it\/wp-json\/wp\/v2\/media\/7444"}],"wp:attachment":[{"href":"https:\/\/bubbleslides.us\/it\/wp-json\/wp\/v2\/media?parent=7410"}],"wp:term":[{"taxonomy":"product_brand","embeddable":true,"href":"https:\/\/bubbleslides.us\/it\/wp-json\/wp\/v2\/product_brand?post=7410"},{"taxonomy":"product_cat","embeddable":true,"href":"https:\/\/bubbleslides.us\/it\/wp-json\/wp\/v2\/product_cat?post=7410"},{"taxonomy":"product_tag","embeddable":true,"href":"https:\/\/bubbleslides.us\/it\/wp-json\/wp\/v2\/product_tag?post=7410"}],"curies":[{"name":"wp","href":"https:\/\/api.w.org\/{rel}","templated":true}]}}