{"id":7260,"date":"2023-08-12T12:11:16","date_gmt":"2023-08-12T12:11:16","guid":{"rendered":"https:\/\/bubbleslides.us\/?page_id=7260"},"modified":"2023-08-12T12:11:16","modified_gmt":"2023-08-12T12:11:16","slug":"politica-di-reso-rimborso","status":"publish","type":"page","link":"https:\/\/bubbleslides.us\/it\/politica-di-reso-rimborso\/","title":{"rendered":"Politica di restituzione e rimborso"},"content":{"rendered":"<p>Bubbleslides ha una politica di restituzione di 30 giorni, il che significa che hai 30 giorni di tempo dopo aver ricevuto l&#039;articolo per richiedere un reso.<\/p>\n<p>Per avere diritto a un reso, il tuo articolo deve essere nelle stesse condizioni in cui lo hai ricevuto, mai indossato o non utilizzato, con etichette e nella sua confezione originale. Avrai bisogno anche della ricevuta o della prova d&#039;acquisto.<\/p>\n<p>Per avviare un reso, puoi contattarci all&#039;indirizzo <a href=\"mailto:service@bubbleslides.us\">service@bubbleslides.us<\/a>. Se il tuo reso viene accettato, ti invieremo un&#039;etichetta di spedizione per il reso, oltre alle istruzioni su come e dove inviare il pacco. Gli articoli rispediti senza aver prima richiesto un reso non saranno accettati.<\/p>\n<p>Puoi sempre contattarci per qualsiasi domanda sulla restituzione all&#039;indirizzo\u00a0<a href=\"mailto:service@bubbleslides.us\">service@bubbleslides.us<\/a><\/p>\n<p><strong>Danni e problemi<\/strong><br \/>\nTi preghiamo di controllare il tuo ordine al momento della ricezione e di contattarci immediatamente se l&#039;articolo \u00e8 difettoso, danneggiato o se ricevi l&#039;articolo sbagliato, in modo che possiamo valutare il problema e risolverlo.<\/p>\n<p><strong>Eccezioni\/articoli non restituibili<\/strong><br \/>\nAlcuni tipi di articoli non possono essere restituiti, come beni deperibili (come cibo, fiori o piante), prodotti personalizzati (come ordini speciali o articoli personalizzati) e articoli per la cura personale (come prodotti di bellezza). Inoltre, non accettiamo resi per materiali pericolosi, liquidi infiammabili o gas. Ti invitiamo a contattarci se hai domande o dubbi sul tuo articolo specifico.<\/p>\n<p>Purtroppo non possiamo accettare resi di articoli in saldo o buoni regalo.<\/p>\n<p><strong>Scambi<\/strong><br \/>\nIl modo pi\u00f9 rapido per assicurarti di ottenere ci\u00f2 che desideri \u00e8 restituire l&#039;articolo in tuo possesso e, una volta accettato il reso, effettuare un acquisto separato per il nuovo articolo.<\/p>\n<p><strong>Rimborsi<\/strong><br \/>\nTi informeremo non appena avremo ricevuto e ispezionato il tuo reso e ti faremo sapere se il rimborso \u00e8 stato approvato o meno. Se approvato, riceverai l&#039;indirizzo per il reso e ti verr\u00e0 rimborsato automaticamente sul metodo di pagamento originale una volta ricevuto l&#039;articolo da restituire. Tieni presente che potrebbe essere necessario del tempo prima che la tua banca o la societ\u00e0 emittente della carta di credito elabori e registri anche il rimborso.<\/p>","protected":false},"excerpt":{"rendered":"<p>Bubbleslides have a 30-day\u00a0return policy, which means you have 30 days after receiving your item to request a return. To be eligible for a return, your item must be in the same condition that you received it, unworn or unused, with tags, and in its original packaging. You\u2019ll also need the receipt or proof of [&#8230;]\n","protected":false},"author":1,"featured_media":0,"parent":0,"menu_order":0,"comment_status":"closed","ping_status":"closed","template":"","meta":{"footnotes":""},"class_list":["post-7260","page","type-page","status-publish","hentry"],"_links":{"self":[{"href":"https:\/\/bubbleslides.us\/it\/wp-json\/wp\/v2\/pages\/7260","targetHints":{"allow":["GET"]}}],"collection":[{"href":"https:\/\/bubbleslides.us\/it\/wp-json\/wp\/v2\/pages"}],"about":[{"href":"https:\/\/bubbleslides.us\/it\/wp-json\/wp\/v2\/types\/page"}],"author":[{"embeddable":true,"href":"https:\/\/bubbleslides.us\/it\/wp-json\/wp\/v2\/users\/1"}],"replies":[{"embeddable":true,"href":"https:\/\/bubbleslides.us\/it\/wp-json\/wp\/v2\/comments?post=7260"}],"version-history":[{"count":0,"href":"https:\/\/bubbleslides.us\/it\/wp-json\/wp\/v2\/pages\/7260\/revisions"}],"wp:attachment":[{"href":"https:\/\/bubbleslides.us\/it\/wp-json\/wp\/v2\/media?parent=7260"}],"curies":[{"name":"wp","href":"https:\/\/api.w.org\/{rel}","templated":true}]}}