{"id":8008,"date":"2024-04-17T15:58:11","date_gmt":"2024-04-17T15:58:11","guid":{"rendered":"https:\/\/bubbleslides.us\/?post_type=product&#038;p=8008"},"modified":"2024-04-17T15:59:14","modified_gmt":"2024-04-17T15:59:14","slug":"pantoufles-de-citrouille","status":"publish","type":"product","link":"https:\/\/bubbleslides.us\/fr\/pantoufles-de-citrouille\/","title":{"rendered":"Pantoufles citrouille"},"content":{"rendered":"<h3 class=\"md-end-block md-heading\"><span class=\"md-plain md-expand\">Entrez dans un confort douillet avec nos adorables pantoufles citrouilles<\/span><\/h3>\n<p class=\"md-end-block md-p\">\n<p class=\"md-end-block md-p\"><span class=\"md-plain\">Pr\u00e9parez-vous \u00e0 embrasser l&#039;esprit de l&#039;automne et un confort incomparable avec nos charmants chaussons Pumpkin. Ces ravissants chaussons sont con\u00e7us pour offrir le summum du confort et du style, ce qui en fait le choix parfait pour se d\u00e9tendre \u00e0 la maison ou c\u00e9l\u00e9brer la saison d&#039;automne.<\/span><\/p>\n<p class=\"md-end-block md-p\">\n<p class=\"md-end-block md-p\"><span class=\"md-plain\">Fabriqu\u00e9es avec des mat\u00e9riaux de haute qualit\u00e9, nos pantoufles Pumpkin donnent la priorit\u00e9 \u00e0 votre confort et \u00e0 votre bien-\u00eatre. L&#039;int\u00e9rieur doux et moelleux berce doucement vos pieds, offrant chaleur et soutien, tandis que le mat\u00e9riau sup\u00e9rieur respirant garde vos pieds confortables tout au long de la journ\u00e9e. La conception \u00e0 enfiler assure un enfilage et un retrait faciles, faisant de ces pantoufles Pumpkin le compagnon id\u00e9al de votre routine de relaxation quotidienne.<\/span><\/p>\n<p class=\"md-end-block md-p\">\n<p class=\"md-end-block md-p\"><span class=\"md-plain\">Le motif citrouille accrocheur est le point central de ces pantoufles, avec une teinte orange vibrante et un visage de citrouille ludique qui capture l&#039;essence de la saison d&#039;automne. Les d\u00e9tails complexes du motif citrouille ne manqueront pas d&#039;attirer l&#039;attention et de vous valoir les compliments de votre famille et de vos amis. Que vous soyez recroquevill\u00e9 avec une boisson chaude, que vous regardiez vos films d&#039;automne pr\u00e9f\u00e9r\u00e9s ou que vous profitiez simplement de l&#039;air frais de l&#039;automne, nos pantoufles citrouille vous permettront de vous sentir au mieux de votre forme.<\/span><\/p>\n<p class=\"md-end-block md-p\">\n<p class=\"md-end-block md-p\"><span class=\"md-plain\">Mais ne vous contentez pas de nous croire sur parole ; \u00e9coutez ce que nos clients enthousiastes ont \u00e0 dire sur leur exp\u00e9rience avec ces pantoufles en forme de citrouille. Emma de Boston s&#039;extasie : \u00ab J&#039;adore mes pantoufles en forme de citrouille ! Elles sont si chaudes et douillettes, et le motif citrouille est tout simplement adorable. \u00bb Liam de Vancouver ajoute : \u00ab Ces pantoufles en forme de citrouille sont devenues mon choix pour me d\u00e9tendre \u00e0 la maison pendant la saison d&#039;automne. L&#039;int\u00e9rieur en peluche est si confortable, et le motif citrouille ajoute la touche parfaite de charme automnal. \u00bb<\/span><\/p>\n<p class=\"md-end-block md-p\">\n<p class=\"md-end-block md-p\"><span class=\"md-plain\">Offrez-vous le summum du confort et du style saisonnier avec nos pantoufles Pumpkin. Ces pantoufles enchanteresses allient confort, chaleur et une touche de magie automnale, ce qui en fait le compl\u00e9ment parfait \u00e0 votre collection de v\u00eatements de d\u00e9tente d&#039;automne. Alors pourquoi attendre ? Entrez d\u00e8s aujourd&#039;hui dans le confort luxueux et le charme de nos pantoufles Pumpkin et d\u00e9couvrez la diff\u00e9rence qu&#039;un peu d&#039;\u00e9pice de citrouille peut apporter \u00e0 votre d\u00e9tente quotidienne.<\/span><\/p>\n<p class=\"md-end-block md-p\">\n<p class=\"md-end-block md-p md-focus\"><span class=\"md-plain md-expand\">Offrez-vous le m\u00e9lange parfait de confort et de style automnal avec nos pantoufles Pumpkin \u2013 le choix ultime pour tous ceux qui veulent c\u00e9l\u00e9brer l&#039;esprit chaleureux de l&#039;automne. Vos pieds (et votre amour pour la saison) vous remercieront !<\/span><\/p>","protected":false},"excerpt":{"rendered":"<p>Step into Cozy Comfort with Our Adorable Pumpkin Slippers Get ready to embrace the spirit of autumn and unparalleled comfort with our charming Pumpkin Slippers. These delightful slippers are designed to provide the ultimate in coziness and style, making them the perfect choice for lounging at home or celebrating the fall season. Crafted with high-quality [&#8230;]\n","protected":false},"featured_media":8013,"comment_status":"open","ping_status":"closed","template":"","meta":[],"product_brand":[],"product_cat":[154],"product_tag":[163],"class_list":{"0":"post-8008","1":"product","2":"type-product","3":"status-publish","4":"has-post-thumbnail","6":"product_cat-pumpkin-slippers","7":"product_tag-pumpkin-slippers","9":"first","10":"instock","11":"sale","12":"shipping-taxable","13":"purchasable","14":"product-type-variable","15":"has-default-attributes"},"_links":{"self":[{"href":"https:\/\/bubbleslides.us\/fr\/wp-json\/wp\/v2\/product\/8008","targetHints":{"allow":["GET"]}}],"collection":[{"href":"https:\/\/bubbleslides.us\/fr\/wp-json\/wp\/v2\/product"}],"about":[{"href":"https:\/\/bubbleslides.us\/fr\/wp-json\/wp\/v2\/types\/product"}],"replies":[{"embeddable":true,"href":"https:\/\/bubbleslides.us\/fr\/wp-json\/wp\/v2\/comments?post=8008"}],"wp:featuredmedia":[{"embeddable":true,"href":"https:\/\/bubbleslides.us\/fr\/wp-json\/wp\/v2\/media\/8013"}],"wp:attachment":[{"href":"https:\/\/bubbleslides.us\/fr\/wp-json\/wp\/v2\/media?parent=8008"}],"wp:term":[{"taxonomy":"product_brand","embeddable":true,"href":"https:\/\/bubbleslides.us\/fr\/wp-json\/wp\/v2\/product_brand?post=8008"},{"taxonomy":"product_cat","embeddable":true,"href":"https:\/\/bubbleslides.us\/fr\/wp-json\/wp\/v2\/product_cat?post=8008"},{"taxonomy":"product_tag","embeddable":true,"href":"https:\/\/bubbleslides.us\/fr\/wp-json\/wp\/v2\/product_tag?post=8008"}],"curies":[{"name":"wp","href":"https:\/\/api.w.org\/{rel}","templated":true}]}}