{"id":7924,"date":"2024-03-14T11:17:46","date_gmt":"2024-03-14T11:17:46","guid":{"rendered":"https:\/\/bubbleslides.us\/?post_type=product&#038;p=7924"},"modified":"2024-03-14T13:39:15","modified_gmt":"2024-03-14T13:39:15","slug":"pantoufles-de-requin-3-0-edition-macaron-2","status":"publish","type":"product","link":"https:\/\/bubbleslides.us\/fr\/pantoufles-de-requin-3-0-edition-macaron-2\/","title":{"rendered":"Shark Pantoufles 3.0\u00a0: \u00c9dition Macaron pour enfants"},"content":{"rendered":"<p>\u00cates-vous pr\u00eat \u00e0 plonger dans le monde du confort et du style ultimes ? Ne cherchez pas plus loin que les Shark Slippers 3.0 : \u00c9dition Macaron ! Ces pantoufles sont la combinaison parfaite de tout ce que vous aimez dans nos pantoufles Shark classiques et de l&#039;essence douce et r\u00eaveuse des macarons fran\u00e7ais. Pr\u00e9parez-vous \u00e0 offrir \u00e0 vos pieds un tout nouveau niveau de confort !<\/p>\n<p>Tout d&#039;abord, parlons du confort incroyable que ces pantoufles procurent. Les Shark Slippers 3.0 : Macaron Edition pr\u00e9sentent un int\u00e9rieur ultra moelleux qui donne l&#039;impression de marcher sur des nuages. Dites adieu aux pieds fatigu\u00e9s et endoloris et bonjour au pur bonheur. Que vous travailliez \u00e0 domicile, que vous regardiez votre \u00e9mission pr\u00e9f\u00e9r\u00e9e en boucle ou que vous vous pr\u00e9lassiez simplement, ces pantoufles vous donneront l&#039;impression d&#039;\u00eatre dans un monde \u00e0 part.<\/p>\n<p>Mais le confort n&#039;est pas le seul atout de ces pantoufles. Les Shark Slippers 3.0 : Macaron Edition sont un v\u00e9ritable r\u00e9gal pour les yeux. Imaginez le motif requin le plus adorable dans une gamme de couleurs pastel qui semblent avoir \u00e9t\u00e9 cueillies directement dans une p\u00e2tisserie parisienne. Des roses doux qui rappellent les macarons \u00e0 la fraise aux verts apaisants qui \u00e9voquent l&#039;essence de la pistache, ces pantoufles sont un ajout d\u00e9licieux \u00e0 tout ensemble de v\u00eatements de d\u00e9tente.<\/p>\n<p>Et n&#039;oublions pas la durabilit\u00e9 et la praticit\u00e9 de ces pantoufles. Les Shark Slippers 3.0 : Macaron Edition sont \u00e9quip\u00e9es d&#039;une semelle robuste et antid\u00e9rapante qui offre une excellente traction. Cela signifie que vous pouvez les porter \u00e0 la maison, dans le jardin ou m\u00eame lors d&#039;un voyage rapide vers la bo\u00eete aux lettres sans craindre de glisser. Ces pantoufles sont la combinaison parfaite de style et de fonctionnalit\u00e9, ce qui en fait un \u00e9l\u00e9ment essentiel de votre vie quotidienne.<\/p>\n<p>Maintenant, vous vous demandez peut-\u00eatre : \u00ab Mais j&#039;ai d\u00e9j\u00e0 une paire de pantoufles. Pourquoi ai-je besoin des Shark Slippers 3.0 : Macaron Edition ? \u00bb Eh bien, laissez-moi vous poser cette question : vos pantoufles actuelles vous donnent-elles l&#039;impression de marcher sur un nuage tout en refl\u00e9tant l&#039;esprit sucr\u00e9 et fantaisiste d&#039;une p\u00e2tisserie fran\u00e7aise ? Je ne le pensais pas. Ces pantoufles sont plus que de simples chaussures ; elles sont une exp\u00e9rience. Elles sont un moyen de vous offrir un peu de luxe chaque jour, peu importe ce que la vie vous r\u00e9serve.<\/p>\n<p>De plus, les pantoufles Shark 3.0 : \u00e9dition Macaron sont le cadeau id\u00e9al pour tous ceux qui aiment le confort, le style et une touche de fantaisie. Que ce soit pour votre meilleure amie, votre s\u0153ur ou m\u00eame votre m\u00e8re, ces pantoufles leur feront sourire et leur donneront du peps. Et soyons r\u00e9alistes, qui ne voudrait pas recevoir un cadeau \u00e0 la fois pratique et adorable ?<\/p>\n<p>Alors, qu&#039;attendez-vous ? Il est temps de passer \u00e0 une version am\u00e9lior\u00e9e de vos pantoufles et de vous laisser tenter par le confort et le style ultimes des Shark Slippers 3.0 : Macaron Edition. Vos pieds vous remercieront et vous vous demanderez comment vous avez pu vivre sans eux. Procurez-vous votre paire d\u00e8s aujourd&#039;hui et entrez dans un monde de pur bonheur et de fantaisie. Faites-nous confiance, vous ne le regretterez pas !<\/p>","protected":false},"excerpt":{"rendered":"<p>Are you ready to dive into the world of ultimate comfort and style? Look no further than the Shark Slippers 3.0: Macaron Edition! These slippers are the perfect combination of everything you love about our classic Shark Slippers and the sweet, dreamy essence of French macarons. Get ready to treat your feet to a whole [&#8230;]\n","protected":false},"featured_media":7909,"comment_status":"open","ping_status":"closed","template":"","meta":[],"product_brand":[],"product_cat":[120,119,57],"product_tag":[126],"class_list":{"0":"post-7924","1":"product","2":"type-product","3":"status-publish","4":"has-post-thumbnail","6":"product_cat-shark-slippers","7":"product_cat-hot-slippers-by-series","8":"product_cat-flip-flops-slides-for-kids","9":"product_tag-shark-slippers","11":"first","12":"instock","13":"sale","14":"shipping-taxable","15":"purchasable","16":"product-type-variable","17":"has-default-attributes"},"_links":{"self":[{"href":"https:\/\/bubbleslides.us\/fr\/wp-json\/wp\/v2\/product\/7924","targetHints":{"allow":["GET"]}}],"collection":[{"href":"https:\/\/bubbleslides.us\/fr\/wp-json\/wp\/v2\/product"}],"about":[{"href":"https:\/\/bubbleslides.us\/fr\/wp-json\/wp\/v2\/types\/product"}],"replies":[{"embeddable":true,"href":"https:\/\/bubbleslides.us\/fr\/wp-json\/wp\/v2\/comments?post=7924"}],"wp:featuredmedia":[{"embeddable":true,"href":"https:\/\/bubbleslides.us\/fr\/wp-json\/wp\/v2\/media\/7909"}],"wp:attachment":[{"href":"https:\/\/bubbleslides.us\/fr\/wp-json\/wp\/v2\/media?parent=7924"}],"wp:term":[{"taxonomy":"product_brand","embeddable":true,"href":"https:\/\/bubbleslides.us\/fr\/wp-json\/wp\/v2\/product_brand?post=7924"},{"taxonomy":"product_cat","embeddable":true,"href":"https:\/\/bubbleslides.us\/fr\/wp-json\/wp\/v2\/product_cat?post=7924"},{"taxonomy":"product_tag","embeddable":true,"href":"https:\/\/bubbleslides.us\/fr\/wp-json\/wp\/v2\/product_tag?post=7924"}],"curies":[{"name":"wp","href":"https:\/\/api.w.org\/{rel}","templated":true}]}}