{"id":7629,"date":"2023-08-17T12:53:02","date_gmt":"2023-08-17T12:53:02","guid":{"rendered":"https:\/\/bubbleslides.us\/?post_type=product&#038;p=7629"},"modified":"2024-04-17T07:48:44","modified_gmt":"2024-04-17T07:48:44","slug":"toboggans-dinosaures-antiderapants-bambins","status":"publish","type":"product","link":"https:\/\/bubbleslides.us\/fr\/toboggans-dinosaures-antiderapants-bambins\/","title":{"rendered":"Glissi\u00e8res de dinosaures antid\u00e9rapantes pour tout-petits"},"content":{"rendered":"<p>Rendez le temps de jeu plus excitant avec les sandales antid\u00e9rapantes pour tout-petits en forme de dinosaure\u00a0! D\u00e9cor\u00e9es de motifs de dinosaures color\u00e9s, ces sandales seront certainement un succ\u00e8s aupr\u00e8s des petits explorateurs.<\/p>\n<p>Fabriqu\u00e9es en mousse EVA durable, les chaussures pr\u00e9sentent une conception \u00e0 bout ouvert pour la circulation de l&#039;air et le confort. Les tout-petits peuvent bouger leurs orteils pendant qu&#039;ils d\u00e9couvrent le monde. Une sangle r\u00e9glable sur le pied assure un ajustement parfait pour les pieds en pleine croissance.<\/p>\n<p>Les semelles ext\u00e9rieures en caoutchouc textur\u00e9 offrent une traction sup\u00e9rieure, \u00e0 l&#039;int\u00e9rieur comme \u00e0 l&#039;ext\u00e9rieur, sur l&#039;herbe ou la terre. Les tout-petits peuvent courir, sauter et pi\u00e9tiner sans craindre de glisser ou de tomber. Les semelles adh\u00e9rentes aident \u00e9galement \u00e0 d\u00e9velopper la motricit\u00e9.<\/p>\n<p>Les sandales antid\u00e9rapantes pour tout-petits en forme de dinosaure sont faciles \u00e0 enfiler pour les petits doigts. Elles se d\u00e9sinfectent \u00e9galement facilement : il suffit de les rincer au jet apr\u00e8s les d\u00e9g\u00e2ts ext\u00e9rieurs. L\u00e9g\u00e8res et flexibles, les sandales ne ralentiront pas les tout-petits actifs.<\/p>\n<p>Id\u00e9al pour le bac \u00e0 sable, l&#039;aire de jeux ou la plage, ces toboggans sont indispensables pour s&#039;amuser en \u00e9t\u00e9. Avec des imprim\u00e9s de tyrannosaure, de tric\u00e9ratops et de st\u00e9gosaure, les enfants adoreront explorer tout en d\u00e9couvrant leurs amis pr\u00e9historiques pr\u00e9f\u00e9r\u00e9s ! Des aventures de dinosaures vous attendent.<\/p>","protected":false},"excerpt":{"rendered":"<p>Make playtime more exciting with the Non-Slip Toddler Dinosaur Slides! Decorated with colorful dinosaur graphics, these sandals are sure to be a hit with little explorers. Made from durable EVA foam, the shoes feature an open-toe design for airflow and comfort. Toddlers can wiggle their toes as they discover the world. An adjustable strap over [&#8230;]\n","protected":false},"featured_media":7638,"comment_status":"open","ping_status":"closed","template":"","meta":[],"product_brand":[],"product_cat":[141,57],"product_tag":[110],"class_list":{"0":"post-7629","1":"product","2":"type-product","3":"status-publish","4":"has-post-thumbnail","6":"product_cat-dino-slippers","7":"product_cat-flip-flops-slides-for-kids","8":"product_tag-dinosaur-slides","10":"first","11":"instock","12":"sale","13":"shipping-taxable","14":"purchasable","15":"product-type-variable","16":"has-default-attributes"},"_links":{"self":[{"href":"https:\/\/bubbleslides.us\/fr\/wp-json\/wp\/v2\/product\/7629","targetHints":{"allow":["GET"]}}],"collection":[{"href":"https:\/\/bubbleslides.us\/fr\/wp-json\/wp\/v2\/product"}],"about":[{"href":"https:\/\/bubbleslides.us\/fr\/wp-json\/wp\/v2\/types\/product"}],"replies":[{"embeddable":true,"href":"https:\/\/bubbleslides.us\/fr\/wp-json\/wp\/v2\/comments?post=7629"}],"wp:featuredmedia":[{"embeddable":true,"href":"https:\/\/bubbleslides.us\/fr\/wp-json\/wp\/v2\/media\/7638"}],"wp:attachment":[{"href":"https:\/\/bubbleslides.us\/fr\/wp-json\/wp\/v2\/media?parent=7629"}],"wp:term":[{"taxonomy":"product_brand","embeddable":true,"href":"https:\/\/bubbleslides.us\/fr\/wp-json\/wp\/v2\/product_brand?post=7629"},{"taxonomy":"product_cat","embeddable":true,"href":"https:\/\/bubbleslides.us\/fr\/wp-json\/wp\/v2\/product_cat?post=7629"},{"taxonomy":"product_tag","embeddable":true,"href":"https:\/\/bubbleslides.us\/fr\/wp-json\/wp\/v2\/product_tag?post=7629"}],"curies":[{"name":"wp","href":"https:\/\/api.w.org\/{rel}","templated":true}]}}