{"id":7623,"date":"2023-08-17T03:15:02","date_gmt":"2023-08-17T03:15:02","guid":{"rendered":"https:\/\/bubbleslides.us\/?post_type=product&#038;p=7623"},"modified":"2024-03-14T13:30:44","modified_gmt":"2024-03-14T13:30:44","slug":"toboggans-a-bulles-bleu-clair-edition-hivernale","status":"publish","type":"product","link":"https:\/\/bubbleslides.us\/fr\/toboggans-a-bulles-bleu-clair-edition-hivernale\/","title":{"rendered":"Bleu clair Bubble Slides Winter Warmer Edition"},"content":{"rendered":"<p>Confort rafra\u00eechissant les jours froids<\/p>\n<p>Remontez le moral lors de soir\u00e9es agr\u00e9ables avec l&#039;\u00e9dition isol\u00e9e Light Blue Bubble Slides Winter Warmer. Fabriqu\u00e9e en polaire synth\u00e9tique moelleuse amortissant une semelle a\u00e9r\u00e9e en EVA, cette paire a\u00e9r\u00e9e prot\u00e8ge les orteils du froid hivernal avec un confort insouciant parfait pour la d\u00e9tente en int\u00e9rieur.<\/p>\n<p>Une construction renforc\u00e9e en EVA encadre doucement les pieds tandis que la tige en polaire douce favorise la r\u00e9tention de la chaleur de la t\u00eate aux pieds. Contrairement aux diapositives ternes, cette conception am\u00e9lior\u00e9e maximise le confort sans encombrement. Le rembourrage synth\u00e9tique s&#039;adapte librement \u00e0 chaque marche.<\/p>\n<p>La doublure en polaire synth\u00e9tique en peluche maintient une chaleur constante de l&#039;aube jusqu&#039;\u00e0 la tomb\u00e9e de la nuit malgr\u00e9 les temp\u00e9ratures glaciales ext\u00e9rieures. L\u00e0 o\u00f9 les chaussures fades ne plaisent pas, une isolation moelleuse maintient une chaleur agr\u00e9able \u00e0 l\u2019int\u00e9rieur. Les semelles ventil\u00e9es emp\u00eachent les pieds d\u00e9tremp\u00e9s lorsque la neige fond \u00e0 l&#039;int\u00e9rieur.<\/p>\n<p>Les petites bosses sous la polaire offrent une traction fiable, que ce soit pour se d\u00e9tendre ou pour effectuer des t\u00e2ches \u00e0 la maison. Le support rembourr\u00e9 est s\u00e9curis\u00e9, permettant une spontan\u00e9it\u00e9 illimit\u00e9e \u00e0 l&#039;int\u00e9rieur sans craindre de glisser sur les sols lisses.<\/p>\n<p>Illuminez d\u00e9sormais les moments froids avec une touche a\u00e9rienne de bleu clair. La polaire synth\u00e9tique moelleuse embrasse chaque mouvement ravivant pris \u00e0 la l\u00e9g\u00e8re dans un confort doux et moelleux, con\u00e7u pour une vie int\u00e9rieure d\u00e9tendue pendant les saisons les plus froides. L&#039;isolation avanc\u00e9e garde les orteils au chaud et au frais !<\/p>\n<p>Vivez des heures de d\u00e9tente facilement r\u00e9alisables \u00e0 travers des foul\u00e9es confortables. Bleu clair Bubble Slides soulage la morosit\u00e9 de l&#039;hiver avec un plaisir ludique comme aucun toboggan ordinaire n&#039;ose. La traction en polaire souple permet un confort int\u00e9rieur sans stress \u00e0 chaque pas confortable !<\/p>","protected":false},"excerpt":{"rendered":"<p>Refreshing Comfort on Chilly Days Uplift spirits through cozy evenings with the insulated Light Blue Bubble Slides Winter Warmer Edition. Constructed with plush synthetic fleece cushioning an airy EVA sole, this breezy pair shields toes from winter&#8217;s chill with carefree coziness perfect for indoor relaxation. A reinforced EVA construction gently frames feet while soft fleece [&#8230;]\n","protected":false},"featured_media":7611,"comment_status":"open","ping_status":"closed","template":"","meta":[],"product_brand":[],"product_cat":[69,93,94],"product_tag":[84],"class_list":{"0":"post-7623","1":"product","2":"type-product","3":"status-publish","4":"has-post-thumbnail","6":"product_cat-blue-bubble-slides","7":"product_cat-bubble-slides-warm-slippers-for-women","8":"product_cat-bubble-slides-warm-slippers-for-men","9":"product_tag-bubble-slides","11":"first","12":"instock","13":"sale","14":"shipping-taxable","15":"purchasable","16":"product-type-variable","17":"has-default-attributes"},"_links":{"self":[{"href":"https:\/\/bubbleslides.us\/fr\/wp-json\/wp\/v2\/product\/7623","targetHints":{"allow":["GET"]}}],"collection":[{"href":"https:\/\/bubbleslides.us\/fr\/wp-json\/wp\/v2\/product"}],"about":[{"href":"https:\/\/bubbleslides.us\/fr\/wp-json\/wp\/v2\/types\/product"}],"replies":[{"embeddable":true,"href":"https:\/\/bubbleslides.us\/fr\/wp-json\/wp\/v2\/comments?post=7623"}],"wp:featuredmedia":[{"embeddable":true,"href":"https:\/\/bubbleslides.us\/fr\/wp-json\/wp\/v2\/media\/7611"}],"wp:attachment":[{"href":"https:\/\/bubbleslides.us\/fr\/wp-json\/wp\/v2\/media?parent=7623"}],"wp:term":[{"taxonomy":"product_brand","embeddable":true,"href":"https:\/\/bubbleslides.us\/fr\/wp-json\/wp\/v2\/product_brand?post=7623"},{"taxonomy":"product_cat","embeddable":true,"href":"https:\/\/bubbleslides.us\/fr\/wp-json\/wp\/v2\/product_cat?post=7623"},{"taxonomy":"product_tag","embeddable":true,"href":"https:\/\/bubbleslides.us\/fr\/wp-json\/wp\/v2\/product_tag?post=7623"}],"curies":[{"name":"wp","href":"https:\/\/api.w.org\/{rel}","templated":true}]}}