{"id":7578,"date":"2023-08-17T01:08:41","date_gmt":"2023-08-17T01:08:41","guid":{"rendered":"https:\/\/bubbleslides.us\/?post_type=product&#038;p=7578"},"modified":"2024-03-14T12:30:34","modified_gmt":"2024-03-14T12:30:34","slug":"tongs-a-bulles-blanches","status":"publish","type":"product","link":"https:\/\/bubbleslides.us\/fr\/tongs-a-bulles-blanches\/","title":{"rendered":"Tongs blanches Bubble Slides"},"content":{"rendered":"<h5>Glissez-vous dans un confort simple avec les tongs blanches Bubble Slides<\/h5>\n<p>Flottez pendant les journ\u00e9es charg\u00e9es avec les tongs blanches Bubble Slides. Fabriqu\u00e9e \u00e0 partir d&#039;EVA l\u00e9ger ber\u00e7ant une assise plantaire ouverte, cette paire polyvalente amortit chaque foul\u00e9e avec des textures douces comme un oreiller, id\u00e9ales pour une vie d\u00e9contract\u00e9e.<\/p>\n<p>Une construction en EVA moul\u00e9 fa\u00e7onne doucement la tige et la semelle pour \u00e9pouser les talons et les orteils dans une d\u00e9tente confortable pendant que les courses et les aventures balayent la journ\u00e9e. Contrairement aux glissi\u00e8res rigides, la mati\u00e8re \u00e9lastique suit avec souplesse chaque pas sans contrainte ni lassitude.<\/p>\n<p>Une conception ouverte maximise la ventilation crois\u00e9e. Il permet \u00e9galement un drainage rapide si l&#039;eau att\u00e9nue le temps de jeu. Qu&#039;il s&#039;agisse de baignades au bord de la piscine ou de courses pluvieuses, la semelle fluide acc\u00e9l\u00e8re le s\u00e9chage entre les orteils en un \u00e9clair. Le confort reprend en toute transparence tout ce qui se passera ensuite\u00a0!<\/p>\n<p>Les petites bosses en EVA bordant la semelle moelleuse offrent une traction fiable partout o\u00f9 l&#039;imagination vous m\u00e8ne. La traction antid\u00e9rapante reste assur\u00e9e, que vous vous pr\u00e9cipitiez \u00e0 l&#039;int\u00e9rieur ou que vous exploriez plus loin \u00e0 l&#039;ext\u00e9rieur. La stabilit\u00e9 semble constante, permettant un mouvement spontan\u00e9 sans limites.<\/p>\n<p>Canalisez d\u00e9sormais la simplicit\u00e9 \u00e0 travers des teintes blanches \u00e9clatantes. Les textures moelleuses adorent chaque foul\u00e9e confortable dans une facilit\u00e9 moelleuse adapt\u00e9e \u00e0 une vie active en toute libert\u00e9. Le drainage et la traction s&#039;adaptent \u00e0 divers sc\u00e9narios avec l\u00e9g\u00e8ret\u00e9 et facilit\u00e9.<\/p>\n<p>Vivez des journ\u00e9es sans stress r\u00e9alis\u00e9es sans effort gr\u00e2ce \u00e0 des foul\u00e9es dynamiques. White Bubble Slides uplift est recommand\u00e9 pour la relaxation quotidienne en d\u00e9placement. Un confort respirant et une traction s\u00fbre permettent une vie spontan\u00e9e librement avec une fantaisie l\u00e9g\u00e8re \u00e0 chaque pas facile.<\/p>","protected":false},"excerpt":{"rendered":"<p>Slip Into Simple Comfort with White Bubble Slides Flip Flops Float through busy days in the White Bubble Slides Flip Flops. Crafted from lightweight EVA cradling an open footbed, this versatile pair cushions each stride with pillow-soft textures ideal for casual living. A molded EVA construction gently shapes uppers and sole to cup heels and [&#8230;]\n","protected":false},"featured_media":7580,"comment_status":"open","ping_status":"closed","template":"","meta":[],"product_brand":[],"product_cat":[56,55,63],"product_tag":[84],"class_list":{"0":"post-7578","1":"product","2":"type-product","3":"status-publish","4":"has-post-thumbnail","6":"product_cat-flip-flops-slides-for-men","7":"product_cat-flip-flops-slides-for-women","8":"product_cat-white-bubble-slides","9":"product_tag-bubble-slides","11":"first","12":"instock","13":"sale","14":"shipping-taxable","15":"purchasable","16":"product-type-variable","17":"has-default-attributes"},"_links":{"self":[{"href":"https:\/\/bubbleslides.us\/fr\/wp-json\/wp\/v2\/product\/7578","targetHints":{"allow":["GET"]}}],"collection":[{"href":"https:\/\/bubbleslides.us\/fr\/wp-json\/wp\/v2\/product"}],"about":[{"href":"https:\/\/bubbleslides.us\/fr\/wp-json\/wp\/v2\/types\/product"}],"replies":[{"embeddable":true,"href":"https:\/\/bubbleslides.us\/fr\/wp-json\/wp\/v2\/comments?post=7578"}],"wp:featuredmedia":[{"embeddable":true,"href":"https:\/\/bubbleslides.us\/fr\/wp-json\/wp\/v2\/media\/7580"}],"wp:attachment":[{"href":"https:\/\/bubbleslides.us\/fr\/wp-json\/wp\/v2\/media?parent=7578"}],"wp:term":[{"taxonomy":"product_brand","embeddable":true,"href":"https:\/\/bubbleslides.us\/fr\/wp-json\/wp\/v2\/product_brand?post=7578"},{"taxonomy":"product_cat","embeddable":true,"href":"https:\/\/bubbleslides.us\/fr\/wp-json\/wp\/v2\/product_cat?post=7578"},{"taxonomy":"product_tag","embeddable":true,"href":"https:\/\/bubbleslides.us\/fr\/wp-json\/wp\/v2\/product_tag?post=7578"}],"curies":[{"name":"wp","href":"https:\/\/api.w.org\/{rel}","templated":true}]}}