{"id":7545,"date":"2023-08-16T15:23:05","date_gmt":"2023-08-16T15:23:05","guid":{"rendered":"https:\/\/bubbleslides.us\/?post_type=product&#038;p=7545"},"modified":"2024-04-17T07:54:06","modified_gmt":"2024-04-17T07:54:06","slug":"chaussons-smiley-vert-fonce-en-maille-antiderapante","status":"publish","type":"product","link":"https:\/\/bubbleslides.us\/fr\/chaussons-smiley-vert-fonce-en-maille-antiderapante\/","title":{"rendered":"Chaussons Vert Fonc\u00e9 Smiley Face - Filet Antid\u00e9rapant"},"content":{"rendered":"<p>D\u00e9couvrez les joies du confort avec les chaussons \u00e0 face souriante vert fonc\u00e9<\/p>\n<p>Entrez dans un monde de bonheur et de confort in\u00e9gal\u00e9 avec nos pantoufles vert fonc\u00e9 \u00e0 visage souriant, les chaussures parfaites pour apporter un sourire \u00e0 votre visage et un ressort \u00e0 votre d\u00e9marche. Ces charmantes pantoufles ne sont pas seulement un ajout douillet \u00e0 votre garde-robe ; elles vous rappellent d\u00e9licieusement qu'il faut embrasser la joie et la positivit\u00e9 \u00e0 chaque instant. Avec leur motif de smiley ludique et leurs mati\u00e8res luxueusement douces, nos Smiley Face Slippers deviendront \u00e0 coup s\u00fbr votre choix de pr\u00e9dilection pour la d\u00e9tente et le confort.<\/p>\n<p>Fabriqu\u00e9s avec la plus grande attention aux d\u00e9tails, nos chaussons Dark Green Smiley Face sont dot\u00e9s d'un design vibrant et accrocheur qui met en sc\u00e8ne l'embl\u00e9matique smiley dans une riche teinte vert fonc\u00e9. Ce joyeux embl\u00e8me du bonheur se d\u00e9tache sur un fond vert fonc\u00e9 en peluche, cr\u00e9ant un contraste saisissant, \u00e0 la fois \u00e9l\u00e9gant et amusant. Que vous vous pr\u00e9lassiez \u00e0 la maison, que vous fassiez vos courses ou que vous profitiez simplement d'une journ\u00e9e d\u00e9contract\u00e9e, ces pantoufles ne manqueront pas de faire sensation et d'apporter une touche de fantaisie \u00e0 votre vie de tous les jours.<\/p>\n<p>Mais nos chaussons Smiley Face offrent plus qu'une apparence charmante ; ils sont \u00e9galement con\u00e7us pour offrir un confort et un soutien ultimes. Le secret r\u00e9side dans notre technologie exclusive SmileyCushion\u2122, qui comprend une semelle int\u00e9rieure multicouche associant une mousse \u00e0 m\u00e9moire de forme haute densit\u00e9 \u00e0 une doublure douce et respirante. Cette conception innovante \u00e9pouse parfaitement les contours de vos pieds, offrant un soutien exceptionnel de la vo\u00fbte plantaire et r\u00e9duisant les points de pression, afin que vous puissiez profiter d'un confort tout au long de la journ\u00e9e sans aucune douleur. Dites adieu aux pieds fatigu\u00e9s et douloureux et bonjour au confort de nos chaussons Smiley Face.<\/p>\n<p>En enfilant ces charmantes pantoufles, vous sentirez instantan\u00e9ment la diff\u00e9rence dans votre humeur et votre bien-\u00eatre g\u00e9n\u00e9ral. La douceur moelleuse des mat\u00e9riaux berce d\u00e9licatement vos pieds, tandis que le motif joyeux du visage souriant vous rappelle constamment d'aborder la vie avec une attitude positive. Que vous vous d\u00e9tendiez apr\u00e8s une longue journ\u00e9e ou que vous commenciez votre matin\u00e9e du bon pied, nos pantoufles Dark Green Smiley Face sont les compagnons parfaits pour vous aider \u00e0 embrasser le bonheur et le confort \u00e0 chaque pas.<\/p>\n<p>Mais ne vous contentez pas de nous croire sur parole ; voyez ce que nos clients ravis ont \u00e0 dire sur leur exp\u00e9rience avec les Smiley Face Slippers. Sarah de Chicago s'extasie : \"Je ne savais pas que les pantoufles pouvaient apporter autant de joie dans ma vie ! Chaque fois que je regarde mes pieds et que je vois ces petits visages heureux, je ne peux m'emp\u00eacher de sourire\". Mike, de San Diego, ajoute : \"Non seulement ces pantoufles sont incroyablement confortables, mais elles sont aussi un excellent sujet de conversation. Tous ceux qui les voient s'illuminent instantan\u00e9ment et veulent savoir o\u00f9 je les ai eus\".<\/p>\n<p>Dans un monde o\u00f9 le stress et la n\u00e9gativit\u00e9 prennent souvent le devant de la sc\u00e8ne, nos pantoufles Dark Green Smiley Face nous rappellent d\u00e9licieusement qu'il faut donner la priorit\u00e9 au bonheur, au confort et \u00e0 la prise en charge de soi. En offrant \u00e0 vos pieds la douceur et le soutien luxueux de ces pantoufles, vous n'investissez pas seulement dans votre bien-\u00eatre physique, mais aussi dans votre sant\u00e9 \u00e9motionnelle. Alors pourquoi attendre ? Entrez dans la joie et le confort de nos chaussons Smiley Face d\u00e8s aujourd'hui et d\u00e9couvrez la diff\u00e9rence qu'un simple sourire peut faire dans votre vie quotidienne.<\/p>\n<p>Embrassez le bonheur, un pas \u00e0 la fois, avec les pantoufles Smiley Face vert fonc\u00e9 - la combinaison ultime du confort, du style et de la positivit\u00e9. Vos pieds (et votre humeur) vous remercieront !<\/p>","protected":false},"excerpt":{"rendered":"<p>Discover the Joy of Comfort with Dark Green Smiley Face Slippers Step into a world of happiness and unparalleled comfort with our Dark Green Smiley Face Slippers, the perfect footwear to bring a smile to your face and a spring to your step. These charming slippers are not just a cozy addition to your wardrobe; [&#8230;]\n","protected":false},"featured_media":7529,"comment_status":"open","ping_status":"closed","template":"","meta":[],"product_brand":[],"product_cat":[127,87,56,55],"product_tag":[91],"class_list":{"0":"post-7545","1":"product","2":"type-product","3":"status-publish","4":"has-post-thumbnail","6":"product_cat-smiley-face-slippers","7":"product_cat-bubble-slides-bathroom-non-slip-series","8":"product_cat-flip-flops-slides-for-men","9":"product_cat-flip-flops-slides-for-women","10":"product_tag-smiley-face-slippers","12":"first","13":"instock","14":"sale","15":"shipping-taxable","16":"purchasable","17":"product-type-variable","18":"has-default-attributes"},"_links":{"self":[{"href":"https:\/\/bubbleslides.us\/fr\/wp-json\/wp\/v2\/product\/7545","targetHints":{"allow":["GET"]}}],"collection":[{"href":"https:\/\/bubbleslides.us\/fr\/wp-json\/wp\/v2\/product"}],"about":[{"href":"https:\/\/bubbleslides.us\/fr\/wp-json\/wp\/v2\/types\/product"}],"replies":[{"embeddable":true,"href":"https:\/\/bubbleslides.us\/fr\/wp-json\/wp\/v2\/comments?post=7545"}],"wp:featuredmedia":[{"embeddable":true,"href":"https:\/\/bubbleslides.us\/fr\/wp-json\/wp\/v2\/media\/7529"}],"wp:attachment":[{"href":"https:\/\/bubbleslides.us\/fr\/wp-json\/wp\/v2\/media?parent=7545"}],"wp:term":[{"taxonomy":"product_brand","embeddable":true,"href":"https:\/\/bubbleslides.us\/fr\/wp-json\/wp\/v2\/product_brand?post=7545"},{"taxonomy":"product_cat","embeddable":true,"href":"https:\/\/bubbleslides.us\/fr\/wp-json\/wp\/v2\/product_cat?post=7545"},{"taxonomy":"product_tag","embeddable":true,"href":"https:\/\/bubbleslides.us\/fr\/wp-json\/wp\/v2\/product_tag?post=7545"}],"curies":[{"name":"wp","href":"https:\/\/api.w.org\/{rel}","templated":true}]}}