{"id":7543,"date":"2023-08-16T15:18:09","date_gmt":"2023-08-16T15:18:09","guid":{"rendered":"https:\/\/bubbleslides.us\/?post_type=product&#038;p=7543"},"modified":"2024-04-17T07:55:16","modified_gmt":"2024-04-17T07:55:16","slug":"chaussons-roses-en-maille-avec-smiley-antiderapant","status":"publish","type":"product","link":"https:\/\/bubbleslides.us\/fr\/chaussons-roses-en-maille-avec-smiley-antiderapant\/","title":{"rendered":"Chaussons Rose Smiley Face - Filet Antid\u00e9rapant"},"content":{"rendered":"<p>Pr\u00e9parez-vous \u00e0 adopter un nouveau niveau de confort et de joie avec nos pantoufles roses \u00e0 motif smiley \u2013 en maille antid\u00e9rapante, le choix de chaussures ultime pour ceux qui privil\u00e9gient \u00e0 la fois le style et la fonctionnalit\u00e9. Ces ravissantes pantoufles apportent non seulement une touche de couleur et de gaiet\u00e9 \u00e0 votre vie quotidienne, mais offrent \u00e9galement un confort et un soutien in\u00e9gal\u00e9s, garantissant que chaque pas que vous faites est un moment heureux. Avec leur design ludique en forme de smiley, leur tissu en maille respirante et leurs semelles antid\u00e9rapantes, ces pantoufles sont la combinaison parfaite de fantaisie et de praticit\u00e9.<\/p>\n<p>Nos chaussons roses \u00e0 motif smiley pr\u00e9sentent un design dynamique et accrocheur qui met en valeur le visage souriant embl\u00e9matique dans une charmante teinte rose douce. Cet embl\u00e8me joyeux du bonheur est pos\u00e9 sur un tissu en maille l\u00e9ger et respirant, cr\u00e9ant une pantoufle qui non seulement a fi\u00e8re allure, mais garde \u00e9galement vos pieds au frais et \u00e0 l&#039;aise tout au long de la journ\u00e9e. Le mat\u00e9riau en maille permet une excellente circulation de l&#039;air, emp\u00eachant vos pieds de surchauffer et les gardant secs et frais, m\u00eame pendant les mois les plus chauds. Dites adieu aux pieds moites et inconfortables et bonjour au confort a\u00e9r\u00e9 et a\u00e9r\u00e9 de nos chaussons roses \u00e0 motif smiley.<\/p>\n<p>Mais ces pantoufles offrent plus que de la respirabilit\u00e9 ; elles offrent \u00e9galement un soutien et une stabilit\u00e9 exceptionnels, gr\u00e2ce \u00e0 leurs semelles antid\u00e9rapantes. Fabriqu\u00e9es avec un mat\u00e9riau en caoutchouc textur\u00e9 durable, les semelles de nos pantoufles Smiley Face offrent une excellente traction sur une vari\u00e9t\u00e9 de surfaces, vous permettant de vous d\u00e9placer en toute confiance et facilit\u00e9. Que vous naviguiez sur des planchers de bois franc, du carrelage ou des tapis, ces pantoufles vous maintiendront stable sur vos pieds, r\u00e9duisant ainsi le risque de glissades et de chutes. Avec les pantoufles roses Smiley Face \u2013 Mesh antid\u00e9rapantes, vous pouvez profiter du m\u00e9lange parfait de confort, de s\u00e9curit\u00e9 et de style.<\/p>\n<p>En enfilant ces ravissantes pantoufles, vous remarquerez imm\u00e9diatement la diff\u00e9rence dans votre humeur et votre bien-\u00eatre g\u00e9n\u00e9ral. La semelle int\u00e9rieure douce et moelleuse berce doucement vos pieds, offrant un soutien suffisant et r\u00e9duisant les points de pression, tandis que le tissu en maille respirante garde vos pieds au frais et \u00e0 l&#039;aise. Le design ludique du visage souriant sert de rappel constant pour aborder la vie avec une attitude positive, apportant un sourire sur votre visage \u00e0 chaque regard sur vos pieds. Que vous vous d\u00e9tendiez \u00e0 la maison, fassiez des courses ou profitiez simplement d&#039;une journ\u00e9e d\u00e9contract\u00e9e, nos pantoufles roses \u00e0 visage souriant - Mesh antid\u00e9rapant sont les compagnons parfaits pour vous aider \u00e0 adopter le bonheur et le confort \u00e0 chaque pas.<\/p>\n<p>Mais ne vous contentez pas de nous croire sur parole ; \u00e9coutez ce que nos clients ravis ont \u00e0 dire sur leur exp\u00e9rience avec ces pantoufles. Emily de New York s&#039;exclame : \u00ab J&#039;adore absolument mes pantoufles roses \u00e0 smiley ! Non seulement elles sont incroyablement mignonnes et confortables, mais les semelles antid\u00e9rapantes me permettent de me promener dans ma maison en toute tranquillit\u00e9 d&#039;esprit. \u00bb David de Los Angeles ajoute : \u00ab Je n&#039;aurais jamais pens\u00e9 \u00eatre aussi enthousiaste \u00e0 l&#039;id\u00e9e d&#039;avoir une paire de pantoufles, mais celles-ci m&#039;ont compl\u00e8tement conquis. La maille respirante garde mes pieds au frais et les smileys ne manquent jamais d&#039;\u00e9gayer ma journ\u00e9e. \u00bb<\/p>\n<p>Dans un monde o\u00f9 le confort, le style et le bonheur semblent souvent \u00eatre un exercice d&#039;\u00e9quilibre, nos chaussons roses Smiley Face \u2013 Mesh antid\u00e9rapants offrent la solution parfaite. En offrant \u00e0 vos pieds la douceur luxueuse, le soutien et la respirabilit\u00e9 de ces chaussons, vous investissez dans votre bien-\u00eatre g\u00e9n\u00e9ral et adoptez une vie remplie de joie et de positivit\u00e9. Alors pourquoi attendre ? Entrez dans le bonheur et le confort de nos chaussons roses Smiley Face \u2013 Mesh antid\u00e9rapants d\u00e8s aujourd&#039;hui et d\u00e9couvrez la diff\u00e9rence qu&#039;un simple sourire peut faire dans votre vie quotidienne.<\/p>\n<p>Adoptez le bonheur, une \u00e9tape \u00e0 la fois, avec les chaussons roses Smiley Face \u2013 Mesh antid\u00e9rapant \u2013 la combinaison ultime de confort, de style et de positivit\u00e9. Vos pieds (et votre humeur) vous remercieront !<\/p>","protected":false},"excerpt":{"rendered":"<p>Prepare to embrace a new level of comfort and joy with our Pink Smiley Face Slippers &#8211; Mesh Non-Slip, the ultimate footwear choice for those who prioritize both style and functionality. These delightful slippers not only bring a pop of color and cheerfulness to your everyday life but also provide unparalleled comfort and support, ensuring [&#8230;]\n","protected":false},"featured_media":7530,"comment_status":"open","ping_status":"closed","template":"","meta":[],"product_brand":[],"product_cat":[127,87,56,55],"product_tag":[91],"class_list":{"0":"post-7543","1":"product","2":"type-product","3":"status-publish","4":"has-post-thumbnail","6":"product_cat-smiley-face-slippers","7":"product_cat-bubble-slides-bathroom-non-slip-series","8":"product_cat-flip-flops-slides-for-men","9":"product_cat-flip-flops-slides-for-women","10":"product_tag-smiley-face-slippers","12":"first","13":"instock","14":"sale","15":"shipping-taxable","16":"purchasable","17":"product-type-variable","18":"has-default-attributes"},"_links":{"self":[{"href":"https:\/\/bubbleslides.us\/fr\/wp-json\/wp\/v2\/product\/7543","targetHints":{"allow":["GET"]}}],"collection":[{"href":"https:\/\/bubbleslides.us\/fr\/wp-json\/wp\/v2\/product"}],"about":[{"href":"https:\/\/bubbleslides.us\/fr\/wp-json\/wp\/v2\/types\/product"}],"replies":[{"embeddable":true,"href":"https:\/\/bubbleslides.us\/fr\/wp-json\/wp\/v2\/comments?post=7543"}],"wp:featuredmedia":[{"embeddable":true,"href":"https:\/\/bubbleslides.us\/fr\/wp-json\/wp\/v2\/media\/7530"}],"wp:attachment":[{"href":"https:\/\/bubbleslides.us\/fr\/wp-json\/wp\/v2\/media?parent=7543"}],"wp:term":[{"taxonomy":"product_brand","embeddable":true,"href":"https:\/\/bubbleslides.us\/fr\/wp-json\/wp\/v2\/product_brand?post=7543"},{"taxonomy":"product_cat","embeddable":true,"href":"https:\/\/bubbleslides.us\/fr\/wp-json\/wp\/v2\/product_cat?post=7543"},{"taxonomy":"product_tag","embeddable":true,"href":"https:\/\/bubbleslides.us\/fr\/wp-json\/wp\/v2\/product_tag?post=7543"}],"curies":[{"name":"wp","href":"https:\/\/api.w.org\/{rel}","templated":true}]}}