{"id":7541,"date":"2023-08-16T15:16:15","date_gmt":"2023-08-16T15:16:15","guid":{"rendered":"https:\/\/bubbleslides.us\/?post_type=product&#038;p=7541"},"modified":"2024-04-17T07:56:33","modified_gmt":"2024-04-17T07:56:33","slug":"gris-smiley-chaussons-mesh-antiderapant","status":"publish","type":"product","link":"https:\/\/bubbleslides.us\/fr\/gris-smiley-chaussons-mesh-antiderapant\/","title":{"rendered":"Chaussons Gris Smiley Face - Filet Antid\u00e9rapant"},"content":{"rendered":"<p class=\"md-end-block md-p\"><span class=\"md-plain md-expand\">Embrassez le confort et la positivit\u00e9 avec les pantoufles grises \u00e0 visage souriant - Maille antid\u00e9rapante<\/span><\/p>\n<p class=\"md-end-block md-p\"><span class=\"md-plain\">D\u00e9couvrez le m\u00e9lange parfait de style, de confort et de joie avec nos pantoufles Grey Smiley Face - Mesh Non-Slip, le choix de chaussures ultime pour ceux qui appr\u00e9cient \u00e0 la fois la fonctionnalit\u00e9 et une vision joyeuse de la vie. Ces charmantes pantoufles offrent non seulement un confort et un soutien in\u00e9gal\u00e9s, mais apportent \u00e9galement une touche de fantaisie et de positivit\u00e9 \u00e0 votre routine quotidienne. Avec leur design en forme de smiley, leur tissu en maille respirante et leurs semelles antid\u00e9rapantes, ces pantoufles sont le compagnon id\u00e9al de tous ceux qui cherchent \u00e0 embrasser le bonheur et le confort \u00e0 chaque pas.<\/span><\/p>\n<p class=\"md-end-block md-p\"><span class=\"md-plain\">Nos pantoufles Grey Smiley Face pr\u00e9sentent un design subtil, mais accrocheur, qui met en valeur le smiley embl\u00e9matique dans une teinte gris clair sophistiqu\u00e9e. Ce joyeux embl\u00e8me du bonheur est plac\u00e9 sur un tissu en maille l\u00e9ger et respirant, cr\u00e9ant ainsi une pantoufle qui allie sans effort style et praticit\u00e9. La maille permet une excellente circulation de l'air, garantissant que vos pieds restent au frais, au sec et \u00e0 l'aise tout au long de la journ\u00e9e, m\u00eame pendant les mois les plus chauds. Dites adieu aux pieds moites et inconfortables et bonjour au confort rafra\u00eechissant et a\u00e9r\u00e9 de nos pantoufles Grey Smiley Face.<\/span><\/p>\n<p class=\"md-end-block md-p\"><span class=\"md-plain\">Mais ces pantoufles offrent plus qu'une simple respirabilit\u00e9 ; elles offrent \u00e9galement un soutien et une stabilit\u00e9 exceptionnels, gr\u00e2ce \u00e0 leurs semelles antid\u00e9rapantes. Fabriqu\u00e9es en caoutchouc textur\u00e9 durable, les semelles de nos pantoufles Smiley Face offrent une excellente adh\u00e9rence sur une vari\u00e9t\u00e9 de surfaces, ce qui vous permet de vous d\u00e9placer avec confiance et facilit\u00e9. Que vous vous d\u00e9placiez sur du parquet, du carrelage ou de la moquette, ces pantoufles vous permettront de rester stable sur vos pieds, minimisant ainsi les risques de glissades et de chutes. Avec les pantoufles Grey Smiley Face - Mesh Non-Slip, vous pouvez profiter d'une combinaison parfaite de confort, de s\u00e9curit\u00e9 et de style.<\/span><\/p>\n<p class=\"md-end-block md-p\"><span class=\"md-plain\">En enfilant ces charmantes pantoufles, vous sentirez instantan\u00e9ment la diff\u00e9rence dans votre humeur et votre bien-\u00eatre g\u00e9n\u00e9ral. La semelle int\u00e9rieure douce et matelass\u00e9e berce d\u00e9licatement vos pieds, leur offrant un grand soutien et r\u00e9duisant les points de pression, tandis que le tissu en maille respirante garde vos pieds au frais et \u00e0 l'aise. Le motif amusant du visage souriant vous rappelle constamment d'aborder la vie avec une attitude positive, et vous donne le sourire \u00e0 chaque fois que vous regardez vos pieds. Que vous vous d\u00e9tendiez \u00e0 la maison, que vous fassiez vos courses ou que vous profitiez simplement d'une journ\u00e9e d\u00e9contract\u00e9e, nos pantoufles Grey Smiley Face - Mesh Non-Slip sont les compagnons parfaits pour vous aider \u00e0 embrasser le bonheur et le confort \u00e0 chaque pas.<\/span><\/p>\n<p class=\"md-end-block md-p\"><span class=\"md-plain\">Mais ne vous contentez pas de nous croire sur parole ; voyez ce que nos clients satisfaits ont \u00e0 dire sur leur exp\u00e9rience avec ces pantoufles. Jessica, de Chicago, d\u00e9clare : \"J'adore mes pantoufles Grey Smiley Face ! Elles sont si confortables et les semelles antid\u00e9rapantes me permettent de les porter dans la maison sans craindre de glisser.\" Michael, de Miami, ajoute : \"Ces pantoufles sont devenues ma r\u00e9f\u00e9rence en mati\u00e8re de confort et de style. La maille respirante garde mes pieds au frais et les visages souriants me font toujours sourire.\"<\/span><\/p>\n<p class=\"md-end-block md-p\"><span class=\"md-plain\">Dans un monde o\u00f9 le confort, le style et le bonheur sont souvent difficiles \u00e0 concilier, nos pantoufles Grey Smiley Face - Mesh Non-Slip offrent la solution parfaite. En offrant \u00e0 vos pieds la douceur luxueuse, le soutien et la respirabilit\u00e9 de ces pantoufles, vous investissez dans votre bien-\u00eatre g\u00e9n\u00e9ral et embrassez une vie remplie de joie et de positivit\u00e9. Alors pourquoi attendre ? Entrez dans le bonheur et le confort de nos pantoufles Grey Smiley Face - Mesh Non-Slip d\u00e8s aujourd'hui et d\u00e9couvrez la diff\u00e9rence qu'un simple sourire peut faire dans votre vie quotidienne.<\/span><\/p>\n<p class=\"md-end-block md-p md-focus\"><span class=\"md-plain md-expand\">Embrassez le bonheur, un pas \u00e0 la fois, avec les chaussons Grey Smiley Face - Mesh Anti-Slip - la combinaison ultime de confort, de style et de positivit\u00e9. Vos pieds (et votre humeur) vous remercieront !<\/span><\/p>","protected":false},"excerpt":{"rendered":"<p>Embrace Comfort and Positivity with Grey Smiley Face Slippers &#8211; Mesh Non-Slip Discover the perfect blend of style, comfort, and joy with our Grey Smiley Face Slippers &#8211; Mesh Non-Slip, the ultimate footwear choice for those who value both functionality and a cheerful outlook on life. These charming slippers not only provide unparalleled comfort and [&#8230;]\n","protected":false},"featured_media":7531,"comment_status":"open","ping_status":"closed","template":"","meta":[],"product_brand":[],"product_cat":[127,87,55,56],"product_tag":[91],"class_list":{"0":"post-7541","1":"product","2":"type-product","3":"status-publish","4":"has-post-thumbnail","6":"product_cat-smiley-face-slippers","7":"product_cat-bubble-slides-bathroom-non-slip-series","8":"product_cat-flip-flops-slides-for-women","9":"product_cat-flip-flops-slides-for-men","10":"product_tag-smiley-face-slippers","12":"first","13":"instock","14":"sale","15":"shipping-taxable","16":"purchasable","17":"product-type-variable","18":"has-default-attributes"},"_links":{"self":[{"href":"https:\/\/bubbleslides.us\/fr\/wp-json\/wp\/v2\/product\/7541","targetHints":{"allow":["GET"]}}],"collection":[{"href":"https:\/\/bubbleslides.us\/fr\/wp-json\/wp\/v2\/product"}],"about":[{"href":"https:\/\/bubbleslides.us\/fr\/wp-json\/wp\/v2\/types\/product"}],"replies":[{"embeddable":true,"href":"https:\/\/bubbleslides.us\/fr\/wp-json\/wp\/v2\/comments?post=7541"}],"wp:featuredmedia":[{"embeddable":true,"href":"https:\/\/bubbleslides.us\/fr\/wp-json\/wp\/v2\/media\/7531"}],"wp:attachment":[{"href":"https:\/\/bubbleslides.us\/fr\/wp-json\/wp\/v2\/media?parent=7541"}],"wp:term":[{"taxonomy":"product_brand","embeddable":true,"href":"https:\/\/bubbleslides.us\/fr\/wp-json\/wp\/v2\/product_brand?post=7541"},{"taxonomy":"product_cat","embeddable":true,"href":"https:\/\/bubbleslides.us\/fr\/wp-json\/wp\/v2\/product_cat?post=7541"},{"taxonomy":"product_tag","embeddable":true,"href":"https:\/\/bubbleslides.us\/fr\/wp-json\/wp\/v2\/product_tag?post=7541"}],"curies":[{"name":"wp","href":"https:\/\/api.w.org\/{rel}","templated":true}]}}