{"id":7539,"date":"2023-08-16T15:14:37","date_gmt":"2023-08-16T15:14:37","guid":{"rendered":"https:\/\/bubbleslides.us\/?post_type=product&#038;p=7539"},"modified":"2024-04-17T07:58:08","modified_gmt":"2024-04-17T07:58:08","slug":"chaussons-smiley-noirs-en-maille-antiderapante","status":"publish","type":"product","link":"https:\/\/bubbleslides.us\/fr\/chaussons-smiley-noirs-en-maille-antiderapante\/","title":{"rendered":"Chaussons Noirs Smiley Face - Filet Antid\u00e9rapant"},"content":{"rendered":"<div>Entrez dans le confort et la joie avec ces chaussons noirs \u00e0 motif smiley \u2013 en maille antid\u00e9rapante<\/div>\n<div><\/div>\n<div>Voici le m\u00e9lange parfait de style, de confort et de positivit\u00e9 : nos chaussons noirs \u00e0 motif smiley \u2013 en maille antid\u00e9rapante. Ces ravissants chaussons sont con\u00e7us pour apporter une touche de fantaisie et de bonheur \u00e0 votre vie quotidienne tout en offrant un confort et un soutien in\u00e9gal\u00e9s. Avec leur design ludique en forme de smiley, leur tissu en maille respirante et leurs semelles antid\u00e9rapantes, ces chaussons sont le choix id\u00e9al pour tous ceux qui cherchent \u00e0 adopter le confort et la joie \u00e0 chaque pas.<\/div>\n<div><\/div>\n<div>Nos chaussons noirs Smiley Face pr\u00e9sentent un design audacieux et accrocheur qui met en valeur le visage souriant embl\u00e9matique dans une teinte noire \u00e9l\u00e9gante. Cet embl\u00e8me joyeux du bonheur se d\u00e9marque du tissu en maille l\u00e9ger et respirant, cr\u00e9ant une pantoufle qui allie sans effort style et fonctionnalit\u00e9. Le mat\u00e9riau en maille permet une excellente circulation de l&#039;air, garantissant que vos pieds restent frais, secs et confortables tout au long de la journ\u00e9e, m\u00eame pendant les mois les plus chauds. Dites adieu aux pieds moites et inconfortables et bonjour au confort rafra\u00eechissant et a\u00e9r\u00e9 de nos chaussons noirs Smiley Face.<\/div>\n<div><\/div>\n<div>Mais ces pantoufles offrent plus que de la respirabilit\u00e9 ; elles offrent \u00e9galement un soutien et une stabilit\u00e9 exceptionnels, gr\u00e2ce \u00e0 leurs semelles antid\u00e9rapantes. Fabriqu\u00e9es avec un mat\u00e9riau en caoutchouc textur\u00e9 durable, les semelles de nos pantoufles Smiley Face offrent une excellente traction sur une vari\u00e9t\u00e9 de surfaces, vous permettant de vous d\u00e9placer dans la journ\u00e9e en toute confiance et facilit\u00e9. Que vous naviguiez sur des planchers de bois franc, du carrelage ou des tapis, ces pantoufles vous garderont stable sur vos pieds, minimisant ainsi le risque de glissades et de chutes. Avec les pantoufles noires Smiley Face \u2013 Mesh antid\u00e9rapantes, vous pouvez profiter de la combinaison parfaite de confort, de s\u00e9curit\u00e9 et de style.<\/div>\n<div><\/div>\n<div>En enfilant ces ravissantes pantoufles, vous ressentirez instantan\u00e9ment la diff\u00e9rence dans votre humeur et votre bien-\u00eatre g\u00e9n\u00e9ral. La semelle int\u00e9rieure douce et moelleuse berce doucement vos pieds, offrant un soutien suffisant et r\u00e9duisant les points de pression, tandis que le tissu en maille respirante garde vos pieds au frais et \u00e0 l&#039;aise. Le design ludique du visage souriant sert de rappel constant pour aborder la vie avec une attitude positive, apportant un sourire sur votre visage \u00e0 chaque regard sur vos pieds. Que vous vous d\u00e9tendiez \u00e0 la maison, fassiez des courses ou profitiez simplement d&#039;une journ\u00e9e d\u00e9contract\u00e9e, nos pantoufles noires \u00e0 visage souriant - Mesh antid\u00e9rapantes sont les compagnons parfaits pour vous aider \u00e0 adopter le bonheur et le confort \u00e0 chaque pas.<\/div>\n<div><\/div>\n<div>Mais ne vous contentez pas de nous croire sur parole ; \u00e9coutez ce que nos clients ravis ont \u00e0 dire sur leur exp\u00e9rience avec ces pantoufles. Amanda de Seattle s&#039;extasie : \u00ab J&#039;adore absolument mes pantoufles noires \u00e0 motif de smiley ! Elles sont tr\u00e8s confortables et les semelles antid\u00e9rapantes me donnent la confiance n\u00e9cessaire pour les porter \u00e0 la maison sans craindre de glisser. \u00bb Chris de Denver ajoute : \u00ab Ces pantoufles sont devenues mon choix de pr\u00e9dilection pour le confort et le style. La maille respirante garde mes pieds au frais et les smileys me font toujours sourire. \u00bb<\/div>\n<div><\/div>\n<div>Dans un monde o\u00f9 le confort, le style et le bonheur semblent souvent \u00eatre un exercice d&#039;\u00e9quilibre, nos pantoufles noires Smiley Face \u2013 Mesh antid\u00e9rapantes offrent la solution parfaite. En offrant \u00e0 vos pieds la douceur luxueuse, le soutien et la respirabilit\u00e9 de ces pantoufles, vous investissez dans votre bien-\u00eatre g\u00e9n\u00e9ral et adoptez une vie remplie de joie et de positivit\u00e9. Alors pourquoi attendre ? Entrez dans le bonheur et le confort de nos pantoufles noires Smiley Face \u2013 Mesh antid\u00e9rapantes d\u00e8s aujourd&#039;hui et d\u00e9couvrez la diff\u00e9rence qu&#039;un simple sourire peut faire dans votre vie quotidienne.<\/div>\n<div><\/div>\n<div>Adoptez le bonheur, une \u00e9tape \u00e0 la fois, avec les chaussons noirs Smiley Face \u2013 Mesh antid\u00e9rapant \u2013 la combinaison ultime de confort, de style et de positivit\u00e9. Vos pieds (et votre humeur) vous remercieront !<\/div>","protected":false},"excerpt":{"rendered":"<p>Step into Comfort and Joy with Black Smiley Face Slippers &#8211; Mesh Non-Slip Introducing the perfect blend of style, comfort, and positivity: our Black Smiley Face Slippers &#8211; Mesh Non-Slip. These delightful slippers are designed to bring a touch of whimsy and happiness to your everyday life while providing unparalleled comfort and support. With their [&#8230;]\n","protected":false},"featured_media":7532,"comment_status":"open","ping_status":"closed","template":"","meta":[],"product_brand":[],"product_cat":[127,87,55,56],"product_tag":[91],"class_list":{"0":"post-7539","1":"product","2":"type-product","3":"status-publish","4":"has-post-thumbnail","6":"product_cat-smiley-face-slippers","7":"product_cat-bubble-slides-bathroom-non-slip-series","8":"product_cat-flip-flops-slides-for-women","9":"product_cat-flip-flops-slides-for-men","10":"product_tag-smiley-face-slippers","12":"first","13":"instock","14":"sale","15":"shipping-taxable","16":"purchasable","17":"product-type-variable","18":"has-default-attributes"},"_links":{"self":[{"href":"https:\/\/bubbleslides.us\/fr\/wp-json\/wp\/v2\/product\/7539","targetHints":{"allow":["GET"]}}],"collection":[{"href":"https:\/\/bubbleslides.us\/fr\/wp-json\/wp\/v2\/product"}],"about":[{"href":"https:\/\/bubbleslides.us\/fr\/wp-json\/wp\/v2\/types\/product"}],"replies":[{"embeddable":true,"href":"https:\/\/bubbleslides.us\/fr\/wp-json\/wp\/v2\/comments?post=7539"}],"wp:featuredmedia":[{"embeddable":true,"href":"https:\/\/bubbleslides.us\/fr\/wp-json\/wp\/v2\/media\/7532"}],"wp:attachment":[{"href":"https:\/\/bubbleslides.us\/fr\/wp-json\/wp\/v2\/media?parent=7539"}],"wp:term":[{"taxonomy":"product_brand","embeddable":true,"href":"https:\/\/bubbleslides.us\/fr\/wp-json\/wp\/v2\/product_brand?post=7539"},{"taxonomy":"product_cat","embeddable":true,"href":"https:\/\/bubbleslides.us\/fr\/wp-json\/wp\/v2\/product_cat?post=7539"},{"taxonomy":"product_tag","embeddable":true,"href":"https:\/\/bubbleslides.us\/fr\/wp-json\/wp\/v2\/product_tag?post=7539"}],"curies":[{"name":"wp","href":"https:\/\/api.w.org\/{rel}","templated":true}]}}