{"id":7526,"date":"2023-08-16T14:50:03","date_gmt":"2023-08-16T14:50:03","guid":{"rendered":"https:\/\/bubbleslides.us\/?post_type=product&#038;p=7526"},"modified":"2024-04-17T08:01:33","modified_gmt":"2024-04-17T08:01:33","slug":"chaussons-smiley-jaune-en-maille-antiderapante","status":"publish","type":"product","link":"https:\/\/bubbleslides.us\/fr\/chaussons-smiley-jaune-en-maille-antiderapante\/","title":{"rendered":"Chaussons Jaunes Smiley Face - Filet Antid\u00e9rapant"},"content":{"rendered":"<p>Faites le plein de soleil et de confort avec les chaussons \u00e0 face souriante jaunes - en maille antid\u00e9rapante<\/p>\n<p>Illuminez votre journ\u00e9e et profitez d'un confort ultime gr\u00e2ce \u00e0 nos pantoufles Yellow Smiley Face - Mesh Non-Slip. Ces joyeuses pantoufles sont con\u00e7ues pour apporter une touche de soleil et de positivit\u00e9 \u00e0 votre vie quotidienne tout en offrant un confort et un soutien in\u00e9gal\u00e9s. Avec leur motif de visage souriant, leur tissu en maille respirante et leurs semelles antid\u00e9rapantes, ces pantoufles sont le choix parfait pour tous ceux qui cherchent \u00e0 embrasser le bonheur et le confort \u00e0 chaque pas.<\/p>\n<p>Nos chaussons Yellow Smiley Face sont dot\u00e9s d'un design vibrant et accrocheur qui met en sc\u00e8ne l'embl\u00e9matique smiley dans une teinte jaune ensoleill\u00e9e. Ce joyeux embl\u00e8me du bonheur se d\u00e9tache du tissu en maille l\u00e9ger et respirant, cr\u00e9ant une pantoufle qui allie sans effort style et fonctionnalit\u00e9. La maille permet une excellente circulation de l'air, garantissant que vos pieds restent au frais, au sec et \u00e0 l'aise tout au long de la journ\u00e9e, m\u00eame pendant les mois les plus chauds. Dites adieu aux pieds moites et inconfortables et bonjour au confort rafra\u00eechissant et a\u00e9r\u00e9 de nos pantoufles Yellow Smiley Face.<\/p>\n<p>Mais ces pantoufles offrent plus qu'une simple respirabilit\u00e9 ; elles offrent \u00e9galement un soutien et une stabilit\u00e9 exceptionnels, gr\u00e2ce \u00e0 leurs semelles antid\u00e9rapantes. Fabriqu\u00e9es en caoutchouc textur\u00e9 durable, les semelles de nos pantoufles Smiley Face offrent une excellente adh\u00e9rence sur une vari\u00e9t\u00e9 de surfaces, vous permettant de vous d\u00e9placer avec confiance et facilit\u00e9. Que vous vous d\u00e9placiez sur du parquet, du carrelage ou de la moquette, ces pantoufles vous permettront de rester stable sur vos pieds, minimisant ainsi les risques de glissades et de chutes. Avec les pantoufles Yellow Smiley Face - Mesh Non-Slip, vous pouvez profiter de la combinaison parfaite de confort, de s\u00e9curit\u00e9 et de style.<\/p>\n<p>En enfilant ces charmantes pantoufles, vous sentirez instantan\u00e9ment la diff\u00e9rence dans votre humeur et votre bien-\u00eatre g\u00e9n\u00e9ral. La semelle int\u00e9rieure douce et matelass\u00e9e berce d\u00e9licatement vos pieds, leur offrant un grand soutien et r\u00e9duisant les points de pression, tandis que le tissu en maille respirante garde vos pieds au frais et \u00e0 l'aise. Le motif amusant du visage souriant vous rappelle constamment d'aborder la vie avec une attitude positive, vous donnant le sourire \u00e0 chaque fois que vous regardez vos pieds. Que vous vous d\u00e9tendiez \u00e0 la maison, que vous fassiez vos courses ou que vous profitiez simplement d'une journ\u00e9e d\u00e9contract\u00e9e, nos chaussons Yellow Smiley Face - Mesh Non-Slip sont les compagnons parfaits pour vous aider \u00e0 embrasser le bonheur et le confort \u00e0 chaque pas.<\/p>\n<p>Mais ne vous contentez pas de nous croire sur parole ; \u00e9coutez ce que nos clients ravis ont \u00e0 dire sur leur exp\u00e9rience avec ces pantoufles. Sophie de Londres s'extasie : \"J'adore mes pantoufles Yellow Smiley Face ! Elles sont si confortables et les semelles antid\u00e9rapantes me permettent de les porter dans toute la maison sans craindre de glisser.\" Mark, de Sydney, ajoute : \"Ces pantoufles sont devenues ma r\u00e9f\u00e9rence en mati\u00e8re de confort et de style. La maille respirante garde mes pieds au frais, et les visages souriants me donnent toujours le sourire.\"<\/p>\n<p>Dans un monde o\u00f9 le confort, le style et le bonheur sont souvent difficiles \u00e0 concilier, nos pantoufles Yellow Smiley Face - Mesh Non-Slip offrent la solution parfaite. En offrant \u00e0 vos pieds la douceur luxueuse, le soutien et la respirabilit\u00e9 de ces pantoufles, vous investissez dans votre bien-\u00eatre g\u00e9n\u00e9ral et embrassez une vie remplie de joie et de positivit\u00e9. Alors pourquoi attendre ? Entrez dans le bonheur et le confort de nos pantoufles Yellow Smiley Face - Mesh Non-Slip aujourd'hui et d\u00e9couvrez la diff\u00e9rence qu'un simple sourire peut faire dans votre vie quotidienne.<\/p>\n<p>Embrassez le bonheur, un pas \u00e0 la fois, avec les chaussons Yellow Smiley Face - Mesh Anti-Slip - la combinaison ultime du confort, du style et de la positivit\u00e9. Vos pieds (et votre humeur) vous remercieront !<\/p>","protected":false},"excerpt":{"rendered":"<p>Step into Sunshine and Comfort with Yellow Smiley Face Slippers &#8211; Mesh Non-Slip Brighten up your day and embrace ultimate comfort with our Yellow Smiley Face Slippers &#8211; Mesh Non-Slip. These cheerful slippers are designed to bring a touch of sunshine and positivity to your everyday life while providing unparalleled comfort and support. With their [&#8230;]\n","protected":false},"featured_media":7536,"comment_status":"open","ping_status":"closed","template":"","meta":[],"product_brand":[],"product_cat":[127,87,55,56],"product_tag":[91],"class_list":{"0":"post-7526","1":"product","2":"type-product","3":"status-publish","4":"has-post-thumbnail","6":"product_cat-smiley-face-slippers","7":"product_cat-bubble-slides-bathroom-non-slip-series","8":"product_cat-flip-flops-slides-for-women","9":"product_cat-flip-flops-slides-for-men","10":"product_tag-smiley-face-slippers","12":"first","13":"instock","14":"sale","15":"shipping-taxable","16":"purchasable","17":"product-type-variable","18":"has-default-attributes"},"_links":{"self":[{"href":"https:\/\/bubbleslides.us\/fr\/wp-json\/wp\/v2\/product\/7526","targetHints":{"allow":["GET"]}}],"collection":[{"href":"https:\/\/bubbleslides.us\/fr\/wp-json\/wp\/v2\/product"}],"about":[{"href":"https:\/\/bubbleslides.us\/fr\/wp-json\/wp\/v2\/types\/product"}],"replies":[{"embeddable":true,"href":"https:\/\/bubbleslides.us\/fr\/wp-json\/wp\/v2\/comments?post=7526"}],"wp:featuredmedia":[{"embeddable":true,"href":"https:\/\/bubbleslides.us\/fr\/wp-json\/wp\/v2\/media\/7536"}],"wp:attachment":[{"href":"https:\/\/bubbleslides.us\/fr\/wp-json\/wp\/v2\/media?parent=7526"}],"wp:term":[{"taxonomy":"product_brand","embeddable":true,"href":"https:\/\/bubbleslides.us\/fr\/wp-json\/wp\/v2\/product_brand?post=7526"},{"taxonomy":"product_cat","embeddable":true,"href":"https:\/\/bubbleslides.us\/fr\/wp-json\/wp\/v2\/product_cat?post=7526"},{"taxonomy":"product_tag","embeddable":true,"href":"https:\/\/bubbleslides.us\/fr\/wp-json\/wp\/v2\/product_tag?post=7526"}],"curies":[{"name":"wp","href":"https:\/\/api.w.org\/{rel}","templated":true}]}}