{"id":7457,"date":"2023-08-16T12:01:27","date_gmt":"2023-08-16T12:01:27","guid":{"rendered":"https:\/\/bubbleslides.us\/?post_type=product&#038;p=7457"},"modified":"2025-10-07T02:59:42","modified_gmt":"2025-10-07T02:59:42","slug":"edition-blanche-decoree-de-perles-personnalisees-bubble-slides","status":"publish","type":"product","link":"https:\/\/bubbleslides.us\/fr\/edition-blanche-decoree-de-perles-personnalisees-bubble-slides\/","title":{"rendered":"Bubble Slides \u00c9dition blanche d\u00e9cor\u00e9e de perles personnalis\u00e9es"},"content":{"rendered":"<h5>Bubble Slides \u2013 Une exp\u00e9rience paradisiaque pour vos pieds<\/h5>\n<p>Rafra\u00eechissez votre \u00e9t\u00e9 avec le Bubble Slides Custom Pearl Decorated White Edition<\/p>\n<p>Associez luxe et loisirs avec le Bubble Slides Custom Pearl Decorated White Edition, \u00e9l\u00e9gant et efficace. Fabriqu\u00e9es \u00e0 partir de mousse EVA l\u00e9g\u00e8re et rehauss\u00e9es de perles en forme d&#039;iris, ces claquettes vous plongent dans un style c\u00f4tier con\u00e7u pour rafra\u00eechir chacun de vos pas.<\/p>\n<p>Un fond de teint d&#039;un blanc immacul\u00e9 \u00e9blouit par l&#039;\u00e9clat subtil des perles nacr\u00e9es dispers\u00e9es parmi des contours doux. Leurs teintes rose brumeux et aqua changent sous le soleil pour un look qui capture la beaut\u00e9 respirante de la vie en bord de mer. \u00c0 l\u2019int\u00e9rieur, une doublure en satin moelleux enveloppe les pieds dans la douceur onctueuse de la soie.<\/p>\n<p>Une sangle \u00e9lastique offre un ajustement parfait et flexible, r\u00e9glable pour les aventures d&#039;une journ\u00e9e compl\u00e8te ou pour se pr\u00e9lasser en toute d\u00e9tente. Le support rembourr\u00e9 r\u00e9sulte d&#039;une conception \u00e0 double densit\u00e9 qui r\u00e9partit le poids uniform\u00e9ment. Une section arri\u00e8re plus ferme soutient pendant la marche tandis qu&#039;une zone plus douce \u00e0 l&#039;avant-pied absorbe l&#039;impact \u00e0 chaque foul\u00e9e.<\/p>\n<p>la ventilation favorise en outre un environnement frais et sec pour les \u00e9t\u00e9s actifs. Un profil \u00e0 bout ouvert garde les pieds l\u00e9gers et a\u00e9r\u00e9s. Les perforations strat\u00e9giques dans la semelle maximisent la circulation de l&#039;air pour \u00e9vacuer rapidement la chaleur et l&#039;humidit\u00e9.<\/p>\n<p>Les c\u00e9l\u00e9brit\u00e9s et les fans louent ces claquettes pour leur capacit\u00e9 \u00e0 allier \u00e0 merveille confort et style. Avec des fans du monde entier vantant leur nature th\u00e9rapeutique amortie marche apr\u00e8s marche, Bubble Slides a cr\u00e9\u00e9 un public d\u00e9vou\u00e9.<\/p>\n<p>D\u00e9sormais, les d\u00e9tails raffin\u00e9s des accents iris\u00e9s rehaussent l&#039;exp\u00e9rience. Glissez-vous dans une d\u00e9tente sans stress partout o\u00f9 vos projets d\u2019\u00e9t\u00e9 vous guident. Apaisez les pieds fatigu\u00e9s avec un confort haut de gamme aussi luxueux que agr\u00e9able au toucher.<\/p>","protected":false},"excerpt":{"rendered":"<p>Bubble Slides &#8211; A Heavenly Experience for Your Feet Refresh Your Summer with the Bubble Slides Custom Pearl Decorated White Edition Lace up luxury and leisure with the elegantly efficient Bubble Slides Custom Pearl Decorated White Edition. Crafted from lightweight EVA foam and accented with iris-like pearl embellishments, these slides immerse you in coastal style [&#8230;]\n","protected":false},"featured_media":7467,"comment_status":"open","ping_status":"closed","template":"","meta":[],"product_brand":[],"product_cat":[63,89],"product_tag":[84],"class_list":{"0":"post-7457","1":"product","2":"type-product","3":"status-publish","4":"has-post-thumbnail","6":"product_cat-white-bubble-slides","7":"product_cat-bubble-slides-with-charms","8":"product_tag-bubble-slides","10":"first","11":"instock","12":"sale","13":"shipping-taxable","14":"purchasable","15":"product-type-variable","16":"has-default-attributes"},"_links":{"self":[{"href":"https:\/\/bubbleslides.us\/fr\/wp-json\/wp\/v2\/product\/7457","targetHints":{"allow":["GET"]}}],"collection":[{"href":"https:\/\/bubbleslides.us\/fr\/wp-json\/wp\/v2\/product"}],"about":[{"href":"https:\/\/bubbleslides.us\/fr\/wp-json\/wp\/v2\/types\/product"}],"replies":[{"embeddable":true,"href":"https:\/\/bubbleslides.us\/fr\/wp-json\/wp\/v2\/comments?post=7457"}],"wp:featuredmedia":[{"embeddable":true,"href":"https:\/\/bubbleslides.us\/fr\/wp-json\/wp\/v2\/media\/7467"}],"wp:attachment":[{"href":"https:\/\/bubbleslides.us\/fr\/wp-json\/wp\/v2\/media?parent=7457"}],"wp:term":[{"taxonomy":"product_brand","embeddable":true,"href":"https:\/\/bubbleslides.us\/fr\/wp-json\/wp\/v2\/product_brand?post=7457"},{"taxonomy":"product_cat","embeddable":true,"href":"https:\/\/bubbleslides.us\/fr\/wp-json\/wp\/v2\/product_cat?post=7457"},{"taxonomy":"product_tag","embeddable":true,"href":"https:\/\/bubbleslides.us\/fr\/wp-json\/wp\/v2\/product_tag?post=7457"}],"curies":[{"name":"wp","href":"https:\/\/api.w.org\/{rel}","templated":true}]}}