{"id":7413,"date":"2023-08-16T05:58:15","date_gmt":"2023-08-16T05:58:15","guid":{"rendered":"https:\/\/bubbleslides.us\/?post_type=product&#038;p=7413"},"modified":"2025-10-07T03:03:53","modified_gmt":"2025-10-07T03:03:53","slug":"toboggans-a-bulles-orange","status":"publish","type":"product","link":"https:\/\/bubbleslides.us\/fr\/toboggans-a-bulles-orange\/","title":{"rendered":"Orange Bubble Slides"},"content":{"rendered":"<h5>Bubble Slides \u2013 Une exp\u00e9rience paradisiaque pour vos pieds<\/h5>\n<p>Avez-vous d\u00e9j\u00e0 eu envie de ressentir ce que l&#039;on ressent en marchant sur un nuage duveteux\u00a0? C&#039;est d\u00e9sormais possible avec Bubble Slides, le nouveau concept de chaussure r\u00e9volutionnaire qui prend le monde d&#039;assaut. Fabriqu\u00e9s \u00e0 partir d&#039;un mat\u00e9riau incroyablement l\u00e9ger et respirant qui \u00e9pouse parfaitement les contours de vos pieds, les Bubble Slides procurent une sensation v\u00e9ritablement unique en son genre qu&#039;il faut ressentir pour y croire.<\/p>\n<p>Enfiler une paire de Bubble Slides, c&#039;est comme envelopper vos pieds dans la douceur et la flottabilit\u00e9 de milliers de petites bulles. La semelle intercalaire flexible en mousse EVA s&#039;adapte parfaitement \u00e0 chaque torsion tout en soutenant vos vo\u00fbtes plantaires et en absorbant tout impact du trottoir en dessous. L\u00e9ger comme une plume mais solidement protecteur, vous flotterez d&#039;un endroit \u00e0 l&#039;autre avec l&#039;impression de ne m\u00eame pas toucher le sol. De plus, la conception \u00e0 bout ouvert vous permet de conserver une totale libert\u00e9 de mouvement pour vos orteils tout en les gardant bien a\u00e9r\u00e9s.<\/p>\n<p>Le confort est roi avec Bubble Slides. D\u00e8s l&#039;instant o\u00f9 vous l&#039;enfilez, toute trace d&#039;inconfort ou de pression dispara\u00eet compl\u00e8tement. La doublure int\u00e9rieure est fabriqu\u00e9e \u00e0 partir d&#039;un tissu en microfibre moelleux qui est aussi doux et confortable sur votre peau que le coton le plus fin. Une sangle \u00e9lastique sur le dessus du pied maintient le tout solidement en place sans aucune tension ni contrainte. Que vous parcouriez la ville toute la journ\u00e9e ou que vous vous adonniez \u00e0 une promenade tranquille, vos pieds vous remercieront pour le soulagement et le soutien apport\u00e9s par Bubble Slides.<\/p>\n<p>Ce qui distingue vraiment le Bubble Slides, c&#039;est la r\u00e9action qu&#039;il suscite chez les gens du monde entier. Les porteurs ne peuvent s&#039;emp\u00eacher de s&#039;extasier sur la sensation qu&#039;ils ont de marcher dans les airs ou de glisser sur n&#039;importe quelle surface. Les bonnes critiques affluent des quatre coins du monde avec des descriptions telles que \u00ab les chaussures les plus r\u00e9confortantes que j&#039;ai jamais port\u00e9es \u00bb et \u00ab j&#039;aime avoir des mini-massages \u00e0 chaque pas \u00bb. Les c\u00e9l\u00e9brit\u00e9s ont \u00e9galement \u00e9t\u00e9 attir\u00e9es par Bubble Slides, souvent vues arborant leurs paires pr\u00e9f\u00e9r\u00e9es lors de leurs d\u00e9placements ou publiant des t\u00e9moignages \u00e9logieux sur les r\u00e9seaux sociaux.<\/p>\n<p>Le mannequin Gigi Hadid s&#039;est exclam\u00e9 : \u00ab Les Bubble Slides sont rapidement devenus mon pr\u00e9f\u00e9r\u00e9 pour me d\u00e9tendre \u00e0 la maison ou faire des courses. Gr\u00e2ce \u00e0 eux, m\u00eame les journ\u00e9es les plus charg\u00e9es deviennent un jeu d\u2019enfant. La championne de tennis Serena Williams a ajout\u00e9 : \u00ab Ce que j&#039;aime le plus, c&#039;est la fa\u00e7on dont ils amortissent mes pieds apr\u00e8s des entra\u00eenements difficiles tout en restant totalement mignons. Performance ET style \u2013 rien de mieux\u00a0!\u00a0\u00bb Et l\u2019animatrice de talk-show Ellen DeGeneres a d\u00e9clar\u00e9 : \u00ab Ces toboggans sont un paradis pour les pieds. Tous ceux qui visitent mon set doivent en essayer une paire. Garanti de vous faire sourire aussi\u00a0!\u00a0\u00bb<\/p>\n<p>Les distinctions continuent d&#039;affluer gr\u00e2ce \u00e0 la capacit\u00e9 de Bubble Slides \u00e0 am\u00e9liorer le bonheur et le bien-\u00eatre \u00e0 chaque \u00e9tape. Selon le Dr Chris Wilson, expert en bonheur, \u00ab les chaussures jouent un r\u00f4le \u00e9tonnamment important dans la satisfaction mentale et les niveaux de stress tout au long de la journ\u00e9e. Bubble Slides a atteint tous les objectifs en mati\u00e8re de confort, de soutien et de sensation de \u00ab marcher dans les airs \u00bb qui am\u00e9liore naturellement l&#039;humeur. La podologue certifi\u00e9e, la Dre Sara Adams, est d&#039;accord, soulignant leur polyvalence pour \u00ab\u00a0tout, de l&#039;utilisation occasionnelle \u00e0 la maison aux d\u00e9placements quotidiens, aux courses et aux voyages. La mousse coussin\u00e9e et la conception flexible r\u00e9partissent le poids uniform\u00e9ment pour \u00e9viter la douleur dans les zones \u00e0 haute pression comme la plante des pieds et les talons.<\/p>\n<p>Il est clair que Bubble Slides a rapidement r\u00e9volutionn\u00e9 le march\u00e9 de la chaussure en offrant un m\u00e9lange in\u00e9gal\u00e9 de douceur indulgente et de polyvalence pour aller partout. Avec d&#039;innombrables fans dans le monde entier d\u00e9j\u00e0 initi\u00e9s au \u00ab style de vie Bubble Slide \u00bb, ce n&#039;est qu&#039;une question de temps avant que ces chaussures magiques ne deviennent un incontournable de chaque garde-robe. D\u00e9couvrez par vous-m\u00eame le paradis moelleux qui attend vos pieds \u2013 commandez une paire de Bubble Slides d\u00e8s aujourd&#039;hui et rejoignez la l\u00e9gion croissante d&#039;adeptes d\u00e9vou\u00e9s \u00e0 travers le monde. Pr\u00e9parez-vous \u00e0 marcher (ou flotter !) sur les nuages\u00a0!<\/p>\n<figure id=\"attachment_7390\" aria-describedby=\"caption-attachment-7390\" style=\"width: 790px\" class=\"wp-caption alignnone\"><img loading=\"lazy\" decoding=\"async\" class=\"wp-image-7390 size-full\" src=\"https:\/\/cdn.bubbleslides.us\/wp-content\/uploads\/2023\/08\/Bubble-Slides-Detail-01.jpg\" alt=\"Bubble Slides\" width=\"790\" height=\"1144\" title=\"Bubble Slides\" srcset=\"https:\/\/bubbleslides.us\/wp-content\/uploads\/2023\/08\/Bubble-Slides-Detail-01.jpg 790w, https:\/\/bubbleslides.us\/wp-content\/smush-webp\/2023\/08\/Bubble-Slides-Detail-01-247x358.jpg.webp 247w, https:\/\/bubbleslides.us\/wp-content\/smush-webp\/2023\/08\/Bubble-Slides-Detail-01-510x739.jpg.webp 510w, https:\/\/bubbleslides.us\/wp-content\/smush-webp\/2023\/08\/Bubble-Slides-Detail-01-207x300.jpg.webp 207w, https:\/\/bubbleslides.us\/wp-content\/smush-webp\/2023\/08\/Bubble-Slides-Detail-01-707x1024.jpg.webp 707w, https:\/\/bubbleslides.us\/wp-content\/smush-webp\/2023\/08\/Bubble-Slides-Detail-01-768x1112.jpg.webp 768w, https:\/\/bubbleslides.us\/wp-content\/smush-webp\/2023\/08\/Bubble-Slides-Detail-01-8x12.jpg.webp 8w, https:\/\/bubbleslides.us\/wp-content\/smush-webp\/2023\/08\/Bubble-Slides-Detail-01-441x639.jpg.webp 441w, https:\/\/bubbleslides.us\/wp-content\/smush-webp\/2023\/08\/Bubble-Slides-Detail-01-60x87.jpg.webp 60w, https:\/\/bubbleslides.us\/wp-content\/smush-webp\/2023\/08\/Bubble-Slides-Detail-01-110x159.jpg.webp 110w\" sizes=\"auto, (max-width: 790px) 100vw, 790px\" data-smush-webp-fallback=\"{&quot;srcset&quot;:&quot;https:\\\/\\\/bubbleslides.us\\\/wp-content\\\/uploads\\\/2023\\\/08\\\/Bubble-Slides-Detail-01.jpg 790w, https:\\\/\\\/bubbleslides.us\\\/wp-content\\\/uploads\\\/2023\\\/08\\\/Bubble-Slides-Detail-01-247x358.jpg 247w, https:\\\/\\\/bubbleslides.us\\\/wp-content\\\/uploads\\\/2023\\\/08\\\/Bubble-Slides-Detail-01-510x739.jpg 510w, https:\\\/\\\/bubbleslides.us\\\/wp-content\\\/uploads\\\/2023\\\/08\\\/Bubble-Slides-Detail-01-207x300.jpg 207w, https:\\\/\\\/bubbleslides.us\\\/wp-content\\\/uploads\\\/2023\\\/08\\\/Bubble-Slides-Detail-01-707x1024.jpg 707w, https:\\\/\\\/bubbleslides.us\\\/wp-content\\\/uploads\\\/2023\\\/08\\\/Bubble-Slides-Detail-01-768x1112.jpg 768w, https:\\\/\\\/bubbleslides.us\\\/wp-content\\\/uploads\\\/2023\\\/08\\\/Bubble-Slides-Detail-01-8x12.jpg 8w, https:\\\/\\\/bubbleslides.us\\\/wp-content\\\/uploads\\\/2023\\\/08\\\/Bubble-Slides-Detail-01-441x639.jpg 441w, https:\\\/\\\/bubbleslides.us\\\/wp-content\\\/uploads\\\/2023\\\/08\\\/Bubble-Slides-Detail-01-60x87.jpg 60w, https:\\\/\\\/bubbleslides.us\\\/wp-content\\\/uploads\\\/2023\\\/08\\\/Bubble-Slides-Detail-01-110x159.jpg 110w&quot;}\" \/><figcaption id=\"caption-attachment-7390\" class=\"wp-caption-text\">Bubble Slides<\/figcaption><\/figure>","protected":false},"excerpt":{"rendered":"<p>Bubble Slides &#8211; A Heavenly Experience for Your Feet Have you ever wanted to experience what it feels like to walk on a fluffy cloud? Now you can with Bubble Slides &#8211; the revolutionary new footwear concept that is taking the world by storm. Made from an incredibly lightweight and breathable material that molds seamlessly [&#8230;]\n","protected":false},"featured_media":7443,"comment_status":"open","ping_status":"closed","template":"","meta":[],"product_brand":[],"product_cat":[66,86],"product_tag":[84],"class_list":{"0":"post-7413","1":"product","2":"type-product","3":"status-publish","4":"has-post-thumbnail","6":"product_cat-orange-bubble-slides","7":"product_cat-classic-bubble-slides","8":"product_tag-bubble-slides","10":"first","11":"instock","12":"sale","13":"shipping-taxable","14":"purchasable","15":"product-type-variable","16":"has-default-attributes"},"_links":{"self":[{"href":"https:\/\/bubbleslides.us\/fr\/wp-json\/wp\/v2\/product\/7413","targetHints":{"allow":["GET"]}}],"collection":[{"href":"https:\/\/bubbleslides.us\/fr\/wp-json\/wp\/v2\/product"}],"about":[{"href":"https:\/\/bubbleslides.us\/fr\/wp-json\/wp\/v2\/types\/product"}],"replies":[{"embeddable":true,"href":"https:\/\/bubbleslides.us\/fr\/wp-json\/wp\/v2\/comments?post=7413"}],"wp:featuredmedia":[{"embeddable":true,"href":"https:\/\/bubbleslides.us\/fr\/wp-json\/wp\/v2\/media\/7443"}],"wp:attachment":[{"href":"https:\/\/bubbleslides.us\/fr\/wp-json\/wp\/v2\/media?parent=7413"}],"wp:term":[{"taxonomy":"product_brand","embeddable":true,"href":"https:\/\/bubbleslides.us\/fr\/wp-json\/wp\/v2\/product_brand?post=7413"},{"taxonomy":"product_cat","embeddable":true,"href":"https:\/\/bubbleslides.us\/fr\/wp-json\/wp\/v2\/product_cat?post=7413"},{"taxonomy":"product_tag","embeddable":true,"href":"https:\/\/bubbleslides.us\/fr\/wp-json\/wp\/v2\/product_tag?post=7413"}],"curies":[{"name":"wp","href":"https:\/\/api.w.org\/{rel}","templated":true}]}}