{"id":7260,"date":"2023-08-12T12:11:16","date_gmt":"2023-08-12T12:11:16","guid":{"rendered":"https:\/\/bubbleslides.us\/?page_id=7260"},"modified":"2023-08-12T12:11:16","modified_gmt":"2023-08-12T12:11:16","slug":"politique-de-retour-remboursement","status":"publish","type":"page","link":"https:\/\/bubbleslides.us\/fr\/politique-de-retour-remboursement\/","title":{"rendered":"Politique de retour et de remboursement"},"content":{"rendered":"<p>Bubbleslides a une politique de retour de 30 jours, ce qui signifie que vous disposez de 30 jours apr\u00e8s r\u00e9ception de votre article pour demander un retour.<\/p>\n<p>Pour pouvoir b\u00e9n\u00e9ficier d&#039;un retour, votre article doit \u00eatre dans le m\u00eame \u00e9tat que celui dans lequel vous l&#039;avez re\u00e7u, non port\u00e9 ou non, avec des \u00e9tiquettes et dans son emballage d&#039;origine. Vous aurez \u00e9galement besoin du re\u00e7u ou de la preuve d&#039;achat.<\/p>\n<p>Pour d\u00e9marrer un retour, vous pouvez nous contacter \u00e0 <a href=\"mailto:service@bubbleslides.us\">service@bubbleslides.us<\/a>. Si votre retour est accept\u00e9, nous vous enverrons une \u00e9tiquette d&#039;exp\u00e9dition de retour, ainsi que des instructions sur comment et o\u00f9 envoyer votre colis. Les articles qui nous sont renvoy\u00e9s sans demande pr\u00e9alable de retour ne seront pas accept\u00e9s.<\/p>\n<p>Vous pouvez toujours nous contacter pour toute question de retour \u00e0\u00a0<a href=\"mailto:service@bubbleslides.us\">service@bubbleslides.us<\/a><\/p>\n<p><strong>Dommages et probl\u00e8mes<\/strong><br \/>\nVeuillez inspecter votre commande \u00e0 la r\u00e9ception et nous contacter imm\u00e9diatement si l&#039;article est d\u00e9fectueux, endommag\u00e9 ou si vous recevez le mauvais article, afin que nous puissions \u00e9valuer le probl\u00e8me et y rem\u00e9dier.<\/p>\n<p><strong>Exceptions \/ articles non retournables<\/strong><br \/>\nCertains types d&#039;articles ne peuvent pas \u00eatre retourn\u00e9s, comme les produits p\u00e9rissables (tels que la nourriture, les fleurs ou les plantes), les produits personnalis\u00e9s (tels que les commandes sp\u00e9ciales ou les articles personnalis\u00e9s) et les articles de soins personnels (tels que les produits de beaut\u00e9). Nous n\u2019acceptons pas non plus les retours de mati\u00e8res dangereuses, de liquides inflammables ou de gaz. Veuillez nous contacter si vous avez des questions ou des pr\u00e9occupations concernant votre article sp\u00e9cifique.<\/p>\n<p>Malheureusement, nous ne pouvons pas accepter les retours d&#039;articles sold\u00e9s ou de cartes cadeaux.<\/p>\n<p><strong>des \u00e9changes<\/strong><br \/>\nLe moyen le plus rapide de vous assurer d&#039;obtenir ce que vous voulez est de retourner l&#039;article que vous poss\u00e9dez et, une fois le retour accept\u00e9, d&#039;effectuer un achat s\u00e9par\u00e9 pour le nouvel article.<\/p>\n<p><strong>Remboursements<\/strong><br \/>\nNous vous informerons une fois que nous aurons re\u00e7u et inspect\u00e9 votre retour, et vous ferons savoir si le remboursement a \u00e9t\u00e9 approuv\u00e9 ou non. En cas d&#039;approbation, vous recevrez une adresse de retour et serez automatiquement rembours\u00e9 sur votre mode de paiement d&#039;origine une fois que nous aurons re\u00e7u l&#039;article retourn\u00e9. N&#039;oubliez pas que le traitement et l&#039;envoi du remboursement par votre banque ou votre soci\u00e9t\u00e9 de carte de cr\u00e9dit peuvent \u00e9galement prendre un certain temps.<\/p>","protected":false},"excerpt":{"rendered":"<p>Bubbleslides have a 30-day\u00a0return policy, which means you have 30 days after receiving your item to request a return. To be eligible for a return, your item must be in the same condition that you received it, unworn or unused, with tags, and in its original packaging. You\u2019ll also need the receipt or proof of [&#8230;]\n","protected":false},"author":1,"featured_media":0,"parent":0,"menu_order":0,"comment_status":"closed","ping_status":"closed","template":"","meta":{"footnotes":""},"class_list":["post-7260","page","type-page","status-publish","hentry"],"_links":{"self":[{"href":"https:\/\/bubbleslides.us\/fr\/wp-json\/wp\/v2\/pages\/7260","targetHints":{"allow":["GET"]}}],"collection":[{"href":"https:\/\/bubbleslides.us\/fr\/wp-json\/wp\/v2\/pages"}],"about":[{"href":"https:\/\/bubbleslides.us\/fr\/wp-json\/wp\/v2\/types\/page"}],"author":[{"embeddable":true,"href":"https:\/\/bubbleslides.us\/fr\/wp-json\/wp\/v2\/users\/1"}],"replies":[{"embeddable":true,"href":"https:\/\/bubbleslides.us\/fr\/wp-json\/wp\/v2\/comments?post=7260"}],"version-history":[{"count":0,"href":"https:\/\/bubbleslides.us\/fr\/wp-json\/wp\/v2\/pages\/7260\/revisions"}],"wp:attachment":[{"href":"https:\/\/bubbleslides.us\/fr\/wp-json\/wp\/v2\/media?parent=7260"}],"curies":[{"name":"wp","href":"https:\/\/api.w.org\/{rel}","templated":true}]}}