{"id":7258,"date":"2023-08-12T12:09:35","date_gmt":"2023-08-12T12:09:35","guid":{"rendered":"https:\/\/bubbleslides.us\/?page_id=7258"},"modified":"2023-08-16T23:24:37","modified_gmt":"2023-08-16T23:24:37","slug":"expedition-et-suivi","status":"publish","type":"page","link":"https:\/\/bubbleslides.us\/fr\/expedition-et-suivi\/","title":{"rendered":"Exp\u00e9dition et suivi"},"content":{"rendered":"<h4 class=\"wp-block-heading\">\u00a0<\/h4>\r\n\r\n\r\n\r\n<p><em>Mis \u00e0 jour le 12 ao\u00fbt 2023<\/em> \u00c0\u00a0<strong><a href=\"https:\/\/bubbleslides.us\/fr\/\" target=\"_blank\" rel=\"noreferrer noopener\" data-type=\"URL\" data-id=\"https:\/\/fandomgears.com\/\">Toboggans \u00e0 bulles<\/a><\/strong>, nous \u00e9valuons toujours comment optimiser nos op\u00e9rations pour r\u00e9pondre aux attentes de nos clients.<\/p>\r\n<p>&nbsp;<\/p>\r\n<p>&nbsp;<\/p>\r\n<h4>Comment suivre ma commande<\/h4>\r\n<p class=\"wp-block-heading\"><em>Visitez svp <a href=\"https:\/\/724track.com\" target=\"_blank\" rel=\"noopener\"><strong>724track.com<\/strong> <\/a>et saisissez votre num\u00e9ro de suivi (YT *********), vous pouvez obtenir le statut de votre colis.<\/em><\/p>\r\n\r\n\r\n\r\n<h4 class=\"wp-block-heading\">Frais d&#039;exp\u00e9dition<\/h4>\r\n\r\n\r\n\r\n<p>Si la commande est inf\u00e9rieure \u00e0\u00a0<strong>$15<\/strong>, des frais d&#039;exp\u00e9dition de\u00a0<strong>$4.95<\/strong>\u00a0seront factur\u00e9s. Sur\u00a0<strong>$15<\/strong>,\u00a0<strong>livraison gratuite<\/strong> sera appr\u00e9ci\u00e9<\/p>\r\n\r\n\r\n\r\n\r\n\r\n\r\n\r\n<h4 class=\"wp-block-heading\">Calendrier d&#039;exp\u00e9dition<\/h4>\r\n\r\n\r\n\r\n<p>Un e-mail d&#039;alerte sera envoy\u00e9 dans votre bo\u00eete aux lettres une fois le colis livr\u00e9. Le num\u00e9ro de suivi \u00e0 l&#039;int\u00e9rieur suit l&#039;\u00e9tat opportun du colis. Dans la plupart des pays ou dans votre r\u00e9gion, cela prendra normalement\u00a0<strong>7<\/strong><strong> \u00e0 15<\/strong>\u00a0jours naturels pour que le colis arrive.<\/p>\r\n\r\n\r\n\r\n<figure class=\"wp-block-table\">\r\n<table>\r\n<tbody>\r\n<tr>\r\n<th>Pays<\/th>\r\n<th>\u00a0D\u00e9lai de livraison estim\u00e9<\/th>\r\n<\/tr>\r\n<tr>\r\n<td>\u00c9tats-Unis<\/td>\r\n<td>7-15 jours ouvrables<\/td>\r\n<\/tr>\r\n<tr>\r\n<td>Canada<\/td>\r\n<td>7-15 jours ouvrables<\/td>\r\n<\/tr>\r\n<tr>\r\n<td>Australie<\/td>\r\n<td>8-15 jours ouvrables<\/td>\r\n<\/tr>\r\n<tr>\r\n<td>Royaume-Uni<\/td>\r\n<td>7-15 jours ouvrables<\/td>\r\n<\/tr>\r\n<tr>\r\n<td>France<\/td>\r\n<td>7-15 jours ouvrables<\/td>\r\n<\/tr>\r\n<tr>\r\n<td>Allemagne<\/td>\r\n<td>7-15 jours ouvrables<\/td>\r\n<\/tr>\r\n<tr>\r\n<td>Italie<\/td>\r\n<td>7-15 jours ouvrables<\/td>\r\n<\/tr>\r\n<tr>\r\n<td>Espagne<\/td>\r\n<td>7-15 jours ouvrables<\/td>\r\n<\/tr>\r\n<tr>\r\n<td>Pays-Bas<\/td>\r\n<td>7-15 jours ouvrables<\/td>\r\n<\/tr>\r\n<tr>\r\n<td>Belgique<\/td>\r\n<td>7-15 jours ouvrables<\/td>\r\n<\/tr>\r\n<tr>\r\n<td>Luxembourg<\/td>\r\n<td>7-15 jours ouvrables<\/td>\r\n<\/tr>\r\n<tr>\r\n<td>Irlande<\/td>\r\n<td>7-15 jours ouvrables<\/td>\r\n<\/tr>\r\n<tr>\r\n<td>Bulgarie<\/td>\r\n<td>7-15 jours ouvrables<\/td>\r\n<\/tr>\r\n<tr>\r\n<td>Croatie<\/td>\r\n<td>7-15 jours ouvrables<\/td>\r\n<\/tr>\r\n<tr>\r\n<td>R\u00e9publique tch\u00e8que<\/td>\r\n<td>7-15 jours ouvrables<\/td>\r\n<\/tr>\r\n<tr>\r\n<td>Estonie<\/td>\r\n<td>7-15 jours ouvrables<\/td>\r\n<\/tr>\r\n<tr>\r\n<td>Finlande<\/td>\r\n<td>7-15 jours ouvrables<\/td>\r\n<\/tr>\r\n<tr>\r\n<td>Hongrie<\/td>\r\n<td>7-15 jours ouvrables<\/td>\r\n<\/tr>\r\n<tr>\r\n<td>Lettonie<\/td>\r\n<td>7-15 jours ouvrables<\/td>\r\n<\/tr>\r\n<tr>\r\n<td>Lituanie<\/td>\r\n<td>7-15 jours ouvrables<\/td>\r\n<\/tr>\r\n<tr>\r\n<td>Pologne<\/td>\r\n<td>7-15 jours ouvrables<\/td>\r\n<\/tr>\r\n<tr>\r\n<td>le Portugal<\/td>\r\n<td>7-15 jours ouvrables<\/td>\r\n<\/tr>\r\n<tr>\r\n<td>Roumanie<\/td>\r\n<td>7-15 jours ouvrables<\/td>\r\n<\/tr>\r\n<tr>\r\n<td>Slovaquie<\/td>\r\n<td>7-15 jours ouvrables<\/td>\r\n<\/tr>\r\n<tr>\r\n<td>Slov\u00e9nie<\/td>\r\n<td>7-15 jours ouvrables<\/td>\r\n<\/tr>\r\n<tr>\r\n<td>Su\u00e8de<\/td>\r\n<td>7-15 jours ouvrables<\/td>\r\n<\/tr>\r\n<tr>\r\n<td>L&#039;Autriche<\/td>\r\n<td>7-15 jours ouvrables<\/td>\r\n<\/tr>\r\n<tr>\r\n<td>Danemark<\/td>\r\n<td>7-15 jours ouvrables<\/td>\r\n<\/tr>\r\n<tr>\r\n<td>Gr\u00e8ce<\/td>\r\n<td>7-15 jours ouvrables<\/td>\r\n<\/tr>\r\n<tr>\r\n<td>Norv\u00e8ge<\/td>\r\n<td>8-14 jours ouvrables<\/td>\r\n<\/tr>\r\n<tr>\r\n<td>Isra\u00ebl<\/td>\r\n<td>7-15 jours ouvrables<\/td>\r\n<\/tr>\r\n<tr>\r\n<td>Nouvelle-Z\u00e9lande<\/td>\r\n<td>12-25 jours ouvrables<\/td>\r\n<\/tr>\r\n<\/tbody>\r\n<\/table>\r\n<\/figure>","protected":false},"excerpt":{"rendered":"<p>\u00a0 Updated on\u00a0 Aug 12, 2023 At\u00a0Bubbleslides, we are always evaluating how to optimize our operations to meet our customers\u2019 expectations. &nbsp; &nbsp; How to Track my order Pls visit 724track.com and input your tracking number ( YT********) , you can get your package status. Shipping Fee If the oder is less than\u00a0$15, a shipping [&#8230;]\n","protected":false},"author":1,"featured_media":0,"parent":0,"menu_order":0,"comment_status":"closed","ping_status":"closed","template":"","meta":{"footnotes":""},"class_list":["post-7258","page","type-page","status-publish","hentry"],"_links":{"self":[{"href":"https:\/\/bubbleslides.us\/fr\/wp-json\/wp\/v2\/pages\/7258","targetHints":{"allow":["GET"]}}],"collection":[{"href":"https:\/\/bubbleslides.us\/fr\/wp-json\/wp\/v2\/pages"}],"about":[{"href":"https:\/\/bubbleslides.us\/fr\/wp-json\/wp\/v2\/types\/page"}],"author":[{"embeddable":true,"href":"https:\/\/bubbleslides.us\/fr\/wp-json\/wp\/v2\/users\/1"}],"replies":[{"embeddable":true,"href":"https:\/\/bubbleslides.us\/fr\/wp-json\/wp\/v2\/comments?post=7258"}],"version-history":[{"count":0,"href":"https:\/\/bubbleslides.us\/fr\/wp-json\/wp\/v2\/pages\/7258\/revisions"}],"wp:attachment":[{"href":"https:\/\/bubbleslides.us\/fr\/wp-json\/wp\/v2\/media?parent=7258"}],"curies":[{"name":"wp","href":"https:\/\/api.w.org\/{rel}","templated":true}]}}