{"id":8008,"date":"2024-04-17T15:58:11","date_gmt":"2024-04-17T15:58:11","guid":{"rendered":"https:\/\/bubbleslides.us\/?post_type=product&#038;p=8008"},"modified":"2024-04-17T15:59:14","modified_gmt":"2024-04-17T15:59:14","slug":"zapatillas-de-calabaza","status":"publish","type":"product","link":"https:\/\/bubbleslides.us\/es\/zapatillas-de-calabaza\/","title":{"rendered":"Zapatillas De Calabaza"},"content":{"rendered":"<h3 class=\"md-end-block md-heading\"><span class=\"md-plain md-expand\">Entre en una c\u00f3moda y acogedora comodidad con nuestras adorables pantuflas de calabaza<\/span><\/h3>\n<p class=\"md-end-block md-p\">\n<p class=\"md-end-block md-p\"><span class=\"md-plain\">Prep\u00e1rese para abrazar el esp\u00edritu del oto\u00f1o y una comodidad incomparable con nuestras encantadoras pantuflas de calabaza. Estas deliciosas pantuflas est\u00e1n dise\u00f1adas para brindar lo \u00faltimo en comodidad y estilo, lo que las convierte en la opci\u00f3n perfecta para relajarse en casa o celebrar la temporada de oto\u00f1o.<\/span><\/p>\n<p class=\"md-end-block md-p\">\n<p class=\"md-end-block md-p\"><span class=\"md-plain\">Fabricadas con materiales de alta calidad, nuestras pantuflas Pumpkin priorizan tu comodidad y bienestar. El interior suave y lujoso acuna suavemente tus pies, brind\u00e1ndote una gran calidez y soporte, mientras que el material superior transpirable mantiene tus pies c\u00f3modos durante todo el d\u00eda. El dise\u00f1o sin cordones garantiza que sean f\u00e1ciles de poner y quitar, lo que hace que estas pantuflas Pumpkin sean el compa\u00f1ero ideal para tu rutina diaria de relajaci\u00f3n.<\/span><\/p>\n<p class=\"md-end-block md-p\">\n<p class=\"md-end-block md-p\"><span class=\"md-plain\">El llamativo dise\u00f1o de calabaza es el punto focal de estas pantuflas, con un vibrante tono naranja y una divertida cara de calabaza que captura la esencia de la temporada de oto\u00f1o. Los intrincados detalles del dise\u00f1o de calabaza seguramente llamar\u00e1n la atenci\u00f3n y te har\u00e1n ganar elogios de familiares y amigos. Ya sea que est\u00e9s acurrucado con una bebida caliente, viendo tus pel\u00edculas de oto\u00f1o favoritas o simplemente disfrutando del aire fresco del oto\u00f1o, nuestras pantuflas de calabaza te har\u00e1n lucir y sentir lo mejor posible.<\/span><\/p>\n<p class=\"md-end-block md-p\">\n<p class=\"md-end-block md-p\"><span class=\"md-plain\">Pero no se f\u00ede solo de nuestras palabras; escuche lo que nuestros entusiasmados clientes tienen para decir sobre su experiencia con estas pantuflas de calabaza. Emma de Boston elogia: \u201c\u00a1Me encantan mis pantuflas de calabaza! Son muy c\u00e1lidas y c\u00f3modas, y el dise\u00f1o de calabaza es simplemente adorable\u201d. Liam de Vancouver agrega: \u201cEstas pantuflas de calabaza se han convertido en mi opci\u00f3n preferida para relajarme en casa durante la temporada de oto\u00f1o. El interior de felpa es muy c\u00f3modo y el dise\u00f1o de calabaza agrega el toque perfecto de encanto oto\u00f1al\u201d.<\/span><\/p>\n<p class=\"md-end-block md-p\">\n<p class=\"md-end-block md-p\"><span class=\"md-plain\">Reg\u00e1late lo \u00faltimo en comodidad y estilo de temporada con nuestras pantuflas Pumpkin. Estas encantadoras pantuflas combinan comodidad, calidez y un toque de magia oto\u00f1al, lo que las convierte en el complemento perfecto para tu colecci\u00f3n de ropa de estar por casa de oto\u00f1o. \u00bfPor qu\u00e9 esperar? Ad\u00e9ntrate en la lujosa comodidad y el encanto de nuestras pantuflas Pumpkin hoy mismo y descubre la diferencia que puede suponer un poco de especias de calabaza en tu relajaci\u00f3n diaria.<\/span><\/p>\n<p class=\"md-end-block md-p\">\n<p class=\"md-end-block md-p md-focus\"><span class=\"md-plain md-expand\">Disfrute de la combinaci\u00f3n perfecta de comodidad y estilo oto\u00f1al con nuestras pantuflas Pumpkin: la mejor opci\u00f3n para quienes desean celebrar el acogedor esp\u00edritu del oto\u00f1o. \u00a1Sus pies (y su amor por la temporada) se lo agradecer\u00e1n!<\/span><\/p>","protected":false},"excerpt":{"rendered":"<p>Step into Cozy Comfort with Our Adorable Pumpkin Slippers Get ready to embrace the spirit of autumn and unparalleled comfort with our charming Pumpkin Slippers. These delightful slippers are designed to provide the ultimate in coziness and style, making them the perfect choice for lounging at home or celebrating the fall season. Crafted with high-quality [&#8230;]\n","protected":false},"featured_media":8013,"comment_status":"open","ping_status":"closed","template":"","meta":[],"product_brand":[],"product_cat":[154],"product_tag":[163],"class_list":{"0":"post-8008","1":"product","2":"type-product","3":"status-publish","4":"has-post-thumbnail","6":"product_cat-pumpkin-slippers","7":"product_tag-pumpkin-slippers","9":"first","10":"instock","11":"sale","12":"shipping-taxable","13":"purchasable","14":"product-type-variable","15":"has-default-attributes"},"_links":{"self":[{"href":"https:\/\/bubbleslides.us\/es\/wp-json\/wp\/v2\/product\/8008","targetHints":{"allow":["GET"]}}],"collection":[{"href":"https:\/\/bubbleslides.us\/es\/wp-json\/wp\/v2\/product"}],"about":[{"href":"https:\/\/bubbleslides.us\/es\/wp-json\/wp\/v2\/types\/product"}],"replies":[{"embeddable":true,"href":"https:\/\/bubbleslides.us\/es\/wp-json\/wp\/v2\/comments?post=8008"}],"wp:featuredmedia":[{"embeddable":true,"href":"https:\/\/bubbleslides.us\/es\/wp-json\/wp\/v2\/media\/8013"}],"wp:attachment":[{"href":"https:\/\/bubbleslides.us\/es\/wp-json\/wp\/v2\/media?parent=8008"}],"wp:term":[{"taxonomy":"product_brand","embeddable":true,"href":"https:\/\/bubbleslides.us\/es\/wp-json\/wp\/v2\/product_brand?post=8008"},{"taxonomy":"product_cat","embeddable":true,"href":"https:\/\/bubbleslides.us\/es\/wp-json\/wp\/v2\/product_cat?post=8008"},{"taxonomy":"product_tag","embeddable":true,"href":"https:\/\/bubbleslides.us\/es\/wp-json\/wp\/v2\/product_tag?post=8008"}],"curies":[{"name":"wp","href":"https:\/\/api.w.org\/{rel}","templated":true}]}}