{"id":7924,"date":"2024-03-14T11:17:46","date_gmt":"2024-03-14T11:17:46","guid":{"rendered":"https:\/\/bubbleslides.us\/?post_type=product&#038;p=7924"},"modified":"2024-03-14T13:39:15","modified_gmt":"2024-03-14T13:39:15","slug":"zapatillas-tiburon-3-0-edicion-macaron-2","status":"publish","type":"product","link":"https:\/\/bubbleslides.us\/es\/zapatillas-tiburon-3-0-edicion-macaron-2\/","title":{"rendered":"Shark Slipper 3.0: Edici\u00f3n Macaron para ni\u00f1os"},"content":{"rendered":"<p>\u00bfEst\u00e1s listo para sumergirte en el mundo de la m\u00e1xima comodidad y estilo? \u00a1No busques m\u00e1s que las pantuflas Shark 3.0: Macaron Edition! Estas pantuflas son la combinaci\u00f3n perfecta de todo lo que te encanta de nuestras pantuflas Shark cl\u00e1sicas y la esencia dulce y de ensue\u00f1o de los macarons franceses. \u00a1Prep\u00e1rate para mimar tus pies con un nivel completamente nuevo de comodidad!<\/p>\n<p>Primero lo primero, hablemos de la incre\u00edble comodidad que brindan estas pantuflas. Las pantuflas Shark 3.0: Macaron Edition cuentan con un interior ultra lujoso que te hace sentir como si estuvieras caminando sobre nubes. Dile adi\u00f3s a los pies cansados y doloridos y dale la bienvenida a la felicidad pura. Ya sea que est\u00e9s trabajando desde casa, mirando tu programa favorito o simplemente descansando, estas pantuflas te har\u00e1n sentir como si estuvieras en tu propio mundo.<\/p>\n<p>Pero la comodidad no es lo \u00fanico que tienen a su favor estas pantuflas. Las Shark Slippers 3.0: Macaron Edition son un aut\u00e9ntico fest\u00edn para la vista. Imagina el dise\u00f1o de tibur\u00f3n m\u00e1s adorable en una gama de colores pastel que parecen sacados directamente de una pasteler\u00eda parisina. Desde suaves rosas que recuerdan a los macarons de fresa hasta verdes relajantes que evocan la esencia del pistacho, estas pantuflas son una encantadora incorporaci\u00f3n a cualquier conjunto de ropa de estar por casa.<\/p>\n<p>Y no nos olvidemos de la durabilidad y practicidad de estas pantuflas. Las pantuflas Shark 3.0: Macaron Edition vienen equipadas con una suela resistente y antideslizante que proporciona una excelente tracci\u00f3n. Esto significa que puedes usarlas en casa, en el patio trasero o incluso en un viaje r\u00e1pido al buz\u00f3n sin preocuparte por resbalarte o deslizarte. Estas pantuflas son la combinaci\u00f3n perfecta de estilo y funcionalidad, lo que las convierte en una parte esencial de tu vida diaria.<\/p>\n<p>Ahora, puede que est\u00e9s pensando: \u201cPero ya tengo un par de pantuflas. \u00bfPor qu\u00e9 necesito las Shark Slippers 3.0: Macaron Edition?\u201d. Bueno, d\u00e9jame preguntarte esto: \u00bfTus pantuflas actuales te hacen sentir como si estuvieras caminando sobre una nube y al mismo tiempo canalizan el esp\u00edritu dulce y caprichoso de una pasteler\u00eda francesa? No lo creo. Estas pantuflas son m\u00e1s que un simple calzado; son una experiencia. Son una forma de darte un capricho con un poco de lujo todos los d\u00edas, sin importar lo que te depare la vida.<\/p>\n<p>Adem\u00e1s, las pantuflas Shark 3.0: Macaron Edition son el regalo perfecto para cualquier persona que ame la comodidad, el estilo y un toque de fantas\u00eda. Ya sea para tu mejor amiga, tu hermana o incluso tu mam\u00e1, estas pantuflas seguro que les sacar\u00e1n una sonrisa y les dar\u00e1n un impulso. Y seamos realistas, \u00bfa qui\u00e9n no le gustar\u00eda recibir un regalo que sea pr\u00e1ctico y adorable?<\/p>\n<p>Entonces, \u00bfqu\u00e9 est\u00e1s esperando? Es hora de mejorar tu estilo de pantuflas y disfrutar de la m\u00e1xima comodidad y estilo de las pantuflas Shark 3.0: Macaron Edition. Tus pies te lo agradecer\u00e1n y te preguntar\u00e1s c\u00f3mo has podido vivir sin ellas. Consigue tu par hoy y entra en un mundo de pura felicidad y fantas\u00eda. \u00a1Conf\u00eda en nosotros; no te arrepentir\u00e1s!<\/p>","protected":false},"excerpt":{"rendered":"<p>Are you ready to dive into the world of ultimate comfort and style? Look no further than the Shark Slippers 3.0: Macaron Edition! These slippers are the perfect combination of everything you love about our classic Shark Slippers and the sweet, dreamy essence of French macarons. Get ready to treat your feet to a whole [&#8230;]\n","protected":false},"featured_media":7909,"comment_status":"open","ping_status":"closed","template":"","meta":[],"product_brand":[],"product_cat":[120,119,57],"product_tag":[126],"class_list":{"0":"post-7924","1":"product","2":"type-product","3":"status-publish","4":"has-post-thumbnail","6":"product_cat-shark-slippers","7":"product_cat-hot-slippers-by-series","8":"product_cat-flip-flops-slides-for-kids","9":"product_tag-shark-slippers","11":"first","12":"instock","13":"sale","14":"shipping-taxable","15":"purchasable","16":"product-type-variable","17":"has-default-attributes"},"_links":{"self":[{"href":"https:\/\/bubbleslides.us\/es\/wp-json\/wp\/v2\/product\/7924","targetHints":{"allow":["GET"]}}],"collection":[{"href":"https:\/\/bubbleslides.us\/es\/wp-json\/wp\/v2\/product"}],"about":[{"href":"https:\/\/bubbleslides.us\/es\/wp-json\/wp\/v2\/types\/product"}],"replies":[{"embeddable":true,"href":"https:\/\/bubbleslides.us\/es\/wp-json\/wp\/v2\/comments?post=7924"}],"wp:featuredmedia":[{"embeddable":true,"href":"https:\/\/bubbleslides.us\/es\/wp-json\/wp\/v2\/media\/7909"}],"wp:attachment":[{"href":"https:\/\/bubbleslides.us\/es\/wp-json\/wp\/v2\/media?parent=7924"}],"wp:term":[{"taxonomy":"product_brand","embeddable":true,"href":"https:\/\/bubbleslides.us\/es\/wp-json\/wp\/v2\/product_brand?post=7924"},{"taxonomy":"product_cat","embeddable":true,"href":"https:\/\/bubbleslides.us\/es\/wp-json\/wp\/v2\/product_cat?post=7924"},{"taxonomy":"product_tag","embeddable":true,"href":"https:\/\/bubbleslides.us\/es\/wp-json\/wp\/v2\/product_tag?post=7924"}],"curies":[{"name":"wp","href":"https:\/\/api.w.org\/{rel}","templated":true}]}}