{"id":7639,"date":"2023-08-18T03:17:03","date_gmt":"2023-08-18T03:17:03","guid":{"rendered":"https:\/\/bubbleslides.us\/?post_type=product&#038;p=7639"},"modified":"2024-04-17T07:47:50","modified_gmt":"2024-04-17T07:47:50","slug":"chanclas-para-nino-nino-eva-con-lazo-de-mariposa","status":"publish","type":"product","link":"https:\/\/bubbleslides.us\/es\/chanclas-para-nino-nino-eva-con-lazo-de-mariposa\/","title":{"rendered":"Diapositivas de EVA con lazo de mariposa para ni\u00f1os peque\u00f1os"},"content":{"rendered":"<p>Dise\u00f1os delicados para pies peque\u00f1os<\/p>\n<p>Reg\u00e1lale a tu hijo un par de zapatos tan encantadores como ellos: \u00a1las sandalias EVA con lazo de mariposa! Decoradas con mariposas revoloteando y delicados lazos, estas sandalias est\u00e1n hechas para tallas 10C-6 para edades de 2 a 12 a\u00f1os.<\/p>\n<p>Construido con espuma EVA lujosamente suave, un material avanzado importado de Alemania, la suela contorneada y la correa ajustable sostienen los pies con comodidad. Los agarres texturizados antideslizantes en la parte inferior permiten una exploraci\u00f3n segura en diversas superficies sin temor a resbalar.<\/p>\n<p>Una correa el\u00e1stica proporciona un ajuste flexible para pies en crecimiento. Sin forro interior ni leng\u00fceta, es f\u00e1cil de poner y quitar y tiene buena ventilaci\u00f3n. La correa de la hebilla se puede ajustar seg\u00fan sea necesario.<\/p>\n<p>Con un peso de solo 8 onzas, las piernas peque\u00f1as no se cansar\u00e1n al usarlos en parques, playas o \u00e1reas de juego. La limpieza es sencilla: enjuaga la suciedad despu\u00e9s de aventuras al aire libre.<\/p>\n<p>Con cada alegre aleteo, las sonrisas vuelan. Como el EVA moldeado suave se flexiona suavemente con los pasos, la comodidad est\u00e1 garantizada en interiores o exteriores. \u00a1Complementa cualquier conjunto con estos encantadores detalles en zapatos!<\/p>\n<p>Adecuadas para ni\u00f1os de 2 a 12 a\u00f1os, estas preciosas diapositivas son un maravilloso regalo. Los pies j\u00f3venes se sentir\u00e1n encantados con cada viaje. \u00a1Que comience la magia de las mariposas!<\/p>","protected":false},"excerpt":{"rendered":"<p>Delicate Designs for Little Feet Treat your child to a pair of shoes as charming as they are &#8211; the Butterfly Bow EVA Sandals! Decorated with fluttering butterflies and delicate bows, these sandals are made for sizes 10C-6 for ages 2-12 years. Constructed from luxuriously soft EVA foam, an advanced material imported from Germany, the [&#8230;]\n","protected":false},"featured_media":7643,"comment_status":"open","ping_status":"closed","template":"","meta":[],"product_brand":[],"product_cat":[158,57],"product_tag":[110],"class_list":{"0":"post-7639","1":"product","2":"type-product","3":"status-publish","4":"has-post-thumbnail","6":"product_cat-bow-slippers","7":"product_cat-flip-flops-slides-for-kids","8":"product_tag-dinosaur-slides","10":"first","11":"instock","12":"sale","13":"shipping-taxable","14":"purchasable","15":"product-type-variable","16":"has-default-attributes"},"_links":{"self":[{"href":"https:\/\/bubbleslides.us\/es\/wp-json\/wp\/v2\/product\/7639","targetHints":{"allow":["GET"]}}],"collection":[{"href":"https:\/\/bubbleslides.us\/es\/wp-json\/wp\/v2\/product"}],"about":[{"href":"https:\/\/bubbleslides.us\/es\/wp-json\/wp\/v2\/types\/product"}],"replies":[{"embeddable":true,"href":"https:\/\/bubbleslides.us\/es\/wp-json\/wp\/v2\/comments?post=7639"}],"wp:featuredmedia":[{"embeddable":true,"href":"https:\/\/bubbleslides.us\/es\/wp-json\/wp\/v2\/media\/7643"}],"wp:attachment":[{"href":"https:\/\/bubbleslides.us\/es\/wp-json\/wp\/v2\/media?parent=7639"}],"wp:term":[{"taxonomy":"product_brand","embeddable":true,"href":"https:\/\/bubbleslides.us\/es\/wp-json\/wp\/v2\/product_brand?post=7639"},{"taxonomy":"product_cat","embeddable":true,"href":"https:\/\/bubbleslides.us\/es\/wp-json\/wp\/v2\/product_cat?post=7639"},{"taxonomy":"product_tag","embeddable":true,"href":"https:\/\/bubbleslides.us\/es\/wp-json\/wp\/v2\/product_tag?post=7639"}],"curies":[{"name":"wp","href":"https:\/\/api.w.org\/{rel}","templated":true}]}}