{"id":7629,"date":"2023-08-17T12:53:02","date_gmt":"2023-08-17T12:53:02","guid":{"rendered":"https:\/\/bubbleslides.us\/?post_type=product&#038;p=7629"},"modified":"2024-04-17T07:48:44","modified_gmt":"2024-04-17T07:48:44","slug":"toboganes-de-dinosaurio-nino-antideslizante","status":"publish","type":"product","link":"https:\/\/bubbleslides.us\/es\/toboganes-de-dinosaurio-nino-antideslizante\/","title":{"rendered":"Diapositivas antideslizantes de dinosaurios para ni\u00f1os peque\u00f1os"},"content":{"rendered":"<p>\u00a1Haz que el tiempo de juego sea m\u00e1s emocionante con las sandalias antideslizantes con dise\u00f1o de dinosaurios para ni\u00f1os peque\u00f1os! Decoradas con coloridos dibujos de dinosaurios, estas sandalias seguro que ser\u00e1n un \u00e9xito entre los peque\u00f1os exploradores.<\/p>\n<p>Fabricados con espuma EVA duradera, los zapatos tienen un dise\u00f1o de punta abierta para que circule el aire y sea c\u00f3modo. Los ni\u00f1os peque\u00f1os pueden mover los dedos de los pies mientras descubren el mundo. Una correa ajustable sobre el pie garantiza un ajuste perfecto para los pies en crecimiento.<\/p>\n<p>Las suelas de goma texturizada brindan una tracci\u00f3n superior, tanto en interiores como en exteriores sobre c\u00e9sped o tierra. Los peque\u00f1os pueden correr, saltar y pisar fuerte sin preocuparse por resbalones o ca\u00eddas. Las suelas con agarre tambi\u00e9n ayudan a desarrollar las habilidades motoras.<\/p>\n<p>Las sandalias antideslizantes con dise\u00f1o de dinosaurio para ni\u00f1os peque\u00f1os son f\u00e1ciles de poner para los deditos m\u00e1s peque\u00f1os. Tambi\u00e9n se desinfectan f\u00e1cilmente: solo hay que lavarlas con una manguera despu\u00e9s de que se ensucien al aire libre. Son ligeras y flexibles, y no frenar\u00e1n a los ni\u00f1os activos.<\/p>\n<p>Perfectos para el arenero, el patio de juegos o la playa, estos toboganes son imprescindibles para la diversi\u00f3n del verano. Con estampados de tiranosaurios, triceratops y estegosaurios, a los ni\u00f1os les encantar\u00e1 explorar mientras descubren a sus amigos prehist\u00f3ricos favoritos. \u00a1Los esperan aventuras con dinosaurios!<\/p>","protected":false},"excerpt":{"rendered":"<p>Make playtime more exciting with the Non-Slip Toddler Dinosaur Slides! Decorated with colorful dinosaur graphics, these sandals are sure to be a hit with little explorers. Made from durable EVA foam, the shoes feature an open-toe design for airflow and comfort. Toddlers can wiggle their toes as they discover the world. An adjustable strap over [&#8230;]\n","protected":false},"featured_media":7638,"comment_status":"open","ping_status":"closed","template":"","meta":[],"product_brand":[],"product_cat":[141,57],"product_tag":[110],"class_list":{"0":"post-7629","1":"product","2":"type-product","3":"status-publish","4":"has-post-thumbnail","6":"product_cat-dino-slippers","7":"product_cat-flip-flops-slides-for-kids","8":"product_tag-dinosaur-slides","10":"first","11":"instock","12":"sale","13":"shipping-taxable","14":"purchasable","15":"product-type-variable","16":"has-default-attributes"},"_links":{"self":[{"href":"https:\/\/bubbleslides.us\/es\/wp-json\/wp\/v2\/product\/7629","targetHints":{"allow":["GET"]}}],"collection":[{"href":"https:\/\/bubbleslides.us\/es\/wp-json\/wp\/v2\/product"}],"about":[{"href":"https:\/\/bubbleslides.us\/es\/wp-json\/wp\/v2\/types\/product"}],"replies":[{"embeddable":true,"href":"https:\/\/bubbleslides.us\/es\/wp-json\/wp\/v2\/comments?post=7629"}],"wp:featuredmedia":[{"embeddable":true,"href":"https:\/\/bubbleslides.us\/es\/wp-json\/wp\/v2\/media\/7638"}],"wp:attachment":[{"href":"https:\/\/bubbleslides.us\/es\/wp-json\/wp\/v2\/media?parent=7629"}],"wp:term":[{"taxonomy":"product_brand","embeddable":true,"href":"https:\/\/bubbleslides.us\/es\/wp-json\/wp\/v2\/product_brand?post=7629"},{"taxonomy":"product_cat","embeddable":true,"href":"https:\/\/bubbleslides.us\/es\/wp-json\/wp\/v2\/product_cat?post=7629"},{"taxonomy":"product_tag","embeddable":true,"href":"https:\/\/bubbleslides.us\/es\/wp-json\/wp\/v2\/product_tag?post=7629"}],"curies":[{"name":"wp","href":"https:\/\/api.w.org\/{rel}","templated":true}]}}