{"id":7586,"date":"2023-08-17T02:22:17","date_gmt":"2023-08-17T02:22:17","guid":{"rendered":"https:\/\/bubbleslides.us\/?post_type=product&#038;p=7586"},"modified":"2024-03-14T11:30:36","modified_gmt":"2024-03-14T11:30:36","slug":"chanclas-burbuja-rosa-chanclas","status":"publish","type":"product","link":"https:\/\/bubbleslides.us\/es\/chanclas-burbuja-rosa-chanclas\/","title":{"rendered":"Chanclas rosa Bubble Slides"},"content":{"rendered":"<p>Chanclas rosa Bubble Slides<\/p>\n<p>Difunde energ\u00eda alegre durante los d\u00edas ocupados con las chanclas rosas Bubble Slides. Confeccionados con EVA liviana y transpirable que sostiene una plantilla abierta, este par vibrante calma los pasos con texturas suaves como almohadas, perfectas para una vida activa y ligera.<\/p>\n<p>Una construcci\u00f3n de EVA moldeada contornea suavemente la parte superior y la suela, abrazando los talones y los dedos de los pies en una relajaci\u00f3n suave sin importar c\u00f3mo la actividad tome forma. A diferencia de los toboganes r\u00edgidos, el material flexible sigue con flexibilidad cada paso sin restricciones.<\/p>\n<p>Un dise\u00f1o abierto maximiza las brisas cruzadas. Tambi\u00e9n permite un drenaje r\u00e1pido en caso de que el agua humedezca la diversi\u00f3n. Ya sean recados lluviosos o juegos junto a la piscina, la suela fluida acelera el secado entre los dedos manteniendo una comodidad improvisada.<\/p>\n<p>Las peque\u00f1as protuberancias de EVA que recubren la c\u00f3moda suela brindan una tracci\u00f3n confiable dondequiera que vuele la imaginaci\u00f3n. El soporte antideslizante se siente seguro en interiores o explorando m\u00e1s aventuras. La estabilidad se siente consistente permitiendo un movimiento alegre e ilimitado.<\/p>\n<p>Ahora emana un esp\u00edritu alegre a trav\u00e9s de un pop rosa brillante. Las texturas mullidas adoran cada paso alegre que se da con una comodidad acolchada, adecuada para una espontaneidad animada y libre. El drenaje y la tracci\u00f3n se adaptan a una vida animada con una facilidad caprichosa.<\/p>\n<p>Experimente d\u00edas alegres llevados alegremente a trav\u00e9s de movimientos edificantes. Pink Bubble Slides inspira las dosis diarias recomendadas de juego imaginativo. La comodidad y el soporte transpirables potencian las aventuras a pie con fantas\u00edas en cada rebote.<\/p>","protected":false},"excerpt":{"rendered":"<p>Pink Bubble Slides Flip Flops Spread cheerful energy through busy days with the Pink Bubble Slides Flip Flops. Constructed from lightweight breathable EVA cradling an open footbed, this vibrant pair soothes strides with pillow-soft textures perfect for active living lightly. A molded EVA construction gently contours uppers and sole, hugging heels and toes in smooth [&#8230;]\n","protected":false},"featured_media":7581,"comment_status":"open","ping_status":"closed","template":"","meta":[],"product_brand":[],"product_cat":[64,55,56],"product_tag":[84],"class_list":{"0":"post-7586","1":"product","2":"type-product","3":"status-publish","4":"has-post-thumbnail","6":"product_cat-pink-bubble-slides","7":"product_cat-flip-flops-slides-for-women","8":"product_cat-flip-flops-slides-for-men","9":"product_tag-bubble-slides","11":"first","12":"instock","13":"sale","14":"shipping-taxable","15":"purchasable","16":"product-type-variable","17":"has-default-attributes"},"_links":{"self":[{"href":"https:\/\/bubbleslides.us\/es\/wp-json\/wp\/v2\/product\/7586","targetHints":{"allow":["GET"]}}],"collection":[{"href":"https:\/\/bubbleslides.us\/es\/wp-json\/wp\/v2\/product"}],"about":[{"href":"https:\/\/bubbleslides.us\/es\/wp-json\/wp\/v2\/types\/product"}],"replies":[{"embeddable":true,"href":"https:\/\/bubbleslides.us\/es\/wp-json\/wp\/v2\/comments?post=7586"}],"wp:featuredmedia":[{"embeddable":true,"href":"https:\/\/bubbleslides.us\/es\/wp-json\/wp\/v2\/media\/7581"}],"wp:attachment":[{"href":"https:\/\/bubbleslides.us\/es\/wp-json\/wp\/v2\/media?parent=7586"}],"wp:term":[{"taxonomy":"product_brand","embeddable":true,"href":"https:\/\/bubbleslides.us\/es\/wp-json\/wp\/v2\/product_brand?post=7586"},{"taxonomy":"product_cat","embeddable":true,"href":"https:\/\/bubbleslides.us\/es\/wp-json\/wp\/v2\/product_cat?post=7586"},{"taxonomy":"product_tag","embeddable":true,"href":"https:\/\/bubbleslides.us\/es\/wp-json\/wp\/v2\/product_tag?post=7586"}],"curies":[{"name":"wp","href":"https:\/\/api.w.org\/{rel}","templated":true}]}}