{"id":7578,"date":"2023-08-17T01:08:41","date_gmt":"2023-08-17T01:08:41","guid":{"rendered":"https:\/\/bubbleslides.us\/?post_type=product&#038;p=7578"},"modified":"2024-03-14T12:30:34","modified_gmt":"2024-03-14T12:30:34","slug":"chanclas-burbuja-blancas","status":"publish","type":"product","link":"https:\/\/bubbleslides.us\/es\/chanclas-burbuja-blancas\/","title":{"rendered":"Chanclas blancas Bubble Slides"},"content":{"rendered":"<h5>Desl\u00edzate hacia la comodidad simple con las chanclas blancas Bubble Slides<\/h5>\n<p>Flota durante los d\u00edas ocupados con las chanclas blancas Bubble Slides. Confeccionados con EVA liviana y con una plantilla abierta, este par vers\u00e1til amortigua cada zancada con texturas suaves como almohadas, ideales para la vida informal.<\/p>\n<p>Una construcci\u00f3n de EVA moldeada da forma suavemente a la parte superior y la suela para ahuecar los talones y los dedos de los pies en una c\u00f3moda relajaci\u00f3n mientras los recados y las aventuras arrasan el d\u00eda. A diferencia de las gu\u00edas r\u00edgidas, el material el\u00e1stico sigue cada paso de forma flexible, sin restricciones ni cansancio.<\/p>\n<p>Un dise\u00f1o abierto maximiza la ventilaci\u00f3n cruzada. Tambi\u00e9n permite un drenaje r\u00e1pido en caso de que el agua afecte el tiempo de juego. Ya sea para chapuzones junto a la piscina o para hacer recados bajo la lluvia, la suela fluida acelera el secado entre los dedos de los pies en un instante. \u00a1La comodidad reanuda sin problemas lo que suceda a continuaci\u00f3n!<\/p>\n<p>Las peque\u00f1as protuberancias de EVA que recubren la c\u00f3moda suela brindan tracci\u00f3n confiable dondequiera que lleve la imaginaci\u00f3n. La tracci\u00f3n antideslizante permanece asegurada ya sea que corras en interiores o explores m\u00e1s al aire libre. La estabilidad se siente consistente permitiendo un movimiento espont\u00e1neo ilimitado.<\/p>\n<p>Ahora canalice la simplicidad a trav\u00e9s de tonos blancos n\u00edtidos. Las texturas c\u00f3modas adoran cada paso c\u00f3modo que se da con la comodidad de una almohada, adecuada para una vida activa y libre. El drenaje y la tracci\u00f3n se adaptan a diversos escenarios con ligereza y facilidad.<\/p>\n<p>Experimente d\u00edas sin estr\u00e9s llevados sin esfuerzo a pasos agigantados. White Bubble Slides eleva la relajaci\u00f3n diaria recomendada mientras viaja. La comodidad transpirable y la tracci\u00f3n segura permiten vivir libremente y espont\u00e1neamente con una fantas\u00eda ligera en cada paso tranquilo.<\/p>","protected":false},"excerpt":{"rendered":"<p>Slip Into Simple Comfort with White Bubble Slides Flip Flops Float through busy days in the White Bubble Slides Flip Flops. Crafted from lightweight EVA cradling an open footbed, this versatile pair cushions each stride with pillow-soft textures ideal for casual living. A molded EVA construction gently shapes uppers and sole to cup heels and [&#8230;]\n","protected":false},"featured_media":7580,"comment_status":"open","ping_status":"closed","template":"","meta":[],"product_brand":[],"product_cat":[56,55,63],"product_tag":[84],"class_list":{"0":"post-7578","1":"product","2":"type-product","3":"status-publish","4":"has-post-thumbnail","6":"product_cat-flip-flops-slides-for-men","7":"product_cat-flip-flops-slides-for-women","8":"product_cat-white-bubble-slides","9":"product_tag-bubble-slides","11":"first","12":"instock","13":"sale","14":"shipping-taxable","15":"purchasable","16":"product-type-variable","17":"has-default-attributes"},"_links":{"self":[{"href":"https:\/\/bubbleslides.us\/es\/wp-json\/wp\/v2\/product\/7578","targetHints":{"allow":["GET"]}}],"collection":[{"href":"https:\/\/bubbleslides.us\/es\/wp-json\/wp\/v2\/product"}],"about":[{"href":"https:\/\/bubbleslides.us\/es\/wp-json\/wp\/v2\/types\/product"}],"replies":[{"embeddable":true,"href":"https:\/\/bubbleslides.us\/es\/wp-json\/wp\/v2\/comments?post=7578"}],"wp:featuredmedia":[{"embeddable":true,"href":"https:\/\/bubbleslides.us\/es\/wp-json\/wp\/v2\/media\/7580"}],"wp:attachment":[{"href":"https:\/\/bubbleslides.us\/es\/wp-json\/wp\/v2\/media?parent=7578"}],"wp:term":[{"taxonomy":"product_brand","embeddable":true,"href":"https:\/\/bubbleslides.us\/es\/wp-json\/wp\/v2\/product_brand?post=7578"},{"taxonomy":"product_cat","embeddable":true,"href":"https:\/\/bubbleslides.us\/es\/wp-json\/wp\/v2\/product_cat?post=7578"},{"taxonomy":"product_tag","embeddable":true,"href":"https:\/\/bubbleslides.us\/es\/wp-json\/wp\/v2\/product_tag?post=7578"}],"curies":[{"name":"wp","href":"https:\/\/api.w.org\/{rel}","templated":true}]}}