{"id":7543,"date":"2023-08-16T15:18:09","date_gmt":"2023-08-16T15:18:09","guid":{"rendered":"https:\/\/bubbleslides.us\/?post_type=product&#038;p=7543"},"modified":"2024-04-17T07:55:16","modified_gmt":"2024-04-17T07:55:16","slug":"zapatillas-smiley-face-rosa-malla-antideslizante","status":"publish","type":"product","link":"https:\/\/bubbleslides.us\/es\/zapatillas-smiley-face-rosa-malla-antideslizante\/","title":{"rendered":"Pantuflas Cara Sonriente Rosa \u2013 Malla Antideslizante"},"content":{"rendered":"<p>Prep\u00e1rese para adoptar un nuevo nivel de comodidad y alegr\u00eda con nuestras pantuflas de malla antideslizantes con cara sonriente rosa, la mejor opci\u00f3n de calzado para quienes priorizan tanto el estilo como la funcionalidad. Estas encantadoras pantuflas no solo aportan un toque de color y alegr\u00eda a su vida cotidiana, sino que tambi\u00e9n brindan una comodidad y un soporte incomparables, lo que garantiza que cada paso que d\u00e9 sea feliz. Con su divertido dise\u00f1o de cara sonriente, tela de malla transpirable y suelas antideslizantes, estas pantuflas son la combinaci\u00f3n perfecta de fantas\u00eda y practicidad.<\/p>\n<p>Nuestras pantuflas Pink Smiley Face presentan un dise\u00f1o vibrante y llamativo que muestra la ic\u00f3nica carita sonriente en un encantador tono rosa suave. Este alegre emblema de felicidad se presenta sobre una tela de malla liviana y transpirable, lo que crea una pantufla que no solo luce genial, sino que tambi\u00e9n mantiene tus pies frescos y c\u00f3modos durante todo el d\u00eda. El material de malla permite una excelente circulaci\u00f3n del aire, lo que evita que tus pies se sobrecalienten y los mantiene secos y frescos, incluso durante los meses m\u00e1s c\u00e1lidos. Dile adi\u00f3s a los pies sudorosos e inc\u00f3modos y dale la bienvenida a la comodidad aireada y fresca de nuestras pantuflas Pink Smiley Face.<\/p>\n<p>Pero estas pantuflas ofrecen m\u00e1s que solo transpirabilidad; tambi\u00e9n brindan un soporte y estabilidad excepcionales, gracias a sus suelas antideslizantes. Fabricadas con un material de goma texturizado y duradero, las suelas de nuestras pantuflas Smiley Face ofrecen una excelente tracci\u00f3n en una variedad de superficies, lo que garantiza que pueda moverse durante su d\u00eda con confianza y facilidad. Ya sea que est\u00e9 caminando sobre pisos de madera, baldosas o alfombras, estas pantuflas lo mantendr\u00e1n firme sobre sus pies, lo que reducir\u00e1 el riesgo de resbalones y ca\u00eddas. Con las pantuflas Smiley Face Pink - Mesh Non-Slip, puede disfrutar de la combinaci\u00f3n perfecta de comodidad, seguridad y estilo.<\/p>\n<p>Al calzarte estas encantadoras pantuflas, notar\u00e1s inmediatamente la diferencia en tu estado de \u00e1nimo y en tu bienestar general. La plantilla suave y acolchada acuna suavemente tus pies, brindando un amplio soporte y reduciendo los puntos de presi\u00f3n, mientras que la tela de malla transpirable mantiene tus pies frescos y c\u00f3modos. El divertido dise\u00f1o de carita sonriente sirve como un recordatorio constante para abordar la vida con una actitud positiva, dibujando una sonrisa en tu rostro con cada mirada a tus pies. Ya sea que est\u00e9s relaj\u00e1ndote en casa, haciendo recados o simplemente disfrutando de un d\u00eda informal al aire libre, nuestras pantuflas de malla antideslizantes con carita sonriente rosa son las compa\u00f1eras perfectas para ayudarte a abrazar la felicidad y la comodidad en cada paso.<\/p>\n<p>Pero no se f\u00ede solo de nuestras palabras; escuche lo que nuestros clientes encantados tienen que decir sobre su experiencia con estas pantuflas. Emily, de Nueva York, exclama: \u201c\u00a1Me encantan mis pantuflas Pink Smiley Face! No solo son incre\u00edblemente lindas y c\u00f3modas, sino que las suelas antideslizantes me dan tranquilidad cuando camino por mi casa\u201d. David, de Los \u00c1ngeles, agrega: \u201cNunca pens\u00e9 que estar\u00eda tan emocionado por un par de pantuflas, pero estas me han conquistado por completo. La malla transpirable mantiene mis pies frescos y las caritas sonrientes nunca dejan de alegrarme el d\u00eda\u201d.<\/p>\n<p>En un mundo en el que la comodidad, el estilo y la felicidad suelen parecer un acto de equilibrio, nuestras pantuflas Pink Smiley Face \u2013 Mesh Non-Slip ofrecen la soluci\u00f3n perfecta. Al mimar sus pies con la lujosa suavidad, soporte y transpirabilidad de estas pantuflas, est\u00e1 invirtiendo en su bienestar general y abrazando una vida llena de alegr\u00eda y positividad. Entonces, \u00bfpor qu\u00e9 esperar? D\u00e9jese llevar por la felicidad y la comodidad de nuestras pantuflas Pink Smiley Face \u2013 Mesh Non-Slip hoy mismo y descubra la diferencia que una simple sonrisa puede hacer en su vida diaria.<\/p>\n<p>Abraza la felicidad, paso a paso, con las pantuflas Pink Smiley Face \u2013 Mesh Non-Slip: la mejor combinaci\u00f3n de comodidad, estilo y positividad. \u00a1Tus pies (y tu estado de \u00e1nimo) te lo agradecer\u00e1n!<\/p>","protected":false},"excerpt":{"rendered":"<p>Prepare to embrace a new level of comfort and joy with our Pink Smiley Face Slippers &#8211; Mesh Non-Slip, the ultimate footwear choice for those who prioritize both style and functionality. These delightful slippers not only bring a pop of color and cheerfulness to your everyday life but also provide unparalleled comfort and support, ensuring [&#8230;]\n","protected":false},"featured_media":7530,"comment_status":"open","ping_status":"closed","template":"","meta":[],"product_brand":[],"product_cat":[127,87,55,56],"product_tag":[91],"class_list":{"0":"post-7543","1":"product","2":"type-product","3":"status-publish","4":"has-post-thumbnail","6":"product_cat-smiley-face-slippers","7":"product_cat-bubble-slides-bathroom-non-slip-series","8":"product_cat-flip-flops-slides-for-women","9":"product_cat-flip-flops-slides-for-men","10":"product_tag-smiley-face-slippers","12":"first","13":"instock","14":"sale","15":"shipping-taxable","16":"purchasable","17":"product-type-variable","18":"has-default-attributes"},"_links":{"self":[{"href":"https:\/\/bubbleslides.us\/es\/wp-json\/wp\/v2\/product\/7543","targetHints":{"allow":["GET"]}}],"collection":[{"href":"https:\/\/bubbleslides.us\/es\/wp-json\/wp\/v2\/product"}],"about":[{"href":"https:\/\/bubbleslides.us\/es\/wp-json\/wp\/v2\/types\/product"}],"replies":[{"embeddable":true,"href":"https:\/\/bubbleslides.us\/es\/wp-json\/wp\/v2\/comments?post=7543"}],"wp:featuredmedia":[{"embeddable":true,"href":"https:\/\/bubbleslides.us\/es\/wp-json\/wp\/v2\/media\/7530"}],"wp:attachment":[{"href":"https:\/\/bubbleslides.us\/es\/wp-json\/wp\/v2\/media?parent=7543"}],"wp:term":[{"taxonomy":"product_brand","embeddable":true,"href":"https:\/\/bubbleslides.us\/es\/wp-json\/wp\/v2\/product_brand?post=7543"},{"taxonomy":"product_cat","embeddable":true,"href":"https:\/\/bubbleslides.us\/es\/wp-json\/wp\/v2\/product_cat?post=7543"},{"taxonomy":"product_tag","embeddable":true,"href":"https:\/\/bubbleslides.us\/es\/wp-json\/wp\/v2\/product_tag?post=7543"}],"curies":[{"name":"wp","href":"https:\/\/api.w.org\/{rel}","templated":true}]}}