{"id":7541,"date":"2023-08-16T15:16:15","date_gmt":"2023-08-16T15:16:15","guid":{"rendered":"https:\/\/bubbleslides.us\/?post_type=product&#038;p=7541"},"modified":"2024-04-17T07:56:33","modified_gmt":"2024-04-17T07:56:33","slug":"pantuflas-smiley-face-gris-malla-antideslizante","status":"publish","type":"product","link":"https:\/\/bubbleslides.us\/es\/pantuflas-smiley-face-gris-malla-antideslizante\/","title":{"rendered":"Pantuflas Cara Sonriente Gris \u2013 Malla Antideslizante"},"content":{"rendered":"<p class=\"md-end-block md-p\"><span class=\"md-plain md-expand\">Abraza la comodidad y la positividad con las zapatillas grises Smiley Face - Malla antideslizante<\/span><\/p>\n<p class=\"md-end-block md-p\"><span class=\"md-plain\">Descubra la mezcla perfecta de estilo, comodidad y alegr\u00eda con nuestras pantuflas grises Smiley Face Slippers - Mesh Non-Slip, la mejor elecci\u00f3n de calzado para aquellos que valoran tanto la funcionalidad como una alegre visi\u00f3n de la vida. Estas encantadoras zapatillas no s\u00f3lo proporcionan una comodidad y una sujeci\u00f3n inigualables, sino que tambi\u00e9n aportan un toque de fantas\u00eda y positividad a su rutina diaria. Con su divertido dise\u00f1o de cara sonriente, su tejido de malla transpirable y su suela antideslizante, estas zapatillas son el compa\u00f1ero ideal para cualquiera que busque la felicidad y la comodidad a cada paso.<\/span><\/p>\n<p class=\"md-end-block md-p\"><span class=\"md-plain\">Nuestras zapatillas Smiley Face grises presentan un dise\u00f1o sutil pero llamativo que muestra la ic\u00f3nica cara sonriente en un sofisticado tono gris claro. Este alegre emblema de la felicidad se enmarca en un tejido de malla ligero y transpirable, creando una zapatilla que combina sin esfuerzo estilo y practicidad. El material de malla permite una excelente circulaci\u00f3n del aire, garantizando que tus pies permanezcan frescos, secos y c\u00f3modos durante todo el d\u00eda, incluso en los meses m\u00e1s c\u00e1lidos. Desp\u00eddete de los pies sudorosos e inc\u00f3modos y da la bienvenida a la comodidad refrescante y ventilada de nuestras zapatillas Smiley Face grises.<\/span><\/p>\n<p class=\"md-end-block md-p\"><span class=\"md-plain\">Pero estas zapatillas ofrecen algo m\u00e1s que transpirabilidad; tambi\u00e9n proporcionan un apoyo y una estabilidad excepcionales, gracias a sus suelas antideslizantes. Hechas a mano con un material de goma duradero y texturizado, las suelas de nuestras Smiley Face Slippers ofrecen una excelente tracci\u00f3n en una variedad de superficies, lo que le permite moverse durante el d\u00eda con confianza y facilidad. Si usted est\u00e1 navegando por pisos de madera, baldosas o alfombras, estas zapatillas le mantendr\u00e1 firme sobre sus pies, minimizando el riesgo de resbalones y ca\u00eddas. Con las Zapatillas Smiley Face Grises - Malla Antideslizante, puede disfrutar de la combinaci\u00f3n perfecta de comodidad, seguridad y estilo.<\/span><\/p>\n<p class=\"md-end-block md-p\"><span class=\"md-plain\">Al calzarse estas encantadoras zapatillas, sentir\u00e1 al instante la diferencia en su estado de \u00e1nimo y bienestar general. La plantilla suave y acolchada acuna suavemente los pies, proporcionando un amplio apoyo y reduciendo los puntos de presi\u00f3n, mientras que el tejido de malla transpirable mantiene los pies frescos y c\u00f3modos. El divertido dise\u00f1o de cara sonriente sirve como recordatorio constante de que hay que afrontar la vida con una actitud positiva, arranc\u00e1ndote una sonrisa con cada mirada a tus pies. Tanto si est\u00e1s relajado en casa, haciendo recados, o simplemente disfrutando de un d\u00eda casual fuera, nuestras zapatillas Smiley Face Gris - Malla Antideslizante son las compa\u00f1eras perfectas para ayudarte a abrazar la felicidad y la comodidad en cada paso.<\/span><\/p>\n<p class=\"md-end-block md-p\"><span class=\"md-plain\">Pero no te quedes s\u00f3lo con nuestra palabra; mira lo que nuestros clientes satisfechos tienen que decir sobre su experiencia con estas zapatillas. Jessica, de Chicago, nos cuenta: \"\u00a1Me encantan mis zapatillas Smiley Face grises! Son tan c\u00f3modas y las suelas antideslizantes me dan la confianza para llevarlas por toda la casa sin preocuparme de resbalarme.\" Michael, de Miami, a\u00f1ade: \"Estas zapatillas se han convertido en mis favoritas tanto por su comodidad como por su estilo. La malla transpirable me mantiene los pies frescos y las caritas sonrientes siempre me hacen sonre\u00edr\".<\/span><\/p>\n<p class=\"md-end-block md-p\"><span class=\"md-plain\">En un mundo donde la comodidad, el estilo y la felicidad a menudo se sienten como un acto de equilibrio, nuestras zapatillas Smiley Face Gris - Malla Antideslizante ofrecen la soluci\u00f3n perfecta. Tratando tus pies con la lujosa suavidad, soporte y transpirabilidad de estas zapatillas, estar\u00e1s invirtiendo en tu bienestar general y abrazando una vida llena de alegr\u00eda y positividad. \u00bfA qu\u00e9 esperas? Entre hoy mismo en la felicidad y la comodidad de nuestras zapatillas Smiley Face Gris - Malla Antideslizante y descubra la diferencia que una simple sonrisa puede marcar en su vida diaria.<\/span><\/p>\n<p class=\"md-end-block md-p md-focus\"><span class=\"md-plain md-expand\">Abraza la felicidad, paso a paso, con las zapatillas Smiley Face Grises - Malla Antideslizante - la combinaci\u00f3n definitiva de comodidad, estilo y positividad. \u00a1Tus pies (y tu estado de \u00e1nimo) te lo agradecer\u00e1n!<\/span><\/p>","protected":false},"excerpt":{"rendered":"<p>Embrace Comfort and Positivity with Grey Smiley Face Slippers &#8211; Mesh Non-Slip Discover the perfect blend of style, comfort, and joy with our Grey Smiley Face Slippers &#8211; Mesh Non-Slip, the ultimate footwear choice for those who value both functionality and a cheerful outlook on life. These charming slippers not only provide unparalleled comfort and [&#8230;]\n","protected":false},"featured_media":7531,"comment_status":"open","ping_status":"closed","template":"","meta":[],"product_brand":[],"product_cat":[127,87,55,56],"product_tag":[91],"class_list":{"0":"post-7541","1":"product","2":"type-product","3":"status-publish","4":"has-post-thumbnail","6":"product_cat-smiley-face-slippers","7":"product_cat-bubble-slides-bathroom-non-slip-series","8":"product_cat-flip-flops-slides-for-women","9":"product_cat-flip-flops-slides-for-men","10":"product_tag-smiley-face-slippers","12":"first","13":"instock","14":"sale","15":"shipping-taxable","16":"purchasable","17":"product-type-variable","18":"has-default-attributes"},"_links":{"self":[{"href":"https:\/\/bubbleslides.us\/es\/wp-json\/wp\/v2\/product\/7541","targetHints":{"allow":["GET"]}}],"collection":[{"href":"https:\/\/bubbleslides.us\/es\/wp-json\/wp\/v2\/product"}],"about":[{"href":"https:\/\/bubbleslides.us\/es\/wp-json\/wp\/v2\/types\/product"}],"replies":[{"embeddable":true,"href":"https:\/\/bubbleslides.us\/es\/wp-json\/wp\/v2\/comments?post=7541"}],"wp:featuredmedia":[{"embeddable":true,"href":"https:\/\/bubbleslides.us\/es\/wp-json\/wp\/v2\/media\/7531"}],"wp:attachment":[{"href":"https:\/\/bubbleslides.us\/es\/wp-json\/wp\/v2\/media?parent=7541"}],"wp:term":[{"taxonomy":"product_brand","embeddable":true,"href":"https:\/\/bubbleslides.us\/es\/wp-json\/wp\/v2\/product_brand?post=7541"},{"taxonomy":"product_cat","embeddable":true,"href":"https:\/\/bubbleslides.us\/es\/wp-json\/wp\/v2\/product_cat?post=7541"},{"taxonomy":"product_tag","embeddable":true,"href":"https:\/\/bubbleslides.us\/es\/wp-json\/wp\/v2\/product_tag?post=7541"}],"curies":[{"name":"wp","href":"https:\/\/api.w.org\/{rel}","templated":true}]}}