{"id":7537,"date":"2023-08-16T15:07:12","date_gmt":"2023-08-16T15:07:12","guid":{"rendered":"https:\/\/bubbleslides.us\/?post_type=product&#038;p=7537"},"modified":"2024-04-17T08:00:36","modified_gmt":"2024-04-17T08:00:36","slug":"zapatillas-smiley-face-rojo-malla-antideslizante","status":"publish","type":"product","link":"https:\/\/bubbleslides.us\/es\/zapatillas-smiley-face-rojo-malla-antideslizante\/","title":{"rendered":"Pantuflas Cara Sonriente Roja \u2013 Malla Antideslizante"},"content":{"rendered":"<p>Abraza la felicidad con cada paso con las pantuflas Red Smiley Face \u2013 Malla antideslizante<\/p>\n<p>Prep\u00e1rese para entrar en un mundo de comodidad, estilo y pura alegr\u00eda con nuestras pantuflas Red Smiley Face \u2013 Mesh Non-Slip. Estas vibrantes pantuflas est\u00e1n dise\u00f1adas para darle un toque de color y una dosis de positividad a su vida cotidiana, al mismo tiempo que brindan comodidad y soporte inigualables. Con su divertido dise\u00f1o de carita sonriente, tela de malla transpirable y suelas antideslizantes, estas pantuflas son la opci\u00f3n perfecta para cualquiera que busque abrazar la felicidad y la comodidad en cada paso.<\/p>\n<p>Nuestras pantuflas con cara sonriente roja presentan un dise\u00f1o llamativo y audaz que muestra la ic\u00f3nica cara sonriente en un tono rojo vibrante. Este alegre emblema de felicidad se destaca sobre la tela de malla ligera y transpirable, creando una pantufla que combina estilo y funcionalidad sin esfuerzo. El material de malla permite una excelente circulaci\u00f3n del aire, lo que garantiza que sus pies se mantengan frescos, secos y c\u00f3modos durante todo el d\u00eda, incluso durante los meses m\u00e1s c\u00e1lidos. D\u00edgale adi\u00f3s a los pies sudorosos e inc\u00f3modos y hola a la comodidad refrescante y aireada de nuestras pantuflas con cara sonriente roja.<\/p>\n<p>Pero estas pantuflas ofrecen m\u00e1s que solo transpirabilidad; tambi\u00e9n brindan un soporte y estabilidad excepcionales, gracias a sus suelas antideslizantes. Fabricadas con un material de goma texturizado y duradero, las suelas de nuestras pantuflas Smiley Face ofrecen una excelente tracci\u00f3n en una variedad de superficies, lo que le permite moverse durante el d\u00eda con confianza y facilidad. Ya sea que est\u00e9 caminando sobre pisos de madera, baldosas o alfombras, estas pantuflas lo mantendr\u00e1n firme sobre sus pies, minimizando el riesgo de resbalones y ca\u00eddas. Con las pantuflas Smiley Face rojas - Malla antideslizante, puede disfrutar de la combinaci\u00f3n perfecta de comodidad, seguridad y estilo.<\/p>\n<p>Al calzarte estas encantadoras pantuflas, sentir\u00e1s al instante la diferencia en tu estado de \u00e1nimo y en tu bienestar general. La plantilla suave y acolchada acuna suavemente tus pies, proporcionando un amplio soporte y reduciendo los puntos de presi\u00f3n, mientras que la tela de malla transpirable mantiene tus pies frescos y c\u00f3modos. El divertido dise\u00f1o de carita sonriente sirve como un recordatorio constante para afrontar la vida con una actitud positiva, dibujando una sonrisa en tu rostro con cada mirada a tus pies. Ya sea que est\u00e9s relaj\u00e1ndote en casa, haciendo recados o simplemente disfrutando de un d\u00eda informal al aire libre, nuestras pantuflas Red Smiley Face \u2013 Mesh Non-Slip son las compa\u00f1eras perfectas para ayudarte a abrazar la felicidad y la comodidad en cada paso.<\/p>\n<p>Pero no se f\u00ede solo de nuestras palabras; vea lo que nuestros entusiasmados clientes tienen para decir sobre su experiencia con estas pantuflas. Olivia de Boston exclama: \u201c\u00a1Me encantan mis pantuflas Red Smiley Face! Son muy c\u00f3modas y las suelas antideslizantes me dan la confianza para usarlas en casa sin preocuparme por resbalarme\u201d. Jason de San Francisco agrega: \u201cEstas pantuflas se han convertido en mi opci\u00f3n preferida tanto por su comodidad como por su estilo. La malla transpirable mantiene mis pies frescos y las caritas sonrientes siempre me hacen sonre\u00edr\u201d.<\/p>\n<p>En un mundo en el que la comodidad, el estilo y la felicidad suelen parecer un acto de equilibrio, nuestras pantuflas Red Smiley Face \u2013 Mesh Non-Slip ofrecen la soluci\u00f3n perfecta. Al mimar sus pies con la lujosa suavidad, soporte y transpirabilidad de estas pantuflas, est\u00e1 invirtiendo en su bienestar general y abrazando una vida llena de alegr\u00eda y positividad. Entonces, \u00bfpor qu\u00e9 esperar? D\u00e9jese llevar por la felicidad y la comodidad de nuestras pantuflas Red Smiley Face \u2013 Mesh Non-Slip hoy mismo y descubra la diferencia que una simple sonrisa puede hacer en su vida diaria.<\/p>\n<p>Abraza la felicidad, paso a paso, con las pantuflas Red Smiley Face \u2013 Mesh Non-Slip: la combinaci\u00f3n definitiva de comodidad, estilo y positividad. \u00a1Tus pies (y tu estado de \u00e1nimo) te lo agradecer\u00e1n!<\/p>","protected":false},"excerpt":{"rendered":"<p>Embrace Happiness with Every Step in Red Smiley Face Slippers &#8211; Mesh Non-Slip Get ready to step into a world of comfort, style, and pure joy with our Red Smiley Face Slippers &#8211; Mesh Non-Slip. These vibrant slippers are designed to bring a pop of color and a dose of positivity to your everyday life [&#8230;]\n","protected":false},"featured_media":7533,"comment_status":"open","ping_status":"closed","template":"","meta":[],"product_brand":[],"product_cat":[127,87,55,56],"product_tag":[91],"class_list":{"0":"post-7537","1":"product","2":"type-product","3":"status-publish","4":"has-post-thumbnail","6":"product_cat-smiley-face-slippers","7":"product_cat-bubble-slides-bathroom-non-slip-series","8":"product_cat-flip-flops-slides-for-women","9":"product_cat-flip-flops-slides-for-men","10":"product_tag-smiley-face-slippers","12":"first","13":"instock","14":"sale","15":"shipping-taxable","16":"purchasable","17":"product-type-variable","18":"has-default-attributes"},"_links":{"self":[{"href":"https:\/\/bubbleslides.us\/es\/wp-json\/wp\/v2\/product\/7537","targetHints":{"allow":["GET"]}}],"collection":[{"href":"https:\/\/bubbleslides.us\/es\/wp-json\/wp\/v2\/product"}],"about":[{"href":"https:\/\/bubbleslides.us\/es\/wp-json\/wp\/v2\/types\/product"}],"replies":[{"embeddable":true,"href":"https:\/\/bubbleslides.us\/es\/wp-json\/wp\/v2\/comments?post=7537"}],"wp:featuredmedia":[{"embeddable":true,"href":"https:\/\/bubbleslides.us\/es\/wp-json\/wp\/v2\/media\/7533"}],"wp:attachment":[{"href":"https:\/\/bubbleslides.us\/es\/wp-json\/wp\/v2\/media?parent=7537"}],"wp:term":[{"taxonomy":"product_brand","embeddable":true,"href":"https:\/\/bubbleslides.us\/es\/wp-json\/wp\/v2\/product_brand?post=7537"},{"taxonomy":"product_cat","embeddable":true,"href":"https:\/\/bubbleslides.us\/es\/wp-json\/wp\/v2\/product_cat?post=7537"},{"taxonomy":"product_tag","embeddable":true,"href":"https:\/\/bubbleslides.us\/es\/wp-json\/wp\/v2\/product_tag?post=7537"}],"curies":[{"name":"wp","href":"https:\/\/api.w.org\/{rel}","templated":true}]}}