{"id":7470,"date":"2023-08-16T12:23:23","date_gmt":"2023-08-16T12:23:23","guid":{"rendered":"https:\/\/bubbleslides.us\/?post_type=product&#038;p=7470"},"modified":"2025-10-07T03:01:26","modified_gmt":"2025-10-07T03:01:26","slug":"bubble-slides-antideslizante-para-bano-edicion-negra","status":"publish","type":"product","link":"https:\/\/bubbleslides.us\/es\/bubble-slides-antideslizante-para-bano-edicion-negra\/","title":{"rendered":"Bubble Slides Ba\u00f1o Antideslizante Edici\u00f3n Negra"},"content":{"rendered":"<h5>Bubble Slides \u2013 Una experiencia celestial para tus pies<\/h5>\n<p>Mant\u00e9ngase seguro en cualquier superficie con la edici\u00f3n negra antideslizante para ba\u00f1o<\/p>\n<p>Aseg\u00farese de caminar con seguridad dondequiera que haya agua con las sandalias antideslizantes para ba\u00f1o Bubble Slides, edici\u00f3n negra. Estas sandalias vers\u00e1tiles, confeccionadas con espuma EVA liviana y una suela exterior texturizada, hacen que la hora del ba\u00f1o y m\u00e1s sea una experiencia relajante y segura.<\/p>\n<p>Un tono de medianoche estilizado anuncia una sofisticaci\u00f3n elegante sin perder un toque elegante y discreto. En el interior, un lujoso forro de sat\u00e9n envuelve los pies con una suavidad envolvente dise\u00f1ada para una comodidad total.<\/p>\n<p>Una correa el\u00e1stica sujeta cada pie de forma segura y flexible. Los estabilizadores del tal\u00f3n inclinados complementan el excelente soporte del arco que surge de la amortiguaci\u00f3n de doble densidad. Los impactos se absorben suavemente para proteger los pies cansados.<\/p>\n<p>Los puntos de goma triangulares que refuerzan el pie cubren toda la suela exterior para ofrecer una estabilidad sin precedentes en superficies mojadas. La diversi\u00f3n en la ducha, la ba\u00f1era y las inundaciones se mantiene libre de estr\u00e9s gracias a los canales profundos que expulsan el agua r\u00e1pidamente. Las propiedades antideslizantes tambi\u00e9n son excelentes en superficies secas, como pisos de baldosas o de madera.<\/p>\n<p>Las perforaciones m\u00e1ximas dentro del material transpirable y c\u00f3modo mantienen los pies frescos y secos incluso durante escapadas con agua o sesiones de mucho calor. Un perfil de punta abierta permite una ventilaci\u00f3n ligera para absorber la humedad. Las suelas exteriores con tracci\u00f3n texturizada brindan agarre en cualquier superficie, h\u00fameda o seca.<\/p>\n<p>Celebridades y millones de personas elogian a Bubble Slides por su amortiguaci\u00f3n indulgente y su soporte confiable en cualquier condici\u00f3n. Ahora, Bathroom Non-Slip Black Edition mejora la seguridad en la ducha, la ba\u00f1era y m\u00e1s all\u00e1 con la codiciada comodidad en un ambiente preparado para la lluvia.<\/p>\n<p>Disfrute de una estabilidad confiable y un lujo sin preocupaciones dondequiera que lo gu\u00eden las aventuras en la lluvia. El agarre sofisticado brinda seguridad y relajaci\u00f3n en cada paso del camino.<\/p>","protected":false},"excerpt":{"rendered":"<p>Bubble Slides &#8211; A Heavenly Experience for Your Feet Keep Secure on Any Surface with the Bathroom Non-Slip Black Edition Ensure safe steps wherever water abounds with the non-slip Bubble Slides Bathroom Non-Slip Black Edition. Crafted from lightweight EVA foam coupled with a textured outsole grip, these versatile slides make bath time and beyond securely [&#8230;]\n","protected":false},"featured_media":7473,"comment_status":"open","ping_status":"closed","template":"","meta":[],"product_brand":[],"product_cat":[62,87],"product_tag":[84],"class_list":{"0":"post-7470","1":"product","2":"type-product","3":"status-publish","4":"has-post-thumbnail","6":"product_cat-black-bubble-slides","7":"product_cat-bubble-slides-bathroom-non-slip-series","8":"product_tag-bubble-slides","10":"first","11":"instock","12":"sale","13":"shipping-taxable","14":"purchasable","15":"product-type-variable","16":"has-default-attributes"},"_links":{"self":[{"href":"https:\/\/bubbleslides.us\/es\/wp-json\/wp\/v2\/product\/7470","targetHints":{"allow":["GET"]}}],"collection":[{"href":"https:\/\/bubbleslides.us\/es\/wp-json\/wp\/v2\/product"}],"about":[{"href":"https:\/\/bubbleslides.us\/es\/wp-json\/wp\/v2\/types\/product"}],"replies":[{"embeddable":true,"href":"https:\/\/bubbleslides.us\/es\/wp-json\/wp\/v2\/comments?post=7470"}],"wp:featuredmedia":[{"embeddable":true,"href":"https:\/\/bubbleslides.us\/es\/wp-json\/wp\/v2\/media\/7473"}],"wp:attachment":[{"href":"https:\/\/bubbleslides.us\/es\/wp-json\/wp\/v2\/media?parent=7470"}],"wp:term":[{"taxonomy":"product_brand","embeddable":true,"href":"https:\/\/bubbleslides.us\/es\/wp-json\/wp\/v2\/product_brand?post=7470"},{"taxonomy":"product_cat","embeddable":true,"href":"https:\/\/bubbleslides.us\/es\/wp-json\/wp\/v2\/product_cat?post=7470"},{"taxonomy":"product_tag","embeddable":true,"href":"https:\/\/bubbleslides.us\/es\/wp-json\/wp\/v2\/product_tag?post=7470"}],"curies":[{"name":"wp","href":"https:\/\/api.w.org\/{rel}","templated":true}]}}