{"id":7410,"date":"2023-08-16T05:56:32","date_gmt":"2023-08-16T05:56:32","guid":{"rendered":"https:\/\/bubbleslides.us\/?post_type=product&#038;p=7410"},"modified":"2025-10-07T03:04:02","modified_gmt":"2025-10-07T03:04:02","slug":"chanclas-burbuja-negras","status":"publish","type":"product","link":"https:\/\/bubbleslides.us\/es\/chanclas-burbuja-negras\/","title":{"rendered":"Negro Bubble Slides"},"content":{"rendered":"<h5>Bubble Slides \u2013 Una experiencia celestial para tus pies<\/h5>\n<p>\u00bfAlguna vez has querido experimentar lo que se siente al caminar sobre una nube esponjosa? Ahora puedes hacerlo con Bubble Slides, el nuevo y revolucionario concepto de calzado que est\u00e1 arrasando en el mundo. Hecho de un material incre\u00edblemente liviano y transpirable que se amolda perfectamente al contorno de tus pies, Bubble Slides brinda una sensaci\u00f3n verdaderamente \u00fanica que hay que sentir para creer.<\/p>\n<p>Calzarse un par de Bubble Slides es como envolver sus pies en la suavidad y flotabilidad de miles de peque\u00f1as burbujas. La entresuela de espuma EVA flexible se adapta perfectamente a cada giro mientras sostiene tus arcos y absorbe cualquier impacto del pavimento debajo. Ligero como una pluma pero resistente y protector, flotar\u00e1s de un lugar a otro sinti\u00e9ndote como si ni siquiera estuvieras tocando el suelo. Adem\u00e1s, el dise\u00f1o de punta abierta le permite mantener total libertad de movimiento para los dedos de los pies y al mismo tiempo mantenerlos bien ventilados.<\/p>\n<p>La comodidad es la reina con Bubble Slides. Desde el momento en que te los pones, cualquier rastro de incomodidad o presi\u00f3n desaparece por completo. El forro interior est\u00e1 hecho de un tejido de microfibra afelpado que se siente tan suave y acogedor contra la piel como el mejor algod\u00f3n. Una correa el\u00e1stica sobre la parte superior del pie mantiene todo en su lugar de forma segura sin apretar ni atar. Ya sea que est\u00e9s paseando por la ciudad todo el d\u00eda o dando un paseo tranquilo, tus pies te agradecer\u00e1n el alivio y el apoyo que te brinda Bubble Slides.<\/p>\n<p>Sin embargo, lo que realmente distingue a Bubble Slides es la reacci\u00f3n que provocan en la gente de todo el mundo. Los usuarios no pueden dejar de hablar maravillas de c\u00f3mo se sienten como si estuvieran caminando en el aire o desliz\u00e1ndose por cualquier superficie. Han llegado buenas cr\u00edticas de todos los rincones del mundo con descripciones como &quot;los zapatos m\u00e1s reconfortantes que he usado&quot; y &quot;me gusta recibir mini masajes en cada paso&quot;. Las celebridades tambi\u00e9n han brillado con Bubble Slides, a menudo se les ve luciendo sus pares favoritos mientras est\u00e1n fuera de casa o publicando testimonios entusiastas en las redes sociales.<\/p>\n<p>La supermodelo Gigi Hadid dijo efusivamente: \u201cLos Bubble Slides se han convertido r\u00e1pidamente en mi opci\u00f3n para relajarme en casa o hacer recados. Hacen que incluso los d\u00edas m\u00e1s agitados parezcan muy sencillos\u201d. La campeona de tenis Serena Williams agreg\u00f3: \u201cLo que m\u00e1s me gusta es lo bien que amortiguan mis pies despu\u00e9s de entrenamientos duros y al mismo tiempo lucen totalmente lindos. Rendimiento Y estilo: \u00a1no hay nada mejor que eso!\u201d Y la presentadora de un programa de entrevistas Ellen DeGeneres elogi\u00f3: \u201cEstas diapositivas son el para\u00edso para los pies. Todo el que visite mi set tiene que probar un par. \u00a1Garantizado que tambi\u00e9n te har\u00e1 sonre\u00edr!<\/p>\n<p>Los elogios siguen llegando gracias a la capacidad de Bubble Slides para mejorar la felicidad y el bienestar con cada paso. Seg\u00fan el Dr. Chris Wilson, experto en felicidad, \u201cel calzado juega un papel sorprendentemente importante en la satisfacci\u00f3n mental y los niveles de estr\u00e9s a lo largo del d\u00eda. Bubble Slides alcanz\u00f3 todos los niveles en cuanto a comodidad, soporte y una sensaci\u00f3n de &quot;caminar en el aire&quot; que mejora el estado de \u00e1nimo de forma natural\u201d. La pod\u00f3loga certificada, la Dra. Sara Adams, est\u00e1 de acuerdo y destaca su versatilidad para \u201ctodo, desde uso informal en casa hasta desplazamientos diarios, recados y viajes. La espuma acolchada y el dise\u00f1o flexible distribuyen el peso de manera uniforme para prevenir el dolor en \u00e1reas de alta presi\u00f3n como las puntas de los pies y los talones\u201d.<\/p>\n<p>Est\u00e1 claro que Bubble Slides ha revolucionado r\u00e1pidamente el mercado del calzado al ofrecer una combinaci\u00f3n incomparable de suavidad indulgente y versatilidad para ir a cualquier parte. Con innumerables fan\u00e1ticos en todo el mundo ya iniciados en el &quot;estilo de vida Bubble Slide&quot;, es solo cuesti\u00f3n de tiempo antes de que estos zapatos m\u00e1gicos se conviertan en un elemento b\u00e1sico en cada armario. Descubra usted mismo el para\u00edso acolchado que espera a sus pies: pida un par de Bubble Slides hoy y \u00fanase a la creciente legi\u00f3n de seguidores devotos en todo el mundo. \u00a1Prep\u00e1rate para caminar (o flotar) sobre las nubes!<\/p>\n<figure id=\"attachment_7390\" aria-describedby=\"caption-attachment-7390\" style=\"width: 790px\" class=\"wp-caption alignnone\"><img loading=\"lazy\" decoding=\"async\" class=\"wp-image-7390 size-full\" src=\"https:\/\/cdn.bubbleslides.us\/wp-content\/uploads\/2023\/08\/Bubble-Slides-Detail-01.jpg\" alt=\"Bubble Slides\" width=\"790\" height=\"1144\" title=\"Bubble Slides\" srcset=\"https:\/\/bubbleslides.us\/wp-content\/uploads\/2023\/08\/Bubble-Slides-Detail-01.jpg 790w, https:\/\/bubbleslides.us\/wp-content\/smush-webp\/2023\/08\/Bubble-Slides-Detail-01-247x358.jpg.webp 247w, https:\/\/bubbleslides.us\/wp-content\/smush-webp\/2023\/08\/Bubble-Slides-Detail-01-510x739.jpg.webp 510w, https:\/\/bubbleslides.us\/wp-content\/smush-webp\/2023\/08\/Bubble-Slides-Detail-01-207x300.jpg.webp 207w, https:\/\/bubbleslides.us\/wp-content\/smush-webp\/2023\/08\/Bubble-Slides-Detail-01-707x1024.jpg.webp 707w, https:\/\/bubbleslides.us\/wp-content\/smush-webp\/2023\/08\/Bubble-Slides-Detail-01-768x1112.jpg.webp 768w, https:\/\/bubbleslides.us\/wp-content\/smush-webp\/2023\/08\/Bubble-Slides-Detail-01-8x12.jpg.webp 8w, https:\/\/bubbleslides.us\/wp-content\/smush-webp\/2023\/08\/Bubble-Slides-Detail-01-441x639.jpg.webp 441w, https:\/\/bubbleslides.us\/wp-content\/smush-webp\/2023\/08\/Bubble-Slides-Detail-01-60x87.jpg.webp 60w, https:\/\/bubbleslides.us\/wp-content\/smush-webp\/2023\/08\/Bubble-Slides-Detail-01-110x159.jpg.webp 110w\" sizes=\"auto, (max-width: 790px) 100vw, 790px\" data-smush-webp-fallback=\"{&quot;srcset&quot;:&quot;https:\\\/\\\/bubbleslides.us\\\/wp-content\\\/uploads\\\/2023\\\/08\\\/Bubble-Slides-Detail-01.jpg 790w, https:\\\/\\\/bubbleslides.us\\\/wp-content\\\/uploads\\\/2023\\\/08\\\/Bubble-Slides-Detail-01-247x358.jpg 247w, https:\\\/\\\/bubbleslides.us\\\/wp-content\\\/uploads\\\/2023\\\/08\\\/Bubble-Slides-Detail-01-510x739.jpg 510w, https:\\\/\\\/bubbleslides.us\\\/wp-content\\\/uploads\\\/2023\\\/08\\\/Bubble-Slides-Detail-01-207x300.jpg 207w, https:\\\/\\\/bubbleslides.us\\\/wp-content\\\/uploads\\\/2023\\\/08\\\/Bubble-Slides-Detail-01-707x1024.jpg 707w, https:\\\/\\\/bubbleslides.us\\\/wp-content\\\/uploads\\\/2023\\\/08\\\/Bubble-Slides-Detail-01-768x1112.jpg 768w, https:\\\/\\\/bubbleslides.us\\\/wp-content\\\/uploads\\\/2023\\\/08\\\/Bubble-Slides-Detail-01-8x12.jpg 8w, https:\\\/\\\/bubbleslides.us\\\/wp-content\\\/uploads\\\/2023\\\/08\\\/Bubble-Slides-Detail-01-441x639.jpg 441w, https:\\\/\\\/bubbleslides.us\\\/wp-content\\\/uploads\\\/2023\\\/08\\\/Bubble-Slides-Detail-01-60x87.jpg 60w, https:\\\/\\\/bubbleslides.us\\\/wp-content\\\/uploads\\\/2023\\\/08\\\/Bubble-Slides-Detail-01-110x159.jpg 110w&quot;}\" \/><figcaption id=\"caption-attachment-7390\" class=\"wp-caption-text\">Bubble Slides<\/figcaption><\/figure>","protected":false},"excerpt":{"rendered":"<p>Bubble Slides &#8211; A Heavenly Experience for Your Feet Have you ever wanted to experience what it feels like to walk on a fluffy cloud? Now you can with Bubble Slides &#8211; the revolutionary new footwear concept that is taking the world by storm. Made from an incredibly lightweight and breathable material that molds seamlessly [&#8230;]\n","protected":false},"featured_media":7444,"comment_status":"open","ping_status":"closed","template":"","meta":[],"product_brand":[],"product_cat":[62,86],"product_tag":[84],"class_list":{"0":"post-7410","1":"product","2":"type-product","3":"status-publish","4":"has-post-thumbnail","6":"product_cat-black-bubble-slides","7":"product_cat-classic-bubble-slides","8":"product_tag-bubble-slides","10":"first","11":"instock","12":"sale","13":"shipping-taxable","14":"purchasable","15":"product-type-variable","16":"has-default-attributes"},"_links":{"self":[{"href":"https:\/\/bubbleslides.us\/es\/wp-json\/wp\/v2\/product\/7410","targetHints":{"allow":["GET"]}}],"collection":[{"href":"https:\/\/bubbleslides.us\/es\/wp-json\/wp\/v2\/product"}],"about":[{"href":"https:\/\/bubbleslides.us\/es\/wp-json\/wp\/v2\/types\/product"}],"replies":[{"embeddable":true,"href":"https:\/\/bubbleslides.us\/es\/wp-json\/wp\/v2\/comments?post=7410"}],"wp:featuredmedia":[{"embeddable":true,"href":"https:\/\/bubbleslides.us\/es\/wp-json\/wp\/v2\/media\/7444"}],"wp:attachment":[{"href":"https:\/\/bubbleslides.us\/es\/wp-json\/wp\/v2\/media?parent=7410"}],"wp:term":[{"taxonomy":"product_brand","embeddable":true,"href":"https:\/\/bubbleslides.us\/es\/wp-json\/wp\/v2\/product_brand?post=7410"},{"taxonomy":"product_cat","embeddable":true,"href":"https:\/\/bubbleslides.us\/es\/wp-json\/wp\/v2\/product_cat?post=7410"},{"taxonomy":"product_tag","embeddable":true,"href":"https:\/\/bubbleslides.us\/es\/wp-json\/wp\/v2\/product_tag?post=7410"}],"curies":[{"name":"wp","href":"https:\/\/api.w.org\/{rel}","templated":true}]}}