{"id":7260,"date":"2023-08-12T12:11:16","date_gmt":"2023-08-12T12:11:16","guid":{"rendered":"https:\/\/bubbleslides.us\/?page_id=7260"},"modified":"2023-08-12T12:11:16","modified_gmt":"2023-08-12T12:11:16","slug":"politica-de-reembolso-devolucion","status":"publish","type":"page","link":"https:\/\/bubbleslides.us\/es\/politica-de-reembolso-devolucion\/","title":{"rendered":"Pol\u00edtica de devoluci\u00f3n y reembolso"},"content":{"rendered":"<p>Bubbleslides tiene una pol\u00edtica de devoluci\u00f3n de 30 d\u00edas, lo que significa que tienes 30 d\u00edas despu\u00e9s de recibir tu art\u00edculo para solicitar una devoluci\u00f3n.<\/p>\n<p>Para ser elegible para una devoluci\u00f3n, su art\u00edculo debe estar en las mismas condiciones en que lo recibi\u00f3, sin usar o sin usar, con etiquetas y en su embalaje original. Tambi\u00e9n necesitar\u00e1s el recibo o comprobante de compra.<\/p>\n<p>Para iniciar una devoluci\u00f3n, puede contactarnos en <a href=\"mailto:service@bubbleslides.us\">service@bubbleslides.us<\/a>. Si se acepta su devoluci\u00f3n, le enviaremos una etiqueta de env\u00edo de devoluci\u00f3n, as\u00ed como instrucciones sobre c\u00f3mo y d\u00f3nde enviar su paquete. No se aceptar\u00e1n los art\u00edculos que nos devuelvan sin solicitar primero una devoluci\u00f3n.<\/p>\n<p>Siempre puedes contactarnos para cualquier pregunta sobre devoluci\u00f3n en\u00a0<a href=\"mailto:service@bubbleslides.us\">service@bubbleslides.us<\/a><\/p>\n<p><strong>Da\u00f1os y problemas<\/strong><br \/>\nInspeccione su pedido al recibirlo y cont\u00e1ctenos de inmediato si el art\u00edculo est\u00e1 defectuoso, da\u00f1ado o si recibe el art\u00edculo incorrecto, para que podamos evaluar el problema y solucionarlo.<\/p>\n<p><strong>Excepciones \/ art\u00edculos no retornables<\/strong><br \/>\nCiertos tipos de art\u00edculos no se pueden devolver, como productos perecederos (como alimentos, flores o plantas), productos personalizados (como pedidos especiales o art\u00edculos personalizados) y art\u00edculos de cuidado personal (como productos de belleza). Tampoco aceptamos devoluciones de materiales peligrosos, l\u00edquidos o gases inflamables. P\u00f3ngase en contacto si tiene preguntas o inquietudes sobre su art\u00edculo espec\u00edfico.<\/p>\n<p>Lamentablemente, no podemos aceptar devoluciones de art\u00edculos en oferta o tarjetas de regalo.<\/p>\n<p><strong>Intercambios<\/strong><br \/>\nLa forma m\u00e1s r\u00e1pida de asegurarse de obtener lo que desea es devolver el art\u00edculo que tiene y, una vez aceptada la devoluci\u00f3n, realizar una compra por separado para el art\u00edculo nuevo.<\/p>\n<p><strong>Reembolsos<\/strong><br \/>\nLe notificaremos una vez que hayamos recibido e inspeccionado su devoluci\u00f3n y le informaremos si el reembolso fue aprobado o no. Si se aprueba, recibir\u00e1 la direcci\u00f3n del remitente y se le reembolsar\u00e1 autom\u00e1ticamente en su m\u00e9todo de pago original una vez que recibamos el art\u00edculo devuelto. Recuerde que su banco o compa\u00f1\u00eda de tarjeta de cr\u00e9dito puede tardar alg\u00fan tiempo en procesar y publicar el reembolso tambi\u00e9n.<\/p>","protected":false},"excerpt":{"rendered":"<p>Bubbleslides have a 30-day\u00a0return policy, which means you have 30 days after receiving your item to request a return. To be eligible for a return, your item must be in the same condition that you received it, unworn or unused, with tags, and in its original packaging. You\u2019ll also need the receipt or proof of [&#8230;]\n","protected":false},"author":1,"featured_media":0,"parent":0,"menu_order":0,"comment_status":"closed","ping_status":"closed","template":"","meta":{"footnotes":""},"class_list":["post-7260","page","type-page","status-publish","hentry"],"_links":{"self":[{"href":"https:\/\/bubbleslides.us\/es\/wp-json\/wp\/v2\/pages\/7260","targetHints":{"allow":["GET"]}}],"collection":[{"href":"https:\/\/bubbleslides.us\/es\/wp-json\/wp\/v2\/pages"}],"about":[{"href":"https:\/\/bubbleslides.us\/es\/wp-json\/wp\/v2\/types\/page"}],"author":[{"embeddable":true,"href":"https:\/\/bubbleslides.us\/es\/wp-json\/wp\/v2\/users\/1"}],"replies":[{"embeddable":true,"href":"https:\/\/bubbleslides.us\/es\/wp-json\/wp\/v2\/comments?post=7260"}],"version-history":[{"count":0,"href":"https:\/\/bubbleslides.us\/es\/wp-json\/wp\/v2\/pages\/7260\/revisions"}],"wp:attachment":[{"href":"https:\/\/bubbleslides.us\/es\/wp-json\/wp\/v2\/media?parent=7260"}],"curies":[{"name":"wp","href":"https:\/\/api.w.org\/{rel}","templated":true}]}}