{"id":7258,"date":"2023-08-12T12:09:35","date_gmt":"2023-08-12T12:09:35","guid":{"rendered":"https:\/\/bubbleslides.us\/?page_id=7258"},"modified":"2023-08-16T23:24:37","modified_gmt":"2023-08-16T23:24:37","slug":"envio-y-seguimiento","status":"publish","type":"page","link":"https:\/\/bubbleslides.us\/es\/envio-y-seguimiento\/","title":{"rendered":"Env\u00edo y seguimiento"},"content":{"rendered":"<h4 class=\"wp-block-heading\">\u00a0<\/h4>\r\n\r\n\r\n\r\n<p><em>Actualizado el 12 de agosto de 2023<\/em> En\u00a0<strong><a href=\"https:\/\/bubbleslides.us\/es\/\" target=\"_blank\" rel=\"noreferrer noopener\" data-type=\"URL\" data-id=\"https:\/\/fandomgears.com\/\">Toboganes de burbujas<\/a><\/strong>, siempre estamos evaluando c\u00f3mo optimizar nuestras operaciones para satisfacer las expectativas de nuestros clientes.<\/p>\r\n<p>&nbsp;<\/p>\r\n<p>&nbsp;<\/p>\r\n<h4>C\u00f3mo puedo hacer un seguimiento de mi pedido<\/h4>\r\n<p class=\"wp-block-heading\"><em>Por favor visite <a href=\"https:\/\/724track.com\" target=\"_blank\" rel=\"noopener\"><strong>724track.com<\/strong> <\/a>e ingrese su n\u00famero de seguimiento (YT*******), podr\u00e1 obtener el estado de su paquete.<\/em><\/p>\r\n\r\n\r\n\r\n<h4 class=\"wp-block-heading\">Gastos de env\u00edo<\/h4>\r\n\r\n\r\n\r\n<p>Si el pedido es menor que\u00a0<strong>$15<\/strong>, una tarifa de env\u00edo de\u00a0<strong>$4.95<\/strong>\u00a0se cobrar\u00e1. Encima\u00a0<strong>$15<\/strong>,\u00a0<strong>env\u00edo gratis<\/strong> ser\u00e1 disfrutado<\/p>\r\n\r\n\r\n\r\n\r\n\r\n\r\n\r\n<h4 class=\"wp-block-heading\">Horario de embarque<\/h4>\r\n\r\n\r\n\r\n<p>Habr\u00e1 un correo electr\u00f3nico de alerta en su buz\u00f3n una vez que se entregue el paquete. El n\u00famero de seguimiento en el interior rastrea el estado oportuno del paquete. En la mayor\u00eda de los pa\u00edses o su ubicaci\u00f3n, normalmente tomar\u00e1\u00a0<strong>7<\/strong><strong> a 15<\/strong>\u00a0D\u00edas naturales para que llegue el paquete.<\/p>\r\n\r\n\r\n\r\n<figure class=\"wp-block-table\">\r\n<table>\r\n<tbody>\r\n<tr>\r\n<th>Pa\u00eds<\/th>\r\n<th>\u00a0Tiempo estimado de entrega<\/th>\r\n<\/tr>\r\n<tr>\r\n<td>Estados Unidos<\/td>\r\n<td>7-15 d\u00edas h\u00e1biles<\/td>\r\n<\/tr>\r\n<tr>\r\n<td>Canad\u00e1<\/td>\r\n<td>7-15 d\u00edas h\u00e1biles<\/td>\r\n<\/tr>\r\n<tr>\r\n<td>Australia<\/td>\r\n<td>8-15 d\u00edas h\u00e1biles<\/td>\r\n<\/tr>\r\n<tr>\r\n<td>Reino Unido<\/td>\r\n<td>7-15 d\u00edas h\u00e1biles<\/td>\r\n<\/tr>\r\n<tr>\r\n<td>Francia<\/td>\r\n<td>7-15 d\u00edas h\u00e1biles<\/td>\r\n<\/tr>\r\n<tr>\r\n<td>Alemania<\/td>\r\n<td>7-15 d\u00edas h\u00e1biles<\/td>\r\n<\/tr>\r\n<tr>\r\n<td>Italia<\/td>\r\n<td>7-15 d\u00edas h\u00e1biles<\/td>\r\n<\/tr>\r\n<tr>\r\n<td>Espa\u00f1a<\/td>\r\n<td>7-15 d\u00edas h\u00e1biles<\/td>\r\n<\/tr>\r\n<tr>\r\n<td>Pa\u00edses Bajos<\/td>\r\n<td>7-15 d\u00edas h\u00e1biles<\/td>\r\n<\/tr>\r\n<tr>\r\n<td>B\u00e9lgica<\/td>\r\n<td>7-15 d\u00edas h\u00e1biles<\/td>\r\n<\/tr>\r\n<tr>\r\n<td>Luxemburgo<\/td>\r\n<td>7-15 d\u00edas h\u00e1biles<\/td>\r\n<\/tr>\r\n<tr>\r\n<td>Irlanda<\/td>\r\n<td>7-15 d\u00edas h\u00e1biles<\/td>\r\n<\/tr>\r\n<tr>\r\n<td>Bulgaria<\/td>\r\n<td>7-15 d\u00edas h\u00e1biles<\/td>\r\n<\/tr>\r\n<tr>\r\n<td>Croacia<\/td>\r\n<td>7-15 d\u00edas h\u00e1biles<\/td>\r\n<\/tr>\r\n<tr>\r\n<td>Rep\u00fablica Checa<\/td>\r\n<td>7-15 d\u00edas h\u00e1biles<\/td>\r\n<\/tr>\r\n<tr>\r\n<td>Estonia<\/td>\r\n<td>7-15 d\u00edas h\u00e1biles<\/td>\r\n<\/tr>\r\n<tr>\r\n<td>Finlandia<\/td>\r\n<td>7-15 d\u00edas h\u00e1biles<\/td>\r\n<\/tr>\r\n<tr>\r\n<td>Hungr\u00eda<\/td>\r\n<td>7-15 d\u00edas h\u00e1biles<\/td>\r\n<\/tr>\r\n<tr>\r\n<td>Letonia<\/td>\r\n<td>7-15 d\u00edas h\u00e1biles<\/td>\r\n<\/tr>\r\n<tr>\r\n<td>Lituania<\/td>\r\n<td>7-15 d\u00edas h\u00e1biles<\/td>\r\n<\/tr>\r\n<tr>\r\n<td>Polonia<\/td>\r\n<td>7-15 d\u00edas h\u00e1biles<\/td>\r\n<\/tr>\r\n<tr>\r\n<td>Portugal<\/td>\r\n<td>7-15 d\u00edas h\u00e1biles<\/td>\r\n<\/tr>\r\n<tr>\r\n<td>Rumania<\/td>\r\n<td>7-15 d\u00edas h\u00e1biles<\/td>\r\n<\/tr>\r\n<tr>\r\n<td>Eslovaquia<\/td>\r\n<td>7-15 d\u00edas h\u00e1biles<\/td>\r\n<\/tr>\r\n<tr>\r\n<td>Eslovenia<\/td>\r\n<td>7-15 d\u00edas h\u00e1biles<\/td>\r\n<\/tr>\r\n<tr>\r\n<td>Suecia<\/td>\r\n<td>7-15 d\u00edas h\u00e1biles<\/td>\r\n<\/tr>\r\n<tr>\r\n<td>Austria<\/td>\r\n<td>7-15 d\u00edas h\u00e1biles<\/td>\r\n<\/tr>\r\n<tr>\r\n<td>Dinamarca<\/td>\r\n<td>7-15 d\u00edas h\u00e1biles<\/td>\r\n<\/tr>\r\n<tr>\r\n<td>Grecia<\/td>\r\n<td>7-15 d\u00edas h\u00e1biles<\/td>\r\n<\/tr>\r\n<tr>\r\n<td>Noruega<\/td>\r\n<td>8-14 d\u00edas h\u00e1biles<\/td>\r\n<\/tr>\r\n<tr>\r\n<td>Israel<\/td>\r\n<td>7-15 d\u00edas h\u00e1biles<\/td>\r\n<\/tr>\r\n<tr>\r\n<td>Nueva Zelanda<\/td>\r\n<td>12-25 d\u00edas h\u00e1biles<\/td>\r\n<\/tr>\r\n<\/tbody>\r\n<\/table>\r\n<\/figure>","protected":false},"excerpt":{"rendered":"<p>\u00a0 Updated on\u00a0 Aug 12, 2023 At\u00a0Bubbleslides, we are always evaluating how to optimize our operations to meet our customers\u2019 expectations. &nbsp; &nbsp; How to Track my order Pls visit 724track.com and input your tracking number ( YT********) , you can get your package status. Shipping Fee If the oder is less than\u00a0$15, a shipping [&#8230;]\n","protected":false},"author":1,"featured_media":0,"parent":0,"menu_order":0,"comment_status":"closed","ping_status":"closed","template":"","meta":{"footnotes":""},"class_list":["post-7258","page","type-page","status-publish","hentry"],"_links":{"self":[{"href":"https:\/\/bubbleslides.us\/es\/wp-json\/wp\/v2\/pages\/7258","targetHints":{"allow":["GET"]}}],"collection":[{"href":"https:\/\/bubbleslides.us\/es\/wp-json\/wp\/v2\/pages"}],"about":[{"href":"https:\/\/bubbleslides.us\/es\/wp-json\/wp\/v2\/types\/page"}],"author":[{"embeddable":true,"href":"https:\/\/bubbleslides.us\/es\/wp-json\/wp\/v2\/users\/1"}],"replies":[{"embeddable":true,"href":"https:\/\/bubbleslides.us\/es\/wp-json\/wp\/v2\/comments?post=7258"}],"version-history":[{"count":0,"href":"https:\/\/bubbleslides.us\/es\/wp-json\/wp\/v2\/pages\/7258\/revisions"}],"wp:attachment":[{"href":"https:\/\/bubbleslides.us\/es\/wp-json\/wp\/v2\/media?parent=7258"}],"curies":[{"name":"wp","href":"https:\/\/api.w.org\/{rel}","templated":true}]}}