{"id":1002,"date":"2018-07-09T11:19:52","date_gmt":"2018-07-09T11:19:52","guid":{"rendered":"http:\/\/shoptimizer.local\/?page_id=824"},"modified":"2023-08-14T00:41:19","modified_gmt":"2023-08-14T00:41:19","slug":"ayuda-al-cliente","status":"publish","type":"page","link":"https:\/\/bubbleslides.us\/es\/ayuda-al-cliente\/","title":{"rendered":"Ayuda al cliente"},"content":{"rendered":"<h1>Ayuda al cliente<\/h1>\n<h3>Nuestro equipo de felicidad siempre est\u00e1 aqu\u00ed para ayudar.<\/h3>\n<h6>Consultas habituales de compra respondidas<\/h6>\n<h2>Pedidos y env\u00edo<\/h2>\n<p>\t\t\t\t\t\t\t\t\t\t\t\t<a tabindex=\"0\">\u00bfCu\u00e1nto tiempo me toma recibir mi pedido?<\/a><\/p>\n<p>Consulte nuestro\u00a0<strong><a href=\"https:\/\/bubbleslides.us\/es\/envio-y-seguimiento\/\">Env\u00edo y seguimiento<\/a><\/strong><\/p>\n<p>\t\t\t\t\t\t\t\t\t\t\t\t<a tabindex=\"0\">\u00bfC\u00f3mo creo una cuenta?<\/a><br \/>\n\t\t\t\t\tPor favor ve a\u00a0<a href=\"https:\/\/bubbleslides.us\/es\/mi-cuenta\/\">https:\/\/bubbleslides.us\/my-account\/<\/a>\u00a0pagina para crear<br \/>\n\t\t\t\t\t\t\t\t\t\t\t\t<a tabindex=\"0\">\u00bfC\u00f3mo cambio mi direcci\u00f3n de env\u00edo?<\/a><\/p>\n<p>Por favor contactar\u00a0<strong><a href=\"mailto:service@bubbleslides.us\">service@bubbleslides.us<\/a><\/strong>\u00a0dentro de las 48 horas posteriores a la realizaci\u00f3n del pedido e indique el n\u00famero de pedido y la informaci\u00f3n de la nueva direcci\u00f3n. Si respondemos para confirmar, podemos enviar a la nueva direcci\u00f3n.<\/p>\n<p>\t\t\t\t\t\t\t\t\t\t\t\t<a tabindex=\"0\">\u00bfC\u00f3mo hago un seguimiento del estado de mi pedido?<\/a><\/p>\n<p>Generalmente puedes consultar en\u00a0<a href=\"https:\/\/724track.com\/\" target=\"_blank\" rel=\"noopener\">724track.com<\/a> Simplemente ingrese su n\u00famero de seguimiento, que generalmente comienza con YT<\/p>\n<p>\t\t\t\t\t\t\t\t\t\t\t\t<a tabindex=\"0\">\u00bfMantendr\u00e1n archivada la informaci\u00f3n de mi tarjeta de cr\u00e9dito?<\/a><\/p>\n<p>Por supuesto que no, aceptamos la supervisi\u00f3n de la Asociaci\u00f3n Global de la Industria de Pagos en L\u00ednea, proteger la privacidad de los clientes es nuestra responsabilidad muy importante, as\u00ed que tenga la seguridad de pagar.<\/p>\n<p>\t\t\t\t\t\t\t\t\t\t\t\t<a tabindex=\"0\">\u00bfDebo pagar impuestos sobre las ventas?<\/a><\/p>\n<p>No<\/p>\n<p>\t\t\t\t\t\t\t\t\t\t\t\t<a tabindex=\"0\">\u00bfHacen env\u00edos a mi pa\u00eds?<\/a><\/p>\n<p>Consulte nuestro\u00a0<strong><a href=\"https:\/\/bubbleslides.us\/es\/envio-y-seguimiento\/\">Env\u00edo y seguimiento<\/a><\/strong><\/p>\n<p>\t\t\t\t\t\t\t\t\t\t\t\t<a tabindex=\"0\">\u00bfMis art\u00edculos vendr\u00e1n en un solo paquete?<\/a><\/p>\n<p>A menos que existan circunstancias especiales, normalmente se enviar\u00e1 un paquete.<\/p>\n<h6>Si necesitas cambiar un art\u00edculo<\/h6>\n<h2>Devoluciones y cambios<\/h2>\n<p>\t\t\t\t\t\t\t\t\t\t\t\t<a tabindex=\"0\">\u00bfCu\u00e1l es su pol\u00edtica de devoluci\u00f3n?<\/a><\/p>\n<p>Consulte nuestro\u00a0<strong><a href=\"https:\/\/bubbleslides.us\/es\/politica-de-reembolso-devolucion\/\">Pol\u00edtica de devoluci\u00f3n y reembolso<\/a><\/strong><\/p>\n<p>\t\t\t\t\t\t\t\t\t\t\t\t<a tabindex=\"0\">Recib\u00ed el art\u00edculo equivocado<\/a><\/p>\n<p>Lamento que esto haya sucedido, tome una foto del producto equivocado y proporcione su n\u00famero de pedido, env\u00edelo a nuestro correo electr\u00f3nico de servicio al cliente y lo solucionaremos r\u00e1pidamente.<\/p>\n<p>\t\t\t\t\t\t\t\t\t\t\t\t<a tabindex=\"0\">Mi pedido llego da\u00f1ado<\/a><\/p>\n<p>Lamento que esto haya sucedido, tome una foto del paquete o de los productos da\u00f1ados y proporcione su n\u00famero de pedido, env\u00edelo a nuestro correo electr\u00f3nico de atenci\u00f3n al cliente y lo solucionaremos r\u00e1pidamente.<\/p>\n<p>\t\t\t\t\t\t\t\t\t\t\t\t<a tabindex=\"0\">\u00bfD\u00f3nde debo enviar mi devoluci\u00f3n autorizada?<\/a><br \/>\n\t\t\t\t\tPor favor, p\u00f3ngase en contacto con el correo electr\u00f3nico de atenci\u00f3n al cliente:\u00a0<a href=\"mailto:service@bubbleslides.us\">service@bubbleslides.us<\/a><br \/>\n\t\t\t\t\t\t\t\t\t\t\t\t<a tabindex=\"0\">\u00bfC\u00f3mo recibo atenci\u00f3n al cliente?<\/a><\/p>\n<p>Normalmente respondemos a m\u00e1s tardar en un plazo de 72 horas y, por lo general, respondemos a las preguntas de los clientes en un plazo de 24 horas.<\/p>\n<p>\t\t\t\t\t\t\t\t\t\t\t\t<a tabindex=\"0\">\u00bfQu\u00e9 hago si ingres\u00e9 una direcci\u00f3n de env\u00edo incorrecta?<\/a><br \/>\n\t\t\t\t\tPor favor contactar\u00a0<strong><a href=\"mailto:service@bubbleslides.us\">service@bubbleslides.us<\/a><\/strong>\u00a0dentro de las 48 horas posteriores a la realizaci\u00f3n del pedido e indique el n\u00famero de pedido y la informaci\u00f3n de la nueva direcci\u00f3n. Si respondemos para confirmar, podemos enviar a la nueva direcci\u00f3n.<br \/>\n\t\t\t\t\t\t\t\t\t\t\t\t<a tabindex=\"0\">\u00bfPuedo cambiar o cancelar un pedido despu\u00e9s de haberlo enviado?<\/a><br \/>\n\t\t\t\t\tPor favor contactar\u00a0<strong><a href=\"mailto:service@bubbleslides.us\">service@bubbleslides.us<\/a><\/strong>\u00a0dentro de las 48 horas posteriores a la realizaci\u00f3n del pedido e indique el n\u00famero de pedido y la informaci\u00f3n de la nueva direcci\u00f3n.<br \/>\n\t\t\t\t\t\t\t\t\t\t\t\t<a tabindex=\"0\">\u00bfPuedo reservar un art\u00edculo que est\u00e1 agotado?<\/a><\/p>\n<p>Por favor contactar <a href=\"mailto:service@bubbleslides.us\">service@bubbleslides.us<\/a><\/p>","protected":false},"excerpt":{"rendered":"<p>Customer Help Our happiness team is always here to assist. Common purchase queries answered Orders and Shipping How long does it take for me to receive my order? Please refer to our\u00a0Shipping and Tracking How do I create an account? Please go to\u00a0https:\/\/bubbleslides.us\/my-account\/\u00a0page to create How do I change my shipping address? Please contact\u00a0service@bubbleslides.us\u00a0within 48 [&#8230;]\n","protected":false},"author":1,"featured_media":0,"parent":0,"menu_order":0,"comment_status":"closed","ping_status":"closed","template":"template-fullwidth-no-heading.php","meta":{"footnotes":""},"class_list":["post-1002","page","type-page","status-publish","hentry"],"_links":{"self":[{"href":"https:\/\/bubbleslides.us\/es\/wp-json\/wp\/v2\/pages\/1002","targetHints":{"allow":["GET"]}}],"collection":[{"href":"https:\/\/bubbleslides.us\/es\/wp-json\/wp\/v2\/pages"}],"about":[{"href":"https:\/\/bubbleslides.us\/es\/wp-json\/wp\/v2\/types\/page"}],"author":[{"embeddable":true,"href":"https:\/\/bubbleslides.us\/es\/wp-json\/wp\/v2\/users\/1"}],"replies":[{"embeddable":true,"href":"https:\/\/bubbleslides.us\/es\/wp-json\/wp\/v2\/comments?post=1002"}],"version-history":[{"count":0,"href":"https:\/\/bubbleslides.us\/es\/wp-json\/wp\/v2\/pages\/1002\/revisions"}],"wp:attachment":[{"href":"https:\/\/bubbleslides.us\/es\/wp-json\/wp\/v2\/media?parent=1002"}],"curies":[{"name":"wp","href":"https:\/\/api.w.org\/{rel}","templated":true}]}}