{"id":8008,"date":"2024-04-17T15:58:11","date_gmt":"2024-04-17T15:58:11","guid":{"rendered":"https:\/\/bubbleslides.us\/?post_type=product&#038;p=8008"},"modified":"2024-04-17T15:59:14","modified_gmt":"2024-04-17T15:59:14","slug":"kurbis-hausschuhe","status":"publish","type":"product","link":"https:\/\/bubbleslides.us\/de\/kurbis-hausschuhe\/","title":{"rendered":"K\u00fcrbis-Hausschuhe"},"content":{"rendered":"<h3 class=\"md-end-block md-heading\"><span class=\"md-plain md-expand\">Genie\u00dfen Sie kuscheligen Komfort mit unseren s\u00fc\u00dfen K\u00fcrbis-Hausschuhen<\/span><\/h3>\n<p class=\"md-end-block md-p\">\n<p class=\"md-end-block md-p\"><span class=\"md-plain\">Machen Sie sich bereit, den Geist des Herbsts und unvergleichlichen Komfort mit unseren bezaubernden K\u00fcrbis-Hausschuhen zu erleben. Diese entz\u00fcckenden Hausschuhe sind so konzipiert, dass sie ein H\u00f6chstma\u00df an Gem\u00fctlichkeit und Stil bieten und sind damit die perfekte Wahl zum Entspannen zu Hause oder zum Feiern der Herbstsaison.<\/span><\/p>\n<p class=\"md-end-block md-p\">\n<p class=\"md-end-block md-p\"><span class=\"md-plain\">Unsere aus hochwertigen Materialien gefertigten K\u00fcrbis-Hausschuhe legen Wert auf Komfort und Wohlbefinden. Die weiche, pl\u00fcschige Innenseite umh\u00fcllt Ihre F\u00fc\u00dfe sanft und bietet reichlich W\u00e4rme und Halt, w\u00e4hrend das atmungsaktive Obermaterial Ihre F\u00fc\u00dfe den ganzen Tag \u00fcber angenehm warm h\u00e4lt. Das Slip-On-Design erm\u00f6glicht einfaches An- und Ausziehen und macht diese K\u00fcrbis-Hausschuhe zum idealen Begleiter f\u00fcr Ihre t\u00e4gliche Entspannungsroutine.<\/span><\/p>\n<p class=\"md-end-block md-p\">\n<p class=\"md-end-block md-p\"><span class=\"md-plain\">Das auff\u00e4llige K\u00fcrbisdesign ist der Blickfang dieser Hausschuhe. Es hat einen leuchtenden Orangeton und ein verspieltes K\u00fcrbislaternengesicht, das die Essenz der Herbstsaison einf\u00e4ngt. Die aufwendigen Details des K\u00fcrbisdesigns werden garantiert ins Auge fallen und Ihnen Komplimente von Familie und Freunden einbringen. Egal, ob Sie es sich mit einem warmen Getr\u00e4nk gem\u00fctlich machen, Ihre Lieblingsherbstfilme ansehen oder einfach die frische Herbstluft genie\u00dfen, mit unseren K\u00fcrbishausschuhen sehen Sie immer gut aus und f\u00fchlen sich auch so.<\/span><\/p>\n<p class=\"md-end-block md-p\">\n<p class=\"md-end-block md-p\"><span class=\"md-plain\">Aber verlassen Sie sich nicht nur auf unser Wort; h\u00f6ren Sie, was unsere begeisterten Kunden \u00fcber ihre Erfahrungen mit diesen K\u00fcrbis-Hausschuhen zu sagen haben. Emma aus Boston schw\u00e4rmt: \u201eIch liebe meine K\u00fcrbis-Hausschuhe! Sie sind so warm und gem\u00fctlich und das K\u00fcrbis-Design ist einfach zu niedlich.\u201c Liam aus Vancouver f\u00fcgt hinzu: \u201eDiese K\u00fcrbis-Hausschuhe sind zu meinem Lieblingsschuh geworden, wenn ich im Herbst zu Hause entspannen m\u00f6chte. Die pl\u00fcschige Innenseite ist so bequem und das K\u00fcrbis-Design verleiht den perfekten Hauch von Herbstcharme.\u201c<\/span><\/p>\n<p class=\"md-end-block md-p\">\n<p class=\"md-end-block md-p\"><span class=\"md-plain\">G\u00f6nnen Sie sich mit unseren K\u00fcrbis-Hausschuhen ultimativen Komfort und saisonalen Stil. Diese bezaubernden Hausschuhe vereinen Gem\u00fctlichkeit, W\u00e4rme und einen Hauch von Herbstzauber und sind damit die perfekte Erg\u00e4nzung Ihrer Herbst-Loungewear-Kollektion. Worauf also warten? Schl\u00fcpfen Sie noch heute in den luxuri\u00f6sen Komfort und Charme unserer K\u00fcrbis-Hausschuhe und entdecken Sie den Unterschied, den ein wenig K\u00fcrbisgew\u00fcrz bei Ihrer t\u00e4glichen Entspannung ausmachen kann.<\/span><\/p>\n<p class=\"md-end-block md-p\">\n<p class=\"md-end-block md-p md-focus\"><span class=\"md-plain md-expand\">G\u00f6nnen Sie sich die perfekte Mischung aus Komfort und Herbst-Stil mit unseren K\u00fcrbis-Hausschuhen \u2013 die ultimative Wahl f\u00fcr alle, die den gem\u00fctlichen Geist des Herbstes feiern m\u00f6chten. Ihre F\u00fc\u00dfe (und Ihre Liebe f\u00fcr die Jahreszeit) werden es Ihnen danken!<\/span><\/p>","protected":false},"excerpt":{"rendered":"<p>Step into Cozy Comfort with Our Adorable Pumpkin Slippers Get ready to embrace the spirit of autumn and unparalleled comfort with our charming Pumpkin Slippers. These delightful slippers are designed to provide the ultimate in coziness and style, making them the perfect choice for lounging at home or celebrating the fall season. Crafted with high-quality [&#8230;]\n","protected":false},"featured_media":8013,"comment_status":"open","ping_status":"closed","template":"","meta":[],"product_brand":[],"product_cat":[154],"product_tag":[163],"class_list":{"0":"post-8008","1":"product","2":"type-product","3":"status-publish","4":"has-post-thumbnail","6":"product_cat-pumpkin-slippers","7":"product_tag-pumpkin-slippers","9":"first","10":"instock","11":"sale","12":"shipping-taxable","13":"purchasable","14":"product-type-variable","15":"has-default-attributes"},"_links":{"self":[{"href":"https:\/\/bubbleslides.us\/de\/wp-json\/wp\/v2\/product\/8008","targetHints":{"allow":["GET"]}}],"collection":[{"href":"https:\/\/bubbleslides.us\/de\/wp-json\/wp\/v2\/product"}],"about":[{"href":"https:\/\/bubbleslides.us\/de\/wp-json\/wp\/v2\/types\/product"}],"replies":[{"embeddable":true,"href":"https:\/\/bubbleslides.us\/de\/wp-json\/wp\/v2\/comments?post=8008"}],"wp:featuredmedia":[{"embeddable":true,"href":"https:\/\/bubbleslides.us\/de\/wp-json\/wp\/v2\/media\/8013"}],"wp:attachment":[{"href":"https:\/\/bubbleslides.us\/de\/wp-json\/wp\/v2\/media?parent=8008"}],"wp:term":[{"taxonomy":"product_brand","embeddable":true,"href":"https:\/\/bubbleslides.us\/de\/wp-json\/wp\/v2\/product_brand?post=8008"},{"taxonomy":"product_cat","embeddable":true,"href":"https:\/\/bubbleslides.us\/de\/wp-json\/wp\/v2\/product_cat?post=8008"},{"taxonomy":"product_tag","embeddable":true,"href":"https:\/\/bubbleslides.us\/de\/wp-json\/wp\/v2\/product_tag?post=8008"}],"curies":[{"name":"wp","href":"https:\/\/api.w.org\/{rel}","templated":true}]}}