{"id":7905,"date":"2024-03-14T11:10:14","date_gmt":"2024-03-14T11:10:14","guid":{"rendered":"https:\/\/bubbleslides.us\/?post_type=product&#038;p=7905"},"modified":"2024-03-14T13:39:07","modified_gmt":"2024-03-14T13:39:07","slug":"shark-slippers-3-0-macaron-edition","status":"publish","type":"product","link":"https:\/\/bubbleslides.us\/de\/shark-slippers-3-0-macaron-edition\/","title":{"rendered":"Shark Slipper 3.0: Macaron Edition"},"content":{"rendered":"<p>Sind Sie bereit, in die Welt des ultimativen Komforts und Stils einzutauchen? Dann sind die Shark Slippers 3.0: Macaron Edition genau das Richtige f\u00fcr Sie! Diese Hausschuhe sind die perfekte Kombination aus allem, was Sie an unseren klassischen Shark Slippers lieben, und der s\u00fc\u00dfen, vertr\u00e4umten Essenz franz\u00f6sischer Macarons. Machen Sie sich bereit, Ihren F\u00fc\u00dfen ein ganz neues Ma\u00df an Behaglichkeit zu g\u00f6nnen!<\/p>\n<p>Lassen Sie uns zun\u00e4chst \u00fcber den unglaublichen Komfort sprechen, den diese Hausschuhe bieten. Die Shark Slippers 3.0: Macaron Edition verf\u00fcgen \u00fcber ein ultraweiches Innenfutter, das sich anf\u00fchlt, als w\u00fcrde man auf Wolken laufen. Verabschieden Sie sich von m\u00fcden, schmerzenden F\u00fc\u00dfen und begr\u00fc\u00dfen Sie pure Gl\u00fcckseligkeit. Egal, ob Sie von zu Hause aus arbeiten, Ihre Lieblingssendung nacheinander ansehen oder einfach nur faulenzen, mit diesen Hausschuhen f\u00fchlen Sie sich wie in Ihrer eigenen Welt.<\/p>\n<p>Aber Komfort ist nicht das Einzige, was diese Hausschuhe zu bieten haben. Die Shark Slippers 3.0: Macaron Edition sind eine wahre Augenweide. Stellen Sie sich das bezauberndste Hai-Design in einer Reihe von Pastellfarben vor, die aussehen, als k\u00e4men sie direkt aus einer Pariser Patisserie. Von zarten Rosat\u00f6nen, die an Erdbeer-Macarons erinnern, bis hin zu beruhigenden Gr\u00fcnt\u00f6nen, die an Pistazien erinnern, sind diese Hausschuhe eine wunderbare Erg\u00e4nzung f\u00fcr jedes Loungewear-Ensemble.<\/p>\n<p>Und vergessen wir nicht die Haltbarkeit und Funktionalit\u00e4t dieser Hausschuhe. Die Shark Slippers 3.0: Macaron Edition sind mit einer robusten, rutschfesten Sohle ausgestattet, die hervorragenden Halt bietet. Das bedeutet, dass Sie sie im Haus, im Garten oder sogar auf einem kurzen Weg zum Briefkasten tragen k\u00f6nnen, ohne sich Sorgen machen zu m\u00fcssen, dass Sie ausrutschen oder rutschen. Diese Hausschuhe sind die perfekte Kombination aus Stil und Funktion und werden so zu einem unverzichtbaren Teil Ihres Alltags.<\/p>\n<p>Jetzt denken Sie vielleicht: \u201eAber ich habe doch schon ein Paar Hausschuhe. Warum brauche ich die Shark Slippers 3.0: Macaron Edition?\u201c Nun, lassen Sie mich Folgendes fragen: F\u00fchlen Sie sich in Ihren aktuellen Hausschuhen, als w\u00fcrden Sie auf Wolken gehen, und verspr\u00fchen Sie gleichzeitig den s\u00fc\u00dfen, skurrilen Geist einer franz\u00f6sischen Patisserie? Das dachte ich mir nicht. Diese Hausschuhe sind mehr als nur Schuhe; sie sind ein Erlebnis. Sie sind eine M\u00f6glichkeit, sich jeden Tag ein bisschen Luxus zu g\u00f6nnen, egal, was das Leben Ihnen in den Weg stellt.<\/p>\n<p>Au\u00dferdem sind die Shark Slippers 3.0: Macaron Edition das perfekte Geschenk f\u00fcr jeden in Ihrem Leben, der Komfort, Stil und einen Hauch von Verspieltheit liebt. Ob f\u00fcr Ihre beste Freundin, Ihre Schwester oder sogar Ihre Mutter, diese Hausschuhe zaubern ihnen garantiert ein L\u00e4cheln ins Gesicht und sorgen f\u00fcr Schwung. Und mal ehrlich: Wer w\u00fcrde sich nicht \u00fcber ein Geschenk freuen, das sowohl praktisch als auch bezaubernd ist?<\/p>\n<p>Worauf warten Sie also noch? Es ist Zeit, Ihr Schuhsortiment aufzuwerten und sich den ultimativen Komfort und Stil der Shark Slippers 3.0: Macaron Edition zu g\u00f6nnen. Ihre F\u00fc\u00dfe werden es Ihnen danken und Sie werden sich fragen, wie Sie jemals ohne sie leben konnten. Holen Sie sich Ihr Paar noch heute und betreten Sie eine Welt purer Gl\u00fcckseligkeit und Laune. Vertrauen Sie uns; Sie werden es nicht bereuen!<\/p>","protected":false},"excerpt":{"rendered":"<p>Are you ready to dive into the world of ultimate comfort and style? Look no further than the Shark Slippers 3.0: Macaron Edition! These slippers are the perfect combination of everything you love about our classic Shark Slippers and the sweet, dreamy essence of French macarons. Get ready to treat your feet to a whole [&#8230;]\n","protected":false},"featured_media":7909,"comment_status":"open","ping_status":"closed","template":"","meta":[],"product_brand":[],"product_cat":[120,119,55,56],"product_tag":[126],"class_list":{"0":"post-7905","1":"product","2":"type-product","3":"status-publish","4":"has-post-thumbnail","6":"product_cat-shark-slippers","7":"product_cat-hot-slippers-by-series","8":"product_cat-flip-flops-slides-for-women","9":"product_cat-flip-flops-slides-for-men","10":"product_tag-shark-slippers","12":"first","13":"instock","14":"sale","15":"shipping-taxable","16":"purchasable","17":"product-type-variable","18":"has-default-attributes"},"_links":{"self":[{"href":"https:\/\/bubbleslides.us\/de\/wp-json\/wp\/v2\/product\/7905","targetHints":{"allow":["GET"]}}],"collection":[{"href":"https:\/\/bubbleslides.us\/de\/wp-json\/wp\/v2\/product"}],"about":[{"href":"https:\/\/bubbleslides.us\/de\/wp-json\/wp\/v2\/types\/product"}],"replies":[{"embeddable":true,"href":"https:\/\/bubbleslides.us\/de\/wp-json\/wp\/v2\/comments?post=7905"}],"wp:featuredmedia":[{"embeddable":true,"href":"https:\/\/bubbleslides.us\/de\/wp-json\/wp\/v2\/media\/7909"}],"wp:attachment":[{"href":"https:\/\/bubbleslides.us\/de\/wp-json\/wp\/v2\/media?parent=7905"}],"wp:term":[{"taxonomy":"product_brand","embeddable":true,"href":"https:\/\/bubbleslides.us\/de\/wp-json\/wp\/v2\/product_brand?post=7905"},{"taxonomy":"product_cat","embeddable":true,"href":"https:\/\/bubbleslides.us\/de\/wp-json\/wp\/v2\/product_cat?post=7905"},{"taxonomy":"product_tag","embeddable":true,"href":"https:\/\/bubbleslides.us\/de\/wp-json\/wp\/v2\/product_tag?post=7905"}],"curies":[{"name":"wp","href":"https:\/\/api.w.org\/{rel}","templated":true}]}}