{"id":7639,"date":"2023-08-18T03:17:03","date_gmt":"2023-08-18T03:17:03","guid":{"rendered":"https:\/\/bubbleslides.us\/?post_type=product&#038;p=7639"},"modified":"2024-04-17T07:47:50","modified_gmt":"2024-04-17T07:47:50","slug":"butterfly-bow-eva-kleinkind-slides","status":"publish","type":"product","link":"https:\/\/bubbleslides.us\/de\/butterfly-bow-eva-kleinkind-slides\/","title":{"rendered":"EVA-Kleinkindrutschen mit Schmetterlingsschleife"},"content":{"rendered":"<p>Zarte Designs f\u00fcr kleine F\u00fc\u00dfe<\/p>\n<p>G\u00f6nnen Sie Ihrem Kind ein Paar Schuhe, die genauso bezaubernd sind wie es selbst \u2013 die Butterfly Bow EVA-Sandalen! Diese mit flatternden Schmetterlingen und zarten Schleifen verzierten Sandalen sind f\u00fcr die Gr\u00f6\u00dfen 10C-6 f\u00fcr Kinder im Alter von 2 bis 12 Jahren geeignet.<\/p>\n<p>Hergestellt aus luxuri\u00f6s weichem EVA-Schaum, einem fortschrittlichen, aus Deutschland importierten Material, mit konturierter Sohle und verstellbarem Riemen, der die F\u00fc\u00dfe bequem umschlie\u00dft. Strukturierte rutschfeste Griffe an der Unterseite erm\u00f6glichen sicheres Erkunden auf verschiedenen Oberfl\u00e4chen, ohne Angst vor dem Ausrutschen zu haben.<\/p>\n<p>Ein elastischer Riemen sorgt f\u00fcr eine flexible Passform f\u00fcr wachsende F\u00fc\u00dfe. Kein Innenfutter oder Zunge bedeutet einfaches An- und Ausziehen und gute Bel\u00fcftung. Der Schnallenriemen kann je nach Bedarf angepasst werden.<\/p>\n<p>Mit einem Gewicht von nur 8 Unzen werden kleine Beine nicht m\u00fcde, sie in Parks, an Str\u00e4nden oder auf Spielpl\u00e4tzen zu tragen. Die Reinigung ist einfach: Sp\u00fclen Sie den Schmutz nach Outdoor-Abenteuern ab.<\/p>\n<p>Mit jedem fr\u00f6hlichen Flattern breitet sich ein L\u00e4cheln aus. Da sich das weiche, geformte EVA bei Schritten sanft biegt, ist Komfort im Innen- und Au\u00dfenbereich gew\u00e4hrleistet. Erg\u00e4nzen Sie jedes Outfit mit diesen entz\u00fcckenden Schuhakzenten!<\/p>\n<p>Diese wertvollen Folien eignen sich f\u00fcr Kinder im Alter von 2 bis 12 Jahren und sind ein aufmerksames Geschenk. Junge F\u00fc\u00dfe werden bei jeder Fahrt Freude haben. Lasst den Schmetterlingszauber beginnen!<\/p>","protected":false},"excerpt":{"rendered":"<p>Delicate Designs for Little Feet Treat your child to a pair of shoes as charming as they are &#8211; the Butterfly Bow EVA Sandals! Decorated with fluttering butterflies and delicate bows, these sandals are made for sizes 10C-6 for ages 2-12 years. Constructed from luxuriously soft EVA foam, an advanced material imported from Germany, the [&#8230;]\n","protected":false},"featured_media":7643,"comment_status":"open","ping_status":"closed","template":"","meta":[],"product_brand":[],"product_cat":[158,57],"product_tag":[110],"class_list":{"0":"post-7639","1":"product","2":"type-product","3":"status-publish","4":"has-post-thumbnail","6":"product_cat-bow-slippers","7":"product_cat-flip-flops-slides-for-kids","8":"product_tag-dinosaur-slides","10":"first","11":"instock","12":"sale","13":"shipping-taxable","14":"purchasable","15":"product-type-variable","16":"has-default-attributes"},"_links":{"self":[{"href":"https:\/\/bubbleslides.us\/de\/wp-json\/wp\/v2\/product\/7639","targetHints":{"allow":["GET"]}}],"collection":[{"href":"https:\/\/bubbleslides.us\/de\/wp-json\/wp\/v2\/product"}],"about":[{"href":"https:\/\/bubbleslides.us\/de\/wp-json\/wp\/v2\/types\/product"}],"replies":[{"embeddable":true,"href":"https:\/\/bubbleslides.us\/de\/wp-json\/wp\/v2\/comments?post=7639"}],"wp:featuredmedia":[{"embeddable":true,"href":"https:\/\/bubbleslides.us\/de\/wp-json\/wp\/v2\/media\/7643"}],"wp:attachment":[{"href":"https:\/\/bubbleslides.us\/de\/wp-json\/wp\/v2\/media?parent=7639"}],"wp:term":[{"taxonomy":"product_brand","embeddable":true,"href":"https:\/\/bubbleslides.us\/de\/wp-json\/wp\/v2\/product_brand?post=7639"},{"taxonomy":"product_cat","embeddable":true,"href":"https:\/\/bubbleslides.us\/de\/wp-json\/wp\/v2\/product_cat?post=7639"},{"taxonomy":"product_tag","embeddable":true,"href":"https:\/\/bubbleslides.us\/de\/wp-json\/wp\/v2\/product_tag?post=7639"}],"curies":[{"name":"wp","href":"https:\/\/api.w.org\/{rel}","templated":true}]}}