{"id":7629,"date":"2023-08-17T12:53:02","date_gmt":"2023-08-17T12:53:02","guid":{"rendered":"https:\/\/bubbleslides.us\/?post_type=product&#038;p=7629"},"modified":"2024-04-17T07:48:44","modified_gmt":"2024-04-17T07:48:44","slug":"rutschfeste-dinosaurierrutschen-fur-kleinkinder","status":"publish","type":"product","link":"https:\/\/bubbleslides.us\/de\/rutschfeste-dinosaurierrutschen-fur-kleinkinder\/","title":{"rendered":"Rutschfeste Dinosaurier-Rutschen f\u00fcr Kleinkinder"},"content":{"rendered":"<p>Machen Sie die Spielzeit spannender mit den rutschfesten Dinosaurier-Slipper f\u00fcr Kleinkinder! Diese Sandalen mit farbenfrohen Dinosaurier-Grafiken sind bei kleinen Entdeckern garantiert ein Hit.<\/p>\n<p>Die Schuhe bestehen aus strapazierf\u00e4higem EVA-Schaum und haben ein offenes Zehendesign f\u00fcr Luftzirkulation und Komfort. Kleinkinder k\u00f6nnen ihre Zehen bewegen, w\u00e4hrend sie die Welt entdecken. Ein verstellbarer Riemen \u00fcber dem Fu\u00df sorgt f\u00fcr eine bequeme Passform f\u00fcr wachsende F\u00fc\u00dfe.<\/p>\n<p>Strukturierte Gummilaufsohlen bieten hervorragenden Halt, sowohl drinnen als auch drau\u00dfen auf Gras oder Erde. Die Kleinen k\u00f6nnen rennen, h\u00fcpfen und stampfen, ohne Angst vor Ausrutschern oder St\u00fcrzen haben zu m\u00fcssen. Die griffigen Sohlen f\u00f6rdern au\u00dferdem die Entwicklung motorischer F\u00e4higkeiten.<\/p>\n<p>Die rutschfesten Dinosaurier-Slipper f\u00fcr Kleinkinder lassen sich von kleinen Fingern ganz einfach selbst anziehen. Sie sind au\u00dferdem leicht zu desinfizieren \u2013 nach dem Schmutz im Freien einfach mit dem Wasserschlauch abspritzen. Die Sandalen sind leicht und flexibel und bremsen aktive Kleinkinder nicht aus.<\/p>\n<p>Diese Rutschen sind perfekt f\u00fcr den Sandkasten, den Spielplatz oder den Strand und ein Muss f\u00fcr den Sommerspa\u00df. Mit Tyrannosaurus-, Triceratops- und Stegosaurus-Aufdrucken werden Kinder es lieben, auf Entdeckungsreise zu gehen und dabei ihre liebsten pr\u00e4historischen Freunde zu entdecken! Dino-Abenteuer warten auf Sie.<\/p>","protected":false},"excerpt":{"rendered":"<p>Make playtime more exciting with the Non-Slip Toddler Dinosaur Slides! Decorated with colorful dinosaur graphics, these sandals are sure to be a hit with little explorers. Made from durable EVA foam, the shoes feature an open-toe design for airflow and comfort. Toddlers can wiggle their toes as they discover the world. An adjustable strap over [&#8230;]\n","protected":false},"featured_media":7638,"comment_status":"open","ping_status":"closed","template":"","meta":[],"product_brand":[],"product_cat":[141,57],"product_tag":[110],"class_list":{"0":"post-7629","1":"product","2":"type-product","3":"status-publish","4":"has-post-thumbnail","6":"product_cat-dino-slippers","7":"product_cat-flip-flops-slides-for-kids","8":"product_tag-dinosaur-slides","10":"first","11":"instock","12":"sale","13":"shipping-taxable","14":"purchasable","15":"product-type-variable","16":"has-default-attributes"},"_links":{"self":[{"href":"https:\/\/bubbleslides.us\/de\/wp-json\/wp\/v2\/product\/7629","targetHints":{"allow":["GET"]}}],"collection":[{"href":"https:\/\/bubbleslides.us\/de\/wp-json\/wp\/v2\/product"}],"about":[{"href":"https:\/\/bubbleslides.us\/de\/wp-json\/wp\/v2\/types\/product"}],"replies":[{"embeddable":true,"href":"https:\/\/bubbleslides.us\/de\/wp-json\/wp\/v2\/comments?post=7629"}],"wp:featuredmedia":[{"embeddable":true,"href":"https:\/\/bubbleslides.us\/de\/wp-json\/wp\/v2\/media\/7638"}],"wp:attachment":[{"href":"https:\/\/bubbleslides.us\/de\/wp-json\/wp\/v2\/media?parent=7629"}],"wp:term":[{"taxonomy":"product_brand","embeddable":true,"href":"https:\/\/bubbleslides.us\/de\/wp-json\/wp\/v2\/product_brand?post=7629"},{"taxonomy":"product_cat","embeddable":true,"href":"https:\/\/bubbleslides.us\/de\/wp-json\/wp\/v2\/product_cat?post=7629"},{"taxonomy":"product_tag","embeddable":true,"href":"https:\/\/bubbleslides.us\/de\/wp-json\/wp\/v2\/product_tag?post=7629"}],"curies":[{"name":"wp","href":"https:\/\/api.w.org\/{rel}","templated":true}]}}