{"id":7606,"date":"2023-08-17T02:52:50","date_gmt":"2023-08-17T02:52:50","guid":{"rendered":"https:\/\/bubbleslides.us\/?post_type=product&#038;p=7606"},"modified":"2024-01-11T16:25:34","modified_gmt":"2024-01-11T16:25:34","slug":"black-bubble-slides-winter-warmer-edition","status":"publish","type":"product","link":"https:\/\/bubbleslides.us\/de\/black-bubble-slides-winter-warmer-edition\/","title":{"rendered":"Schwarze Bubble Slides Winter Warmer Edition"},"content":{"rendered":"<p>Gem\u00fctliche Einfachheit f\u00fcr Komfort bei kaltem Wetter<\/p>\n<p>Mit der isolierten Black Bubble Slides Winter Warmer Edition bleiben Sie auch an k\u00fchlen Tagen angenehm warm. Dieses stilvolle Paar besteht aus weicher synthetischer Fleece-D\u00e4mpfung und einer luftigen EVA-Sohle und sch\u00fctzt die F\u00fc\u00dfe vor Erfrierungen mit unbeschwerter Gem\u00fctlichkeit, perfekt f\u00fcr das Leben im Innenbereich.<\/p>\n<p>Eine verst\u00e4rkte EVA-Konstruktion umrahmt sanft die F\u00fc\u00dfe, w\u00e4hrend das weiche Obermaterial aus synthetischem Fleece f\u00fcr W\u00e4rmespeicherung von Kopf bis Fu\u00df sorgt. Im Gegensatz zu d\u00fcnnen Pantoletten sorgt dieses verbesserte Design f\u00fcr maximale W\u00e4rme, ohne aufzutragen. Die Polsterung aus synthetischem Fleece passt sich jedem Schritt wunderbar an.<\/p>\n<p>Das weiche Synthetikfleece-Futter sorgt f\u00fcr gleichbleibenden Komfort vom Sonnenaufgang bis zum Schlafengehen, auch bei Minustemperaturen drau\u00dfen. Wo andere Schuhe versagen, sorgt die superweiche synthetische Fleece-Isolierung f\u00fcr optimale W\u00e4rme im Innenbereich. Bel\u00fcftete Sohlen verhindern ein Durchn\u00e4ssen der Zehen bei der Schneeschmelze.<\/p>\n<p>Kleine Unebenheiten unter dem synthetischen Fleece sorgen f\u00fcr zuverl\u00e4ssigen, rutschfesten Halt, egal ob Sie im Haus herumschleichen oder Eink\u00e4ufe hineintragen. Die bequeme Unterst\u00fctzung sorgt f\u00fcr ein sicheres Gef\u00fchl und erm\u00f6glicht grenzenlose Spontaneit\u00e4t im Innenbereich, ohne St\u00fcrze auf glatten Oberfl\u00e4chen zu riskieren.<\/p>\n<p>Jetzt strahlen Sie Winter-Zen durch dezentes Schwarz aus. Flauschige Synthetikfleece-Texturen schmiegen sich sanft an jeden gem\u00fctlichen Schritt und das kissenweiche Material ist perfekt f\u00fcr ein entspanntes Leben in der k\u00fchleren Jahreszeit. Fortschrittliche W\u00e4rme h\u00e4lt die Zehen den ganzen Tag warm.<\/p>\n<p>Erleben Sie stressfreie Stunden, l\u00e4ssig getragen durch warme Bewegungen. Die schwarze Bubble Slides Winter Edition sorgt f\u00fcr ein angenehmes Tragegef\u00fchl an kalten Tagen, wie es keine gew\u00f6hnliche Folie wagt. Die geschmeidige synthetische Fleece-Isolierung und Griffigkeit sorgen f\u00fcr unbeschwerten Innenkomfort bei jedem bequemen Schritt!<\/p>","protected":false},"excerpt":{"rendered":"<p>Cozy Simplicity for Cold-Weather Comfort Stay toasty through chilly days with the insulated Black Bubble Slides Winter Warmer Edition. Constructed with plush synthetic fleece cushioning an airy EVA sole, this stylish pair shields feet from frostbite with carefree coziness perfect for indoor living. A reinforced EVA construction gently frames feet while soft synthetic fleece uppers [&#8230;]\n","protected":false},"featured_media":7612,"comment_status":"open","ping_status":"closed","template":"","meta":[],"product_brand":[],"product_cat":[62,93,94],"product_tag":[84],"class_list":{"0":"post-7606","1":"product","2":"type-product","3":"status-publish","4":"has-post-thumbnail","6":"product_cat-black-bubble-slides","7":"product_cat-bubble-slides-warm-slippers-for-women","8":"product_cat-bubble-slides-warm-slippers-for-men","9":"product_tag-bubble-slides","11":"first","12":"instock","13":"sale","14":"shipping-taxable","15":"purchasable","16":"product-type-variable","17":"has-default-attributes"},"_links":{"self":[{"href":"https:\/\/bubbleslides.us\/de\/wp-json\/wp\/v2\/product\/7606","targetHints":{"allow":["GET"]}}],"collection":[{"href":"https:\/\/bubbleslides.us\/de\/wp-json\/wp\/v2\/product"}],"about":[{"href":"https:\/\/bubbleslides.us\/de\/wp-json\/wp\/v2\/types\/product"}],"replies":[{"embeddable":true,"href":"https:\/\/bubbleslides.us\/de\/wp-json\/wp\/v2\/comments?post=7606"}],"wp:featuredmedia":[{"embeddable":true,"href":"https:\/\/bubbleslides.us\/de\/wp-json\/wp\/v2\/media\/7612"}],"wp:attachment":[{"href":"https:\/\/bubbleslides.us\/de\/wp-json\/wp\/v2\/media?parent=7606"}],"wp:term":[{"taxonomy":"product_brand","embeddable":true,"href":"https:\/\/bubbleslides.us\/de\/wp-json\/wp\/v2\/product_brand?post=7606"},{"taxonomy":"product_cat","embeddable":true,"href":"https:\/\/bubbleslides.us\/de\/wp-json\/wp\/v2\/product_cat?post=7606"},{"taxonomy":"product_tag","embeddable":true,"href":"https:\/\/bubbleslides.us\/de\/wp-json\/wp\/v2\/product_tag?post=7606"}],"curies":[{"name":"wp","href":"https:\/\/api.w.org\/{rel}","templated":true}]}}