{"id":7604,"date":"2023-08-17T02:46:07","date_gmt":"2023-08-17T02:46:07","guid":{"rendered":"https:\/\/bubbleslides.us\/?post_type=product&#038;p=7604"},"modified":"2024-03-14T11:35:02","modified_gmt":"2024-03-14T11:35:02","slug":"open-toe-rose-bubble-slides","status":"publish","type":"product","link":"https:\/\/bubbleslides.us\/de\/open-toe-rose-bubble-slides\/","title":{"rendered":"Offene Rose Bubble Slides"},"content":{"rendered":"<p>Strahlen Sie Anmut mit einem Hauch von Fantasie aus<\/p>\n<p>Verbreiten Sie mit dem Open-Toe Rose Bubble Slides raffinierte Fr\u00f6hlichkeit in Freizeit und Abenteuer. Hergestellt aus leichtem, atmungsaktivem EVA mit freiliegendem Zehenprofil, beruhigt dieses Paar die Schritte mit Texturen, die auf ein elegantes, freies Leben zugeschnitten sind.<\/p>\n<p>Eine geformte EVA-Konstruktion umrahmt sanft die F\u00fc\u00dfe und erm\u00f6glicht gleichzeitig die freie Beugung der Zehen bei atmungsaktiver Belichtung. Im Gegensatz zu geschlossenen Silhouetten maximiert die offene Vorderseite den Luftstrom und sorgt f\u00fcr Gelassenheit, ganz gleich, welche Vorstellungen sich entfalten.<\/p>\n<p>Das geschmeidige Material erm\u00f6glicht flie\u00dfende Bewegungen ohne Einschr\u00e4nkungen. Zwischen jedem Zeh verl\u00e4uft ein flexibles Band, das die Stufen sicher an Ort und Stelle verankert, egal, ob Sie in die N\u00e4he oder in die Ferne wandern. Freiliegende Zehen schlendern einfach mit gediegener Leichtigkeit!<\/p>\n<p>Eine offene Bauweise erm\u00f6glicht eine hervorragende Bel\u00fcftung. An feuchten Tagen oder nach einem Bad erm\u00f6glicht es ein schnelles Trocknen zwischen den Ausfl\u00fcgen und sorgt daf\u00fcr, dass sich die Zehen unbeschwert belebt anf\u00fchlen. Raffinesse geht mit Spa\u00df einher, wohin die Fantasie auch f\u00fchrt.<\/p>\n<p>Kleine EVA-Noppen an der bequemen Sohle sorgen f\u00fcr zuverl\u00e4ssige Traktion im Innen- und Au\u00dfenbereich. Der rutschfeste Halt sorgt f\u00fcr ein sicheres Gef\u00fchl und erm\u00f6glicht grenzenlose Bewegung mit edler Anmut. Equilibrium f\u00fchlt sich elegant und dennoch optimistisch an!<\/p>\n<p>Jetzt strahlt Sonnenschein durch einen luftigen, rosafarbenen Schleier. Kuschelige Texturen umarmen jede verj\u00fcngende Bewegung mit sanftem Komfort und eignen sich f\u00fcr temperamentvollen Alltagsluxus. Fortschrittliche Entw\u00e4sserung eignet sich f\u00fcr gepflegte Tage.<\/p>\n<p>Erleben Sie einen entspannten Fluss durch erhebende Schritte. Open-Toe Rose Bubble Slides inspiriert zu stressfreier Eleganz unterwegs. Bel\u00fcftete Leichtigkeit und Traktion erm\u00f6glichen ein fantasievolles Leben bei jedem achtsamen k\u00f6niglichen Schritt!<\/p>","protected":false},"excerpt":{"rendered":"<p>Radiate Grace with a Breezy Touch of Fancy Spread refined cheer through leisure and adventure with the Open-Toe Rose Bubble Slides. Crafted from lightweight breathable EVA embracing an exposed toe profile, this pair soothes strides with textures tailored for refined living freely. A molded EVA construction gently frames feet while allowing toes to flex as [&#8230;]\n","protected":false},"featured_media":7597,"comment_status":"open","ping_status":"closed","template":"","meta":[],"product_brand":[],"product_cat":[64,55],"product_tag":[84],"class_list":{"0":"post-7604","1":"product","2":"type-product","3":"status-publish","4":"has-post-thumbnail","6":"product_cat-pink-bubble-slides","7":"product_cat-flip-flops-slides-for-women","8":"product_tag-bubble-slides","10":"first","11":"instock","12":"sale","13":"shipping-taxable","14":"purchasable","15":"product-type-variable","16":"has-default-attributes"},"_links":{"self":[{"href":"https:\/\/bubbleslides.us\/de\/wp-json\/wp\/v2\/product\/7604","targetHints":{"allow":["GET"]}}],"collection":[{"href":"https:\/\/bubbleslides.us\/de\/wp-json\/wp\/v2\/product"}],"about":[{"href":"https:\/\/bubbleslides.us\/de\/wp-json\/wp\/v2\/types\/product"}],"replies":[{"embeddable":true,"href":"https:\/\/bubbleslides.us\/de\/wp-json\/wp\/v2\/comments?post=7604"}],"wp:featuredmedia":[{"embeddable":true,"href":"https:\/\/bubbleslides.us\/de\/wp-json\/wp\/v2\/media\/7597"}],"wp:attachment":[{"href":"https:\/\/bubbleslides.us\/de\/wp-json\/wp\/v2\/media?parent=7604"}],"wp:term":[{"taxonomy":"product_brand","embeddable":true,"href":"https:\/\/bubbleslides.us\/de\/wp-json\/wp\/v2\/product_brand?post=7604"},{"taxonomy":"product_cat","embeddable":true,"href":"https:\/\/bubbleslides.us\/de\/wp-json\/wp\/v2\/product_cat?post=7604"},{"taxonomy":"product_tag","embeddable":true,"href":"https:\/\/bubbleslides.us\/de\/wp-json\/wp\/v2\/product_tag?post=7604"}],"curies":[{"name":"wp","href":"https:\/\/api.w.org\/{rel}","templated":true}]}}