{"id":7602,"date":"2023-08-17T02:43:29","date_gmt":"2023-08-17T02:43:29","guid":{"rendered":"https:\/\/bubbleslides.us\/?post_type=product&#038;p=7602"},"modified":"2024-03-14T12:30:28","modified_gmt":"2024-03-14T12:30:28","slug":"open-toe-pink-bubble-slides","status":"publish","type":"product","link":"https:\/\/bubbleslides.us\/de\/open-toe-pink-bubble-slides\/","title":{"rendered":"Offener Zehenbereich in Rosa Bubble Slides"},"content":{"rendered":"<p>Belebende Tage mit einem luftigen Hauch von Laune<\/p>\n<p>Mit dem Open-Toe Pink Bubble Slides verbreiten Sie Sonnenschein, wohin auch immer Ihre Kreativit\u00e4t geht. Hergestellt aus leichtem, atmungsaktivem EVA mit freiliegendem Zehenprofil, d\u00e4mpft dieses fr\u00f6hliche Paar Schritte mit Texturen, die auf ein temperamentvolles, freies Leben zugeschnitten sind.<\/p>\n<p>Eine geformte EVA-Konstruktion passt sich dem Obermaterial sanft an und erm\u00f6glicht den Zehen bei sicherem Halt, nach Belieben zu wackeln. Im Gegensatz zu geschlossenen Modellen maximiert die offene Vorderseite die Bel\u00fcftung und sorgt f\u00fcr unbeschwerten Komfort, ganz gleich, wie die Spielzeit den Tag dominiert.<\/p>\n<p>Das geschmeidige Material passt sich jedem Schritt uneingeschr\u00e4nkt an. Zwischen jedem Zeh w\u00f6lbt sich ein flexibles Band sanft und h\u00e4lt die Rutsche beim Tanzen oder in der Freizeit an Ort und Stelle. Freiliegende Zehen h\u00fcpfen einfach mit Hingabe!<\/p>\n<p>Ein offenes Design erm\u00f6glicht hervorragende Querbrise. Es erm\u00f6glicht auch ein schnelles Trocknen zwischen Drehungen und Dips und sorgt daf\u00fcr, dass sich die Zehen belebt anf\u00fchlen. Ob regnerisches Toben oder Spr\u00fcnge am Pool, die Bel\u00fcftung sorgt f\u00fcr eine fr\u00f6hliche Ausgeglichenheit.<\/p>\n<p>Kleine EVA-Noppen auf der bequemen Sohle sorgen f\u00fcr zuverl\u00e4ssige Traktion im Innenbereich oder bei der Erkundung weiterer Fantasien. Der rutschfeste Halt bleibt durch grenzenlose, skurrile Bewegung gew\u00e4hrleistet. Balance f\u00fchlt sich geerdet und dennoch leicht an!<\/p>\n<p>Verstr\u00f6men Sie jetzt Stimmung mit einem luftigen rosa Pop. Kuschelige Texturen lieben jede verj\u00fcngende Bewegung, die leicht und in kissenartiger Leichtigkeit ausgef\u00fchrt wird und f\u00fcr ein temperamentvolles, freies Leben geeignet ist. Fortschrittliche Entw\u00e4sserung passt mit spielerischer Einfachheit zu kurvigen Tagen.<\/p>\n<p>Erleben Sie einen unbeschwerten Fluss durch erhebende Schritte. Open-Toe Pink Bubble Slides inspiriert zu stressfreier Eleganz unterwegs. Bel\u00fcfteter Komfort und Traktion sorgen f\u00fcr fantasievolle Eleganz mit Zehen, die einfach tanzen!<\/p>","protected":false},"excerpt":{"rendered":"<p>Uplift Days with a Breezy Touch of Whimsy Spread sunshine wherever creativity carries in the Open-Toe Pink Bubble Slides. Constructed from lightweight breathable EVA embracing an exposed toe profile, this cheerful pair cushions strides with textures tailored for spirited living freely. A molded EVA construction gently contours uppers allowing toes to wiggle as they please [&#8230;]\n","protected":false},"featured_media":7594,"comment_status":"open","ping_status":"closed","template":"","meta":[],"product_brand":[],"product_cat":[64,56,55],"product_tag":[84],"class_list":{"0":"post-7602","1":"product","2":"type-product","3":"status-publish","4":"has-post-thumbnail","6":"product_cat-pink-bubble-slides","7":"product_cat-flip-flops-slides-for-men","8":"product_cat-flip-flops-slides-for-women","9":"product_tag-bubble-slides","11":"first","12":"instock","13":"sale","14":"shipping-taxable","15":"purchasable","16":"product-type-variable","17":"has-default-attributes"},"_links":{"self":[{"href":"https:\/\/bubbleslides.us\/de\/wp-json\/wp\/v2\/product\/7602","targetHints":{"allow":["GET"]}}],"collection":[{"href":"https:\/\/bubbleslides.us\/de\/wp-json\/wp\/v2\/product"}],"about":[{"href":"https:\/\/bubbleslides.us\/de\/wp-json\/wp\/v2\/types\/product"}],"replies":[{"embeddable":true,"href":"https:\/\/bubbleslides.us\/de\/wp-json\/wp\/v2\/comments?post=7602"}],"wp:featuredmedia":[{"embeddable":true,"href":"https:\/\/bubbleslides.us\/de\/wp-json\/wp\/v2\/media\/7594"}],"wp:attachment":[{"href":"https:\/\/bubbleslides.us\/de\/wp-json\/wp\/v2\/media?parent=7602"}],"wp:term":[{"taxonomy":"product_brand","embeddable":true,"href":"https:\/\/bubbleslides.us\/de\/wp-json\/wp\/v2\/product_brand?post=7602"},{"taxonomy":"product_cat","embeddable":true,"href":"https:\/\/bubbleslides.us\/de\/wp-json\/wp\/v2\/product_cat?post=7602"},{"taxonomy":"product_tag","embeddable":true,"href":"https:\/\/bubbleslides.us\/de\/wp-json\/wp\/v2\/product_tag?post=7602"}],"curies":[{"name":"wp","href":"https:\/\/api.w.org\/{rel}","templated":true}]}}