{"id":7588,"date":"2023-08-17T02:25:55","date_gmt":"2023-08-17T02:25:55","guid":{"rendered":"https:\/\/bubbleslides.us\/?post_type=product&#038;p=7588"},"modified":"2024-03-14T13:39:08","modified_gmt":"2024-03-14T13:39:08","slug":"open-toe-white-bubble-slides","status":"publish","type":"product","link":"https:\/\/bubbleslides.us\/de\/open-toe-white-bubble-slides\/","title":{"rendered":"Offenes Wei\u00df Bubble Slides"},"content":{"rendered":"<h5>Luftiges Styling und luftiger Komfort in offenem Wei\u00df Bubble Slides<\/h5>\n<p>Schweben Sie durch warme Tage mit dem Open-Toe White Bubble Slides. Hergestellt aus leichtem, atmungsaktivem EVA mit freiliegender Zehenpartie, umh\u00fcllt dieses Paar jeden Schritt mit gepolsterten Texturen, die auf ein vielseitiges Leben zugeschnitten sind.<\/p>\n<p>Eine geformte EVA-Konstruktion passt sich dem Obermaterial sanft an die F\u00fc\u00dfe an und l\u00e4sst die Zehen frei. Im Gegensatz zu geschlossenen Modellen maximiert die offene Vorderseite die Luftzirkulation und sorgt daf\u00fcr, dass die F\u00fc\u00dfe k\u00fchl und bequem bleiben. Kleine Aussparungen sorgen daf\u00fcr, dass sich jeder Zehenraum auf nat\u00fcrliche Weise ausbreitet.<\/p>\n<p>Das atmungsaktive Material folgt jeder Bewegung ohne Einschr\u00e4nkungen. Zwischen dem gro\u00dfen Zeh und anderen Zehen w\u00f6lbt sich ein flexibles Kunststoffband anmutig, um den Schieber beim Sprinten oder Faulenzen sicher an Ort und Stelle zu halten.<\/p>\n<p>Eine offene Bauweise erm\u00f6glicht eine optimale Querl\u00fcftung. An feuchten Tagen oder nach aktiven Abenteuern sorgt es daf\u00fcr, dass die Zehen zwischen den Ausfl\u00fcgen schnell trocknen. Ob Strandausfl\u00fcge oder Toben im Hinterhof, freiliegende Zehen behalten bei allem ihren erfrischenden Komfort.<\/p>\n<p>Kleine EVA-Noppen auf der weichen Sohle sorgen f\u00fcr zuverl\u00e4ssige Traktion, wo auch immer sich die Tage entwickeln. Der rutschfeste Halt sorgt f\u00fcr ein sicheres Gef\u00fchl, egal ob Sie zu Hause herumschleichen oder weiter im Freien unterwegs sind. Stabilit\u00e4t f\u00fchlt sich geerdet und dennoch luftig an!<\/p>\n<p>Genie\u00dfen Sie jetzt W\u00e4rme und Spa\u00df mit der Vielseitigkeit und Leichtigkeit des Open-Toe-Stylings. Die kuscheligen Texturen freuen sich \u00fcber jeden entspannten Schritt und bieten kuscheligen Komfort, der f\u00fcr ein unbeschwertes Leben geeignet ist.<\/p>\n<p>Erleben Sie stressfreie Tage, getragen von leichten, schwungvollen Schritten. Die wei\u00dfen Bubble Slides mit offener Zehenpartie sorgen f\u00fcr t\u00e4gliche Entspannung auf luftigen F\u00fc\u00dfen. Bel\u00fcfteter Komfort und sichere Traktion erm\u00f6glichen ein unbeschwertes Leben bei jedem befreienden Schritt!<\/p>","protected":false},"excerpt":{"rendered":"<p>Breezy Styling and Airy Comfort in Open-toe White Bubble Slides Float through warm days with the Open-toe White Bubble Slides. Constructed from lightweight breathable EVA cradling an exposed toe design, this pair embraces each step with cushioned textures tailored for versatile living. A molded EVA construction gently contours uppers around the feet while leaving toes [&#8230;]\n","protected":false},"featured_media":7596,"comment_status":"open","ping_status":"closed","template":"","meta":[],"product_brand":[],"product_cat":[63,55,56],"product_tag":[84],"class_list":{"0":"post-7588","1":"product","2":"type-product","3":"status-publish","4":"has-post-thumbnail","6":"product_cat-white-bubble-slides","7":"product_cat-flip-flops-slides-for-women","8":"product_cat-flip-flops-slides-for-men","9":"product_tag-bubble-slides","11":"first","12":"instock","13":"sale","14":"shipping-taxable","15":"purchasable","16":"product-type-variable","17":"has-default-attributes"},"_links":{"self":[{"href":"https:\/\/bubbleslides.us\/de\/wp-json\/wp\/v2\/product\/7588","targetHints":{"allow":["GET"]}}],"collection":[{"href":"https:\/\/bubbleslides.us\/de\/wp-json\/wp\/v2\/product"}],"about":[{"href":"https:\/\/bubbleslides.us\/de\/wp-json\/wp\/v2\/types\/product"}],"replies":[{"embeddable":true,"href":"https:\/\/bubbleslides.us\/de\/wp-json\/wp\/v2\/comments?post=7588"}],"wp:featuredmedia":[{"embeddable":true,"href":"https:\/\/bubbleslides.us\/de\/wp-json\/wp\/v2\/media\/7596"}],"wp:attachment":[{"href":"https:\/\/bubbleslides.us\/de\/wp-json\/wp\/v2\/media?parent=7588"}],"wp:term":[{"taxonomy":"product_brand","embeddable":true,"href":"https:\/\/bubbleslides.us\/de\/wp-json\/wp\/v2\/product_brand?post=7588"},{"taxonomy":"product_cat","embeddable":true,"href":"https:\/\/bubbleslides.us\/de\/wp-json\/wp\/v2\/product_cat?post=7588"},{"taxonomy":"product_tag","embeddable":true,"href":"https:\/\/bubbleslides.us\/de\/wp-json\/wp\/v2\/product_tag?post=7588"}],"curies":[{"name":"wp","href":"https:\/\/api.w.org\/{rel}","templated":true}]}}