{"id":7586,"date":"2023-08-17T02:22:17","date_gmt":"2023-08-17T02:22:17","guid":{"rendered":"https:\/\/bubbleslides.us\/?post_type=product&#038;p=7586"},"modified":"2024-03-14T11:30:36","modified_gmt":"2024-03-14T11:30:36","slug":"pink-bubble-slides-flip-flops","status":"publish","type":"product","link":"https:\/\/bubbleslides.us\/de\/pink-bubble-slides-flip-flops\/","title":{"rendered":"Rosa Bubble Slides Flip-Flops"},"content":{"rendered":"<p>Rosa Bubble Slides Flip-Flops<\/p>\n<p>Verbreiten Sie mit den Pink Bubble Slides Flip Flops fr\u00f6hliche Energie durch arbeitsreiche Tage. Hergestellt aus leichtem, atmungsaktivem EVA mit offenem Fu\u00dfbett, beruhigt dieses lebendige Paar Ihre Schritte mit kissenweichen Texturen, die sich perfekt f\u00fcr ein aktives, leichtes Leben eignen.<\/p>\n<p>Eine geformte EVA-Konstruktion passt sich dem Obermaterial und der Sohle sanft an und schmiegt sich sanft an Fersen und Zehen an, ganz gleich, wie die Aktivit\u00e4t Gestalt annimmt. Im Gegensatz zu starren Rutschen folgt das anschmiegsame Material flexibel und uneingeschr\u00e4nkt jedem Sprungschritt.<\/p>\n<p>Ein offenes Design maximiert den Querwind. Es erm\u00f6glicht auch eine schnelle Entw\u00e4sserung, falls das Wasser den Spa\u00df tr\u00fcbt. Ob regnerische Besorgungen oder Ausgelassenheit am Pool, die fl\u00fcssige Sohle beschleunigt das Trocknen zwischen den Zehen und sorgt so f\u00fcr spontanen Komfort.<\/p>\n<p>Kleine EVA-Noppen auf der bequemen Sohle sorgen f\u00fcr zuverl\u00e4ssige Traktion, wo auch immer die Fantasie schwebt. Rutschfester Halt sorgt f\u00fcr ein sicheres Gef\u00fchl im Innenbereich oder bei abenteuerlichen Erkundungen. Die Stabilit\u00e4t f\u00fchlt sich konstant an und erm\u00f6glicht grenzenlose, freudige Bewegung.<\/p>\n<p>Jetzt strahlen Sie fr\u00f6hliche Stimmung durch einen leuchtend rosa Pop aus. Anschmiegsame Texturen genie\u00dfen jeden unbeschwerten Schritt in kissenartiger Leichtigkeit, die f\u00fcr lebhafte Spontaneit\u00e4t geeignet ist. Entw\u00e4sserung und Traktion passen mit skurriler Leichtigkeit zu einem temperamentvollen Leben.<\/p>\n<p>Erleben Sie unbeschwerte Tage, getragen von beschwingten Bewegungen. Pink Bubble Slides inspiriert t\u00e4glich zu fantasievollem Spielen. Atmungsaktiver Komfort und Halt erm\u00f6glichen Abenteuer zu Fu\u00df mit Fantasien bei jedem Sprung.<\/p>","protected":false},"excerpt":{"rendered":"<p>Pink Bubble Slides Flip Flops Spread cheerful energy through busy days with the Pink Bubble Slides Flip Flops. Constructed from lightweight breathable EVA cradling an open footbed, this vibrant pair soothes strides with pillow-soft textures perfect for active living lightly. A molded EVA construction gently contours uppers and sole, hugging heels and toes in smooth [&#8230;]\n","protected":false},"featured_media":7581,"comment_status":"open","ping_status":"closed","template":"","meta":[],"product_brand":[],"product_cat":[64,55,56],"product_tag":[84],"class_list":{"0":"post-7586","1":"product","2":"type-product","3":"status-publish","4":"has-post-thumbnail","6":"product_cat-pink-bubble-slides","7":"product_cat-flip-flops-slides-for-women","8":"product_cat-flip-flops-slides-for-men","9":"product_tag-bubble-slides","11":"first","12":"instock","13":"sale","14":"shipping-taxable","15":"purchasable","16":"product-type-variable","17":"has-default-attributes"},"_links":{"self":[{"href":"https:\/\/bubbleslides.us\/de\/wp-json\/wp\/v2\/product\/7586","targetHints":{"allow":["GET"]}}],"collection":[{"href":"https:\/\/bubbleslides.us\/de\/wp-json\/wp\/v2\/product"}],"about":[{"href":"https:\/\/bubbleslides.us\/de\/wp-json\/wp\/v2\/types\/product"}],"replies":[{"embeddable":true,"href":"https:\/\/bubbleslides.us\/de\/wp-json\/wp\/v2\/comments?post=7586"}],"wp:featuredmedia":[{"embeddable":true,"href":"https:\/\/bubbleslides.us\/de\/wp-json\/wp\/v2\/media\/7581"}],"wp:attachment":[{"href":"https:\/\/bubbleslides.us\/de\/wp-json\/wp\/v2\/media?parent=7586"}],"wp:term":[{"taxonomy":"product_brand","embeddable":true,"href":"https:\/\/bubbleslides.us\/de\/wp-json\/wp\/v2\/product_brand?post=7586"},{"taxonomy":"product_cat","embeddable":true,"href":"https:\/\/bubbleslides.us\/de\/wp-json\/wp\/v2\/product_cat?post=7586"},{"taxonomy":"product_tag","embeddable":true,"href":"https:\/\/bubbleslides.us\/de\/wp-json\/wp\/v2\/product_tag?post=7586"}],"curies":[{"name":"wp","href":"https:\/\/api.w.org\/{rel}","templated":true}]}}