{"id":7584,"date":"2023-08-17T02:18:58","date_gmt":"2023-08-17T02:18:58","guid":{"rendered":"https:\/\/bubbleslides.us\/?post_type=product&#038;p=7584"},"modified":"2024-03-14T12:30:20","modified_gmt":"2024-03-14T12:30:20","slug":"black-bubble-slides-flip-flops","status":"publish","type":"product","link":"https:\/\/bubbleslides.us\/de\/black-bubble-slides-flip-flops\/","title":{"rendered":"Schwarze Bubble Slides Flip-Flops"},"content":{"rendered":"<h5>Bodenbeherrschung in dezenten schwarzen Bubble Slides-Flip-Flops<\/h5>\n<p>Erleben Sie entspannte Leichtigkeit an arbeitsreichen Tagen mit den schwarzen Bubble Slides-Flip-Flops. Hergestellt aus leichtem, atmungsaktivem EVA mit offenem Fu\u00dfbett, beruhigt dieses Paar jeden Schritt mit kissenweichen Texturen, perfekt f\u00fcr ein vielseitiges, aktives Leben.<\/p>\n<p>Eine geformte EVA-Konstruktion formt sanft das Obermaterial und die Sohle und schmiegt sich in ausgewogener Geschmeidigkeit an Fersen und Zehen an, ganz gleich, was Sie mit Besorgungen oder Hobbys zu tun haben. Im Gegensatz zu starren Rutschen folgt das geschmeidige Material jedem Schritt flexibel, unbeschwert und ohne Zw\u00e4nge.<\/p>\n<p>Ein offenes Design maximiert die Bel\u00fcftung. Es erm\u00f6glicht auch eine schnelle Entw\u00e4sserung, falls Abenteuer Ihre F\u00fc\u00dfe durchn\u00e4ssen. Egal, ob es regnerische Aufgaben oder ein Bad am Pool sind, die fl\u00fcssige Sohle trocknet schnell zwischen den Zehen und erm\u00f6glicht so eine spontane Wiederaufnahme der Leichtigkeit.<\/p>\n<p>Kleine EVA-Noppen auf der flexiblen Sohle sorgen f\u00fcr zuverl\u00e4ssige Traktion \u00fcberall dort, wo ausgefallene F\u00fchrungen erforderlich sind. Der rutschfeste Halt bleibt im Innenbereich oder bei Ausfl\u00fcgen in der Ferne gew\u00e4hrleistet. Stabilit\u00e4t f\u00fchlt sich durch grenzenlose spontane Bewegung geerdet an.<\/p>\n<p>Strahlen Sie jetzt Frieden durch einen dezenten schwarzen Hintergrund aus. Kuschelige Texturen genie\u00dfen jede stressfreie Bewegung, die mit kissenartiger Leichtigkeit ausgef\u00fchrt wird, f\u00fcr aktive Spontaneit\u00e4t. Der Drainage- und Traktionsanzug variierte die Tage leicht mit Ausgeglichenheit.<\/p>\n<p>Erleben Sie unbeschwerte Gelassenheit durch belebende Schritte. Black Bubble Slides Uplift t\u00e4glich empfohlene Entspannung bei beanspruchten F\u00fc\u00dfen. Atmungsaktiver Komfort und Unterst\u00fctzung erm\u00f6glichen ein flie\u00dfendes Leben bei jedem einfachen, aber achtsamen Schritt.<\/p>","protected":false},"excerpt":{"rendered":"<p>Ground Composure in Understated Black Bubble Slides Flip Flops Embrace relaxing ease through busy days with the Black Bubble Slides Flip Flops. Constructed from lightweight breathable EVA cradling an open footbed, this pair soothes each stride with pillow-soft textures perfect for versatile active living. A molded EVA construction gently forms uppers and sole, hugging heels [&#8230;]\n","protected":false},"featured_media":7582,"comment_status":"open","ping_status":"closed","template":"","meta":[],"product_brand":[],"product_cat":[62,55,56],"product_tag":[84],"class_list":{"0":"post-7584","1":"product","2":"type-product","3":"status-publish","4":"has-post-thumbnail","6":"product_cat-black-bubble-slides","7":"product_cat-flip-flops-slides-for-women","8":"product_cat-flip-flops-slides-for-men","9":"product_tag-bubble-slides","11":"first","12":"instock","13":"sale","14":"shipping-taxable","15":"purchasable","16":"product-type-variable","17":"has-default-attributes"},"_links":{"self":[{"href":"https:\/\/bubbleslides.us\/de\/wp-json\/wp\/v2\/product\/7584","targetHints":{"allow":["GET"]}}],"collection":[{"href":"https:\/\/bubbleslides.us\/de\/wp-json\/wp\/v2\/product"}],"about":[{"href":"https:\/\/bubbleslides.us\/de\/wp-json\/wp\/v2\/types\/product"}],"replies":[{"embeddable":true,"href":"https:\/\/bubbleslides.us\/de\/wp-json\/wp\/v2\/comments?post=7584"}],"wp:featuredmedia":[{"embeddable":true,"href":"https:\/\/bubbleslides.us\/de\/wp-json\/wp\/v2\/media\/7582"}],"wp:attachment":[{"href":"https:\/\/bubbleslides.us\/de\/wp-json\/wp\/v2\/media?parent=7584"}],"wp:term":[{"taxonomy":"product_brand","embeddable":true,"href":"https:\/\/bubbleslides.us\/de\/wp-json\/wp\/v2\/product_brand?post=7584"},{"taxonomy":"product_cat","embeddable":true,"href":"https:\/\/bubbleslides.us\/de\/wp-json\/wp\/v2\/product_cat?post=7584"},{"taxonomy":"product_tag","embeddable":true,"href":"https:\/\/bubbleslides.us\/de\/wp-json\/wp\/v2\/product_tag?post=7584"}],"curies":[{"name":"wp","href":"https:\/\/api.w.org\/{rel}","templated":true}]}}